{"id":22705,"date":"2021-09-06T15:09:34","date_gmt":"2021-09-06T13:09:34","guid":{"rendered":"https:\/\/ecosave.com\/rueckerstattungs-und-rueckgaberecht\/"},"modified":"2023-10-31T16:06:41","modified_gmt":"2023-10-31T15:06:41","slug":"rueckerstattungs-und-rueckgaberecht","status":"publish","type":"page","link":"https:\/\/ecosave.com\/de\/rueckerstattungs-und-rueckgaberecht\/","title":{"rendered":"R\u00fcckerstattungs- und R\u00fcckgaberecht"},"content":{"rendered":"\n<p><strong>Kehrt zur\u00fcck<\/strong><\/p>\n\n\n\n<p>Unsere Produkte k\u00f6nnen innerhalb von 14 Tagen nach dem Kaufdatum zur\u00fcckgegeben werden, sofern sie unbenutzt und unbesch\u00e4digt in der Originalverpackung zur\u00fcckgegeben werden k\u00f6nnen. <strong>Passt auf!<\/strong> Es gibt mehrere Produkte, die nicht zur\u00fcckgegeben werden k\u00f6nnen. Ein Beispiel hierf\u00fcr sind Sonderanfertigungen.<\/p>\n\n\n\n<p><strong>R\u00fccksendung von Produkten<\/strong><\/p>\n\n\n\n<p>Wenn Sie die oben beschriebenen Voraussetzungen erf\u00fcllen, k\u00f6nnen Sie das Produkt an die folgende Adresse zur\u00fccksenden.<\/p>\n\n\n\n<p>Ecosave B.V<\/p>\n\n\n\n<p>Noorderbaan 25<\/p>\n\n\n\n<p>8256PP Biddinghuizen<\/p>\n\n\n\n<p>Bevor Sie Ihr Produkt zur\u00fccksenden, m\u00f6chten wir von Ihnen eine E-Mail mit Ihrer Bestellnummer erhalten.<\/p>\n\n\n\n<p>Sie sind f\u00fcr die Kosten der zur\u00fcckgegebenen Produkte verantwortlich und stellen sicher, dass sie ordnungsgem\u00e4\u00df gesendet und empfangen werden.<strong><\/strong><\/p>\n\n\n\n<p><strong>Erstattung<\/strong><\/p>\n\n\n\n<p>Wenn Sie Ihr zur\u00fcckgegebenes Produkt erhalten haben, wird es \u00fcberpr\u00fcft. Wenn das Produkt die oben genannten Anforderungen erf\u00fcllt, erstatten wir Ihnen Ihren Kaufbetrag abz\u00fcglich der Versandkosten innerhalb von 30 Tagen.<\/p>\n\n\n\n<p>Wenn Sie nach 30 Tagen immer noch nicht auf Ihrem angegebenen Zahlungskonto sind, kontaktieren Sie uns bitte.<\/p>\n\n\n\n<p><strong>Sie haben Fragen oder ben\u00f6tigen Hilfe?<\/strong><\/p>\n\n\n\n<p>F\u00fchlen Sie sich frei uns zu kontaktieren.<\/p>\n\n\n\n<p>Per Mail und Telefon sind wir erreichbar unter:<\/p>\n\n\n\n<p>Mo-Fr 09:00 bis 17:00 Uhr<\/p>\n","protected":false},"excerpt":{"rendered":"<p>Kehrt zur\u00fcck Unsere Produkte k\u00f6nnen innerhalb von 14 Tagen nach dem Kaufdatum zur\u00fcckgegeben werden, sofern sie unbenutzt und unbesch\u00e4digt in der Originalverpackung zur\u00fcckgegeben werden k\u00f6nnen. Passt auf! Es gibt mehrere Produkte, die nicht zur\u00fcckgegeben werden k\u00f6nnen. Ein Beispiel hierf\u00fcr sind Sonderanfertigungen. R\u00fccksendung von Produkten Wenn Sie die oben beschriebenen Voraussetzungen erf\u00fcllen, k\u00f6nnen Sie das Produkt [&hellip;]<\/p>\n","protected":false},"author":1,"featured_media":0,"parent":0,"menu_order":0,"comment_status":"closed","ping_status":"closed","template":"","meta":{"_acf_changed":false,"site-sidebar-layout":"no-sidebar","site-content-layout":"boxed-container","ast-site-content-layout":"default","site-content-style":"default","site-sidebar-style":"default","ast-global-header-display":"","ast-banner-title-visibility":"","ast-main-header-display":"","ast-hfb-above-header-display":"","ast-hfb-below-header-display":"","ast-hfb-mobile-header-display":"","site-post-title":"","ast-breadcrumbs-content":"","ast-featured-img":"","footer-sml-layout":"","ast-disable-related-posts":"","theme-transparent-header-meta":"default","adv-header-id-meta":"","stick-header-meta":"","header-above-stick-meta":"","header-main-stick-meta":"","header-below-stick-meta":"","astra-migrate-meta-layouts":"set","ast-page-background-enabled":"default","ast-page-background-meta":{"desktop":{"background-color":"","background-image":"","background-repeat":"repeat","background-position":"center center","background-size":"auto","background-attachment":"scroll","background-type":"","background-media":"","overlay-type":"","overlay-color":"","overlay-opacity":"","overlay-gradient":""},"tablet":{"background-color":"","background-image":"","background-repeat":"repeat","background-position":"center center","background-size":"auto","background-attachment":"scroll","background-type":"","background-media":"","overlay-type":"","overlay-color":"","overlay-opacity":"","overlay-gradient":""},"mobile":{"background-color":"","background-image":"","background-repeat":"repeat","background-position":"center center","background-size":"auto","background-attachment":"scroll","background-type":"","background-media":"","overlay-type":"","overlay-color":"","overlay-opacity":"","overlay-gradient":""}},"ast-content-background-meta":{"desktop":{"background-color":"var(--ast-global-color-5)","background-image":"","background-repeat":"repeat","background-position":"center center","background-size":"auto","background-attachment":"scroll","background-type":"","background-media":"","overlay-type":"","overlay-color":"","overlay-opacity":"","overlay-gradient":""},"tablet":{"background-color":"var(--ast-global-color-5)","background-image":"","background-repeat":"repeat","background-position":"center center","background-size":"auto","background-attachment":"scroll","background-type":"","background-media":"","overlay-type":"","overlay-color":"","overlay-opacity":"","overlay-gradient":""},"mobile":{"background-color":"var(--ast-global-color-5)","background-image":"","background-repeat":"repeat","background-position":"center center","background-size":"auto","background-attachment":"scroll","background-type":"","background-media":"","overlay-type":"","overlay-color":"","overlay-opacity":"","overlay-gradient":""}},"footnotes":""},"class_list":["post-22705","page","type-page","status-publish","hentry"],"acf":[],"_links":{"self":[{"href":"https:\/\/ecosave.com\/de\/wp-json\/wp\/v2\/pages\/22705","targetHints":{"allow":["GET"]}}],"collection":[{"href":"https:\/\/ecosave.com\/de\/wp-json\/wp\/v2\/pages"}],"about":[{"href":"https:\/\/ecosave.com\/de\/wp-json\/wp\/v2\/types\/page"}],"author":[{"embeddable":true,"href":"https:\/\/ecosave.com\/de\/wp-json\/wp\/v2\/users\/1"}],"replies":[{"embeddable":true,"href":"https:\/\/ecosave.com\/de\/wp-json\/wp\/v2\/comments?post=22705"}],"version-history":[{"count":1,"href":"https:\/\/ecosave.com\/de\/wp-json\/wp\/v2\/pages\/22705\/revisions"}],"predecessor-version":[{"id":61602,"href":"https:\/\/ecosave.com\/de\/wp-json\/wp\/v2\/pages\/22705\/revisions\/61602"}],"wp:attachment":[{"href":"https:\/\/ecosave.com\/de\/wp-json\/wp\/v2\/media?parent=22705"}],"curies":[{"name":"wp","href":"https:\/\/api.w.org\/{rel}","templated":true}]}}