{"id":23496,"date":"2020-04-23T14:02:07","date_gmt":"2020-04-23T12:02:07","guid":{"rendered":"https:\/\/ecosave.com\/regenwasser-zu-trinkwasser-filtern\/"},"modified":"2023-10-31T15:59:05","modified_gmt":"2023-10-31T14:59:05","slug":"regenwasser-zu-trinkwasser-filtern","status":"publish","type":"page","link":"https:\/\/ecosave.com\/de\/regenwasser-zu-trinkwasser-filtern\/","title":{"rendered":"Regenwasser zu Trinkwasser filtern"},"content":{"rendered":"\t\t<div data-elementor-type=\"wp-page\" data-elementor-id=\"23496\" class=\"elementor elementor-23496 elementor-14096\" data-elementor-post-type=\"page\">\n\t\t\t\t\t\t<section class=\"elementor-section elementor-top-section elementor-element elementor-element-7db9998 elementor-section-full_width elementor-section-height-min-height elementor-section-height-default elementor-section-items-middle\" data-id=\"7db9998\" data-element_type=\"section\" data-e-type=\"section\" data-settings=\"{&quot;background_background&quot;:&quot;classic&quot;}\">\n\t\t\t\t\t\t<div class=\"elementor-container elementor-column-gap-default\">\n\t\t\t\t\t<div class=\"elementor-column elementor-col-100 elementor-top-column elementor-element elementor-element-768423a\" data-id=\"768423a\" data-element_type=\"column\" data-e-type=\"column\">\n\t\t\t<div class=\"elementor-widget-wrap elementor-element-populated\">\n\t\t\t\t\t\t<div class=\"elementor-element elementor-element-84bb55c elementor-widget elementor-widget-heading\" data-id=\"84bb55c\" data-element_type=\"widget\" data-e-type=\"widget\" data-widget_type=\"heading.default\">\n\t\t\t\t<div class=\"elementor-widget-container\">\n\t\t\t\t\t<h1 class=\"elementor-heading-title elementor-size-xxl\">Regenwasser zu Trinkwasser filtern<\/h1>\t\t\t\t<\/div>\n\t\t\t\t<\/div>\n\t\t\t\t\t<\/div>\n\t\t<\/div>\n\t\t\t\t\t<\/div>\n\t\t<\/section>\n\t\t\t\t<section class=\"elementor-section elementor-top-section elementor-element elementor-element-3029e91 elementor-section-boxed elementor-section-height-default elementor-section-height-default\" data-id=\"3029e91\" data-element_type=\"section\" data-e-type=\"section\">\n\t\t\t\t\t\t<div class=\"elementor-container elementor-column-gap-default\">\n\t\t\t\t\t<div class=\"elementor-column elementor-col-50 elementor-top-column elementor-element elementor-element-5c21221\" data-id=\"5c21221\" data-element_type=\"column\" data-e-type=\"column\">\n\t\t\t<div class=\"elementor-widget-wrap elementor-element-populated\">\n\t\t\t\t\t\t<div class=\"elementor-element elementor-element-649a93f elementor-widget elementor-widget-heading\" data-id=\"649a93f\" data-element_type=\"widget\" data-e-type=\"widget\" data-widget_type=\"heading.default\">\n\t\t\t\t<div class=\"elementor-widget-container\">\n\t\t\t\t\t<h2 class=\"elementor-heading-title elementor-size-default\">Wunderbar weiches und sicheres Bade- und Duschwasser<\/h2>\t\t\t\t<\/div>\n\t\t\t\t<\/div>\n\t\t\t\t<div class=\"elementor-element elementor-element-5479bbc elementor-widget elementor-widget-text-editor\" data-id=\"5479bbc\" data-element_type=\"widget\" data-e-type=\"widget\" data-widget_type=\"text-editor.default\">\n\t\t\t\t<div class=\"elementor-widget-container\">\n\t\t\t\t\t\t\t\t\t<p>Was w\u00e4re, wenn es eine M\u00f6glichkeit g\u00e4be, <span style=\"text-decoration: underline;\">Regenwasser<\/span> \/ <span style=\"text-decoration: underline;\">Regenwasser<\/span> nicht nur zum Bew\u00e4ssern Ihres Gartens zu verwenden, sondern auch nur zum Duschen oder Trinken mit diesem Wasser, w\u00e4re das nicht sch\u00f6n?<\/p><p>Was ist, wenn ich dir sage, dass es m\u00f6glich ist?<\/p><p><span style=\"text-decoration: underline;\">Sammeln Sie Regenwasser<\/span> , um eine sch\u00f6ne Dusche zu nehmen oder sogar in der Badewanne zu sitzen.<\/p><p><strong>Aber ist das wegen der vielen Bakterien nicht schlecht f\u00fcr dich?<\/strong><\/p><p><em>Nein, Regenwasser selbst ist offiziell reines Wasser, also schadstoff- und kalkfrei. In dem Moment, in dem es auf den Boden trifft, wird es mit Bakterien und Mineralien \u201everschmutzt\u201c. <\/em><\/p><p>Das Mikrofiltrationssystem von Ecosave mit Membranfilter ist ein gutes Reinigungssystem und bietet eine einfache und sichere M\u00f6glichkeit, gesammeltes <span style=\"text-decoration: underline;\">Regenwasser \/ Regenwasser<\/span> in sauberes Dusch- \/ Bade- und sogar Trinkwasser zu filtern.<\/p>\t\t\t\t\t\t\t\t<\/div>\n\t\t\t\t<\/div>\n\t\t\t\t\t<\/div>\n\t\t<\/div>\n\t\t\t\t<div class=\"elementor-column elementor-col-50 elementor-top-column elementor-element elementor-element-b62a518\" data-id=\"b62a518\" data-element_type=\"column\" data-e-type=\"column\">\n\t\t\t<div class=\"elementor-widget-wrap elementor-element-populated\">\n\t\t\t\t\t\t<div class=\"elementor-element elementor-element-19360df elementor-widget elementor-widget-image\" data-id=\"19360df\" data-element_type=\"widget\" data-e-type=\"widget\" data-widget_type=\"image.default\">\n\t\t\t\t<div class=\"elementor-widget-container\">\n\t\t\t\t\t\t\t\t\t\t\t\t\t\t\t<img fetchpriority=\"high\" decoding=\"async\" width=\"1024\" height=\"1024\" src=\"https:\/\/ecosave.com\/wp-content\/uploads\/2022\/12\/5-fasen-microfiltratie-1024x1024.jpg\" class=\"attachment-large size-large wp-image-56740\" alt=\"\" srcset=\"https:\/\/ecosave.com\/wp-content\/uploads\/2022\/12\/5-fasen-microfiltratie.jpg 1024w, https:\/\/ecosave.com\/wp-content\/uploads\/2022\/12\/5-fasen-microfiltratie-300x300.jpg 300w, https:\/\/ecosave.com\/wp-content\/uploads\/2022\/12\/5-fasen-microfiltratie-150x150.jpg 150w, https:\/\/ecosave.com\/wp-content\/uploads\/2022\/12\/5-fasen-microfiltratie-768x768.jpg 768w, https:\/\/ecosave.com\/wp-content\/uploads\/2022\/12\/5-fasen-microfiltratie-600x600.jpg 600w, https:\/\/ecosave.com\/wp-content\/uploads\/2022\/12\/5-fasen-microfiltratie-100x100.jpg 100w, https:\/\/ecosave.com\/wp-content\/uploads\/2022\/12\/5-fasen-microfiltratie-64x64.jpg 64w\" sizes=\"(max-width: 1024px) 100vw, 1024px\">\t\t\t\t\t\t\t\t\t\t\t\t\t\t\t<\/div>\n\t\t\t\t<\/div>\n\t\t\t\t\t<\/div>\n\t\t<\/div>\n\t\t\t\t\t<\/div>\n\t\t<\/section>\n\t\t\t\t<section class=\"elementor-section elementor-top-section elementor-element elementor-element-904cab0 elementor-section-boxed elementor-section-height-default elementor-section-height-default\" data-id=\"904cab0\" data-element_type=\"section\" data-e-type=\"section\">\n\t\t\t\t\t\t<div class=\"elementor-container elementor-column-gap-default\">\n\t\t\t\t\t<div class=\"elementor-column elementor-col-50 elementor-top-column elementor-element elementor-element-65b3378\" data-id=\"65b3378\" data-element_type=\"column\" data-e-type=\"column\">\n\t\t\t<div class=\"elementor-widget-wrap elementor-element-populated\">\n\t\t\t\t\t\t<div class=\"elementor-element elementor-element-b68fd56 elementor-widget elementor-widget-image\" data-id=\"b68fd56\" data-element_type=\"widget\" data-e-type=\"widget\" data-widget_type=\"image.default\">\n\t\t\t\t<div class=\"elementor-widget-container\">\n\t\t\t\t\t\t\t\t\t\t\t\t\t\t\t<img decoding=\"async\" width=\"768\" height=\"1024\" src=\"https:\/\/ecosave.com\/wp-content\/uploads\/2022\/12\/Micro-filtratie-systeem-Basic-Plus-met-membraam.jpg\" class=\"attachment-full size-full wp-image-56759\" alt=\"\" srcset=\"https:\/\/ecosave.com\/wp-content\/uploads\/2022\/12\/Micro-filtratie-systeem-Basic-Plus-met-membraam.jpg 768w, https:\/\/ecosave.com\/wp-content\/uploads\/2022\/12\/Micro-filtratie-systeem-Basic-Plus-met-membraam-225x300.jpg 225w, https:\/\/ecosave.com\/wp-content\/uploads\/2022\/12\/Micro-filtratie-systeem-Basic-Plus-met-membraam-600x800.jpg 600w, https:\/\/ecosave.com\/wp-content\/uploads\/2022\/12\/Micro-filtratie-systeem-Basic-Plus-met-membraam-64x85.jpg 64w\" sizes=\"(max-width: 768px) 100vw, 768px\">\t\t\t\t\t\t\t\t\t\t\t\t\t\t\t<\/div>\n\t\t\t\t<\/div>\n\t\t\t\t\t<\/div>\n\t\t<\/div>\n\t\t\t\t<div class=\"elementor-column elementor-col-50 elementor-top-column elementor-element elementor-element-561a88a\" data-id=\"561a88a\" data-element_type=\"column\" data-e-type=\"column\">\n\t\t\t<div class=\"elementor-widget-wrap elementor-element-populated\">\n\t\t\t\t\t\t<div class=\"elementor-element elementor-element-684171d elementor-widget elementor-widget-heading\" data-id=\"684171d\" data-element_type=\"widget\" data-e-type=\"widget\" data-widget_type=\"heading.default\">\n\t\t\t\t<div class=\"elementor-widget-container\">\n\t\t\t\t\t<h2 class=\"elementor-heading-title elementor-size-default\">Der Membranfilter und wie er funktioniert<\/h2>\t\t\t\t<\/div>\n\t\t\t\t<\/div>\n\t\t\t\t<div class=\"elementor-element elementor-element-edf44a3 elementor-widget elementor-widget-text-editor\" data-id=\"edf44a3\" data-element_type=\"widget\" data-e-type=\"widget\" data-widget_type=\"text-editor.default\">\n\t\t\t\t<div class=\"elementor-widget-container\">\n\t\t\t\t\t\t\t\t\t<p>Mit diesem Filter k\u00f6nnen Sie viele Konzentrationen von sch\u00e4dlichen Substanzen reinigen. Der Filter reinigt das <span style=\"text-decoration: underline;\">Regenwasser<\/span> auf eine Feinheit von 0,02 mcr. <\/p><p>Hier werden nicht nur kleinste Staubpartikel entfernt, sondern auch Bakterien wie Legionellen, E-Coli, Pseudomonas und Protozoen.<\/p>\t\t\t\t\t\t\t\t<\/div>\n\t\t\t\t<\/div>\n\t\t\t\t<div class=\"elementor-element elementor-element-932f9c5 elementor-widget elementor-widget-text-editor\" data-id=\"932f9c5\" data-element_type=\"widget\" data-e-type=\"widget\" data-widget_type=\"text-editor.default\">\n\t\t\t\t<div class=\"elementor-widget-container\">\n\t\t\t\t\t\t\t\t\t<p>Die Funktionsweise der <span style=\"text-decoration: underline;\">5 Filter<\/span> ist wie folgt;<\/p><ul><li><span><strong style=\"font-size: 15px;\">Schritt 1<\/strong> <span style=\"font-size: 15px;\">:<\/span> <span style=\"text-decoration: underline;\">Der &#8218;Backwash&#8216;-Filter<\/span> <span style=\"font-size: 15px;\">filtert die gr\u00f6bsten Substanzen wie Sand, Rost usw. heraus. L\u00e4sst sich leicht aussp\u00fclen, indem der Hahn unter dem Filter ge\u00f6ffnet wird (Eimer darunter).<\/span> <\/span><\/li><li><span style=\"font-size: 15px;\"><strong>Schritt 2:<\/strong><\/span> <span style=\"font-size: 15px;\"><span style=\"text-decoration: underline;\">Der gewebte 25-Mikron-Staubfilter.<\/span> Es reinigt das Wasser von noch kleineren Partikeln.<\/span> <\/li><li><strong>Schritt 3:<\/strong> <span style=\"text-decoration: underline;\">der 10-Mikron-Aktivkohlefilter<\/span> . Die darin enthaltene Aktivkohle entfernt viele verschiedene (m\u00f6glicherweise sch\u00e4dliche) Partikel\/Stoffe aus dem Wasser und auch jeglichen Geruch und Geschmack des Wassers. <\/li><li><strong><span style=\"text-decoration: underline;\">Schritt 4:<\/span><\/strong> der <span style=\"text-decoration: underline;\">5-Mikron-Feinfilter<\/span> , noch feinerer Filter. Dadurch wird das Wasser von sehr kleinen Schmutzpartikeln gereinigt, wodurch das Wasser sch\u00f6n und klar aussieht. Jetzt ist es auch schon dusch- und waschmaschinentauglich. Hier k\u00f6nnen Sie ein T-St\u00fcck platzieren, 1. zu Dusche und Waschmaschine 2. zur K\u00fcche oder 5. Membranfilter. &#8211;  <\/li><li><strong>5. Schritt:<\/strong> <span style=\"text-decoration: underline;\">der Kohle-\/Membranfilter<\/span> <span style=\"text-decoration: underline;\">0,02 Mikron<\/span> . der das Wasser nicht nur von Feinsedimenten, sondern auch von Chlor und anderen Stoffen und Bakterien wie Legionellen reinigt. Trinkwassergarantie! Ohne zus\u00e4tzliche Energie, keine UV-Lampe mehr n\u00f6tig!<\/li><\/ul>\t\t\t\t\t\t\t\t<\/div>\n\t\t\t\t<\/div>\n\t\t\t\t\t<\/div>\n\t\t<\/div>\n\t\t\t\t\t<\/div>\n\t\t<\/section>\n\t\t\t\t<section class=\"elementor-section elementor-top-section elementor-element elementor-element-aeb842e elementor-section-boxed elementor-section-height-default elementor-section-height-default\" data-id=\"aeb842e\" data-element_type=\"section\" data-e-type=\"section\">\n\t\t\t\t\t\t<div class=\"elementor-container elementor-column-gap-default\">\n\t\t\t\t\t<div class=\"elementor-column elementor-col-50 elementor-top-column elementor-element elementor-element-26a5913\" data-id=\"26a5913\" data-element_type=\"column\" data-e-type=\"column\">\n\t\t\t<div class=\"elementor-widget-wrap elementor-element-populated\">\n\t\t\t\t\t\t<div class=\"elementor-element elementor-element-304bb0f elementor-widget elementor-widget-heading\" data-id=\"304bb0f\" data-element_type=\"widget\" data-e-type=\"widget\" data-widget_type=\"heading.default\">\n\t\t\t\t<div class=\"elementor-widget-container\">\n\t\t\t\t\t<h2 class=\"elementor-heading-title elementor-size-default\">Kostenersparnis mit Regenwasser<\/h2>\t\t\t\t<\/div>\n\t\t\t\t<\/div>\n\t\t\t\t<div class=\"elementor-element elementor-element-17a32c4 elementor-widget elementor-widget-text-editor\" data-id=\"17a32c4\" data-element_type=\"widget\" data-e-type=\"widget\" data-widget_type=\"text-editor.default\">\n\t\t\t\t<div class=\"elementor-widget-container\">\n\t\t\t\t\t\t\t\t\t<p>Mit <span style=\"text-decoration: underline;\">Regenwasser \/ Regenwasser<\/span> und diesem 5-Phasen-Mikrofiltersystem von Ecosave k\u00f6nnen Sie das Wasser f\u00fcr verschiedene Dinge im Haus oder Garten verwenden. So <strong>sparen<\/strong> Sie bis zu <strong>100 %<\/strong> Leitungs-\/Trinkwasser, bald 45.000 l pro Person und Jahr. Sie k\u00f6nnen im Durchschnitt etwa 135 \u20ac pro Person\/Jahr sparen, ist das nicht toll?&#8230;&#8230;. <\/p><p>Es wird auch in netzunabh\u00e4ngigen Tiny Houses verwendet. Achten Sie darauf, dass das Regenwasser \/ der Regenwassertank gro\u00df genug ist, mindestens 1500L pro Person, dann k\u00f6nnen Sie eine Trockenperiode \u00fcberbr\u00fccken. <\/p>\t\t\t\t\t\t\t\t<\/div>\n\t\t\t\t<\/div>\n\t\t\t\t\t<\/div>\n\t\t<\/div>\n\t\t\t\t<div class=\"elementor-column elementor-col-50 elementor-top-column elementor-element elementor-element-c7983e3\" data-id=\"c7983e3\" data-element_type=\"column\" data-e-type=\"column\">\n\t\t\t<div class=\"elementor-widget-wrap elementor-element-populated\">\n\t\t\t\t\t\t<div class=\"elementor-element elementor-element-64054dc elementor-widget elementor-widget-image\" data-id=\"64054dc\" data-element_type=\"widget\" data-e-type=\"widget\" data-widget_type=\"image.default\">\n\t\t\t\t<div class=\"elementor-widget-container\">\n\t\t\t\t\t\t\t\t\t\t\t\t\t\t\t<img decoding=\"async\" width=\"234\" height=\"216\" src=\"https:\/\/ecosave.com\/wp-content\/uploads\/2020\/04\/waterbesparing.png\" class=\"attachment-large size-large wp-image-40141\" alt=\"\" srcset=\"https:\/\/ecosave.com\/wp-content\/uploads\/2020\/04\/waterbesparing.png 234w, https:\/\/ecosave.com\/wp-content\/uploads\/2020\/04\/waterbesparing-64x59.png 64w\" sizes=\"(max-width: 234px) 100vw, 234px\">\t\t\t\t\t\t\t\t\t\t\t\t\t\t\t<\/div>\n\t\t\t\t<\/div>\n\t\t\t\t\t<\/div>\n\t\t<\/div>\n\t\t\t\t\t<\/div>\n\t\t<\/section>\n\t\t\t\t<section class=\"elementor-section elementor-top-section elementor-element elementor-element-9ebcab3 elementor-section-boxed elementor-section-height-default elementor-section-height-default\" data-id=\"9ebcab3\" data-element_type=\"section\" data-e-type=\"section\">\n\t\t\t\t\t\t<div class=\"elementor-container elementor-column-gap-default\">\n\t\t\t\t\t<div class=\"elementor-column elementor-col-50 elementor-top-column elementor-element elementor-element-4c0b6e3\" data-id=\"4c0b6e3\" data-element_type=\"column\" data-e-type=\"column\">\n\t\t\t<div class=\"elementor-widget-wrap elementor-element-populated\">\n\t\t\t\t\t\t<div class=\"elementor-element elementor-element-9f59c95 elementor-widget elementor-widget-image\" data-id=\"9f59c95\" data-element_type=\"widget\" data-e-type=\"widget\" data-widget_type=\"image.default\">\n\t\t\t\t<div class=\"elementor-widget-container\">\n\t\t\t\t\t\t\t\t\t\t\t\t\t\t\t<img loading=\"lazy\" decoding=\"async\" width=\"150\" height=\"150\" src=\"https:\/\/ecosave.com\/wp-content\/uploads\/2020\/04\/download-4.jpeg\" class=\"attachment-full size-full wp-image-40176\" alt=\"\" srcset=\"https:\/\/ecosave.com\/wp-content\/uploads\/2020\/04\/download-4.jpeg 150w, https:\/\/ecosave.com\/wp-content\/uploads\/2020\/04\/download-4-100x100.jpeg 100w, https:\/\/ecosave.com\/wp-content\/uploads\/2020\/04\/download-4-64x64.jpeg 64w\" sizes=\"(max-width: 150px) 100vw, 150px\">\t\t\t\t\t\t\t\t\t\t\t\t\t\t\t<\/div>\n\t\t\t\t<\/div>\n\t\t\t\t\t<\/div>\n\t\t<\/div>\n\t\t\t\t<div class=\"elementor-column elementor-col-50 elementor-top-column elementor-element elementor-element-0ef16dd\" data-id=\"0ef16dd\" data-element_type=\"column\" data-e-type=\"column\">\n\t\t\t<div class=\"elementor-widget-wrap elementor-element-populated\">\n\t\t\t\t\t\t<div class=\"elementor-element elementor-element-d40b7f2 elementor-widget elementor-widget-heading\" data-id=\"d40b7f2\" data-element_type=\"widget\" data-e-type=\"widget\" data-widget_type=\"heading.default\">\n\t\t\t\t<div class=\"elementor-widget-container\">\n\t\t\t\t\t<h2 class=\"elementor-heading-title elementor-size-default\">Wie lange halten diese Filter?<\/h2>\t\t\t\t<\/div>\n\t\t\t\t<\/div>\n\t\t\t\t<div class=\"elementor-element elementor-element-a1e677f elementor-widget elementor-widget-text-editor\" data-id=\"a1e677f\" data-element_type=\"widget\" data-e-type=\"widget\" data-widget_type=\"text-editor.default\">\n\t\t\t\t<div class=\"elementor-widget-container\">\n\t\t\t\t\t\t\t\t\t<p>Es gibt keine eindeutige Antwort darauf, wann sie auslaufen werden. Es h\u00e4ngt davon ab, wie stark die Wasserversorgung verschmutzt ist. Deshalb werden die Filter mit durchscheinenden Geh\u00e4usen geliefert, damit Sie immer im Auge behalten k\u00f6nnen, wie schlecht die Filter aussehen.<\/p><p>Im Durchschnitt halten sie etwa 10.000 Liter, bei sehr sauberem Regenwasser k\u00f6nnen es aber auch 25.000 Liter sein. Filter sind kosteng\u00fcnstig und k\u00f6nnen online auf der Website Ecosave.com bestellt werden.<\/p><p><strong>Kann man es selbst reinigen oder muss man es ersetzen?<\/strong><\/p><p><em>Sie k\u00f6nnen die Filter beim 1. x selbst reinigen, indem Sie sie aussp\u00fclen oder einen Scheuerschwamm und warmes Wasser verwenden. Aber wenn der Filter nach der Reinigung nicht mehr funktioniert, bestellen Sie trotzdem einen neuen Filter.<\/em><\/p>\t\t\t\t\t\t\t\t<\/div>\n\t\t\t\t<\/div>\n\t\t\t\t\t<\/div>\n\t\t<\/div>\n\t\t\t\t\t<\/div>\n\t\t<\/section>\n\t\t\t\t<section class=\"elementor-section elementor-top-section elementor-element elementor-element-787fdc1 elementor-section-boxed elementor-section-height-default elementor-section-height-default\" data-id=\"787fdc1\" data-element_type=\"section\" data-e-type=\"section\">\n\t\t\t\t\t\t<div class=\"elementor-container elementor-column-gap-default\">\n\t\t\t\t\t<div class=\"elementor-column elementor-col-100 elementor-top-column elementor-element elementor-element-659559b\" data-id=\"659559b\" data-element_type=\"column\" data-e-type=\"column\">\n\t\t\t<div class=\"elementor-widget-wrap elementor-element-populated\">\n\t\t\t\t\t\t<div class=\"elementor-element elementor-element-f2e75b2 elementor-button-success elementor-align-center elementor-widget elementor-widget-button\" data-id=\"f2e75b2\" data-element_type=\"widget\" data-e-type=\"widget\" data-widget_type=\"button.default\">\n\t\t\t\t<div class=\"elementor-widget-container\">\n\t\t\t\t\t\t\t\t\t<div class=\"elementor-button-wrapper\">\n\t\t\t\t\t<a class=\"elementor-button elementor-button-link elementor-size-sm\" href=\"https:\/\/ecosave.com\/product-categorie\/regenwater\/\">\n\t\t\t\t\t\t<span class=\"elementor-button-content-wrapper\">\n\t\t\t\t\t\t\t\t\t<span class=\"elementor-button-text\">Gehe zum Laden<\/span>\n\t\t\t\t\t<\/span>\n\t\t\t\t\t<\/a>\n\t\t\t\t<\/div>\n\t\t\t\t\t\t\t\t<\/div>\n\t\t\t\t<\/div>\n\t\t\t\t<div class=\"elementor-element elementor-element-a4324f0 elementor-hidden-phone elementor-widget elementor-widget-video\" data-id=\"a4324f0\" data-element_type=\"widget\" data-e-type=\"widget\" data-settings=\"{&quot;youtube_url&quot;:&quot;https:\\\/\\\/youtu.be\\\/h1eJ80lOE3o&quot;,&quot;loop&quot;:&quot;yes&quot;,&quot;lazy_load&quot;:&quot;yes&quot;,&quot;video_type&quot;:&quot;youtube&quot;}\" data-widget_type=\"video.default\">\n\t\t\t\t<div class=\"elementor-widget-container\">\n\t\t\t\t\t\t\t<div class=\"elementor-wrapper elementor-open-inline\">\n\t\t\t<div class=\"elementor-video\"><\/div>\t\t<\/div>\n\t\t\t\t\t\t<\/div>\n\t\t\t\t<\/div>\n\t\t\t\t\t<\/div>\n\t\t<\/div>\n\t\t\t\t\t<\/div>\n\t\t<\/section>\n\t\t\t\t<section class=\"elementor-section elementor-top-section elementor-element elementor-element-1f4befa elementor-section-boxed elementor-section-height-default elementor-section-height-default\" data-id=\"1f4befa\" data-element_type=\"section\" data-e-type=\"section\">\n\t\t\t\t\t\t<div class=\"elementor-container elementor-column-gap-default\">\n\t\t\t\t\t<div class=\"elementor-column elementor-col-100 elementor-top-column elementor-element elementor-element-4b38cf5\" data-id=\"4b38cf5\" data-element_type=\"column\" data-e-type=\"column\">\n\t\t\t<div class=\"elementor-widget-wrap elementor-element-populated\">\n\t\t\t\t\t\t<div class=\"elementor-element elementor-element-8738afa elementor-hidden-phone elementor-widget elementor-widget-spacer\" data-id=\"8738afa\" data-element_type=\"widget\" data-e-type=\"widget\" data-widget_type=\"spacer.default\">\n\t\t\t\t<div class=\"elementor-widget-container\">\n\t\t\t\t\t\t\t<div class=\"elementor-spacer\">\n\t\t\t<div class=\"elementor-spacer-inner\"><\/div>\n\t\t<\/div>\n\t\t\t\t\t\t<\/div>\n\t\t\t\t<\/div>\n\t\t\t\t\t<\/div>\n\t\t<\/div>\n\t\t\t\t\t<\/div>\n\t\t<\/section>\n\t\t\t\t<\/div>\n\t\t","protected":false},"excerpt":{"rendered":"<p>Regenwasser zu Trinkwasser filtern Wunderbar weiches und sicheres Bade- und Duschwasser Was w\u00e4re, wenn es eine M\u00f6glichkeit g\u00e4be, Regenwasser \/ Regenwasser nicht nur zum Bew\u00e4ssern Ihres Gartens zu verwenden, sondern auch nur zum Duschen oder Trinken mit diesem Wasser, w\u00e4re das nicht sch\u00f6n? Was ist, wenn ich dir sage, dass es m\u00f6glich ist? Sammeln Sie [&hellip;]<\/p>\n","protected":false},"author":1,"featured_media":40306,"parent":0,"menu_order":0,"comment_status":"closed","ping_status":"closed","template":"","meta":{"_acf_changed":false,"site-sidebar-layout":"no-sidebar","site-content-layout":"page-builder","ast-site-content-layout":"full-width-container","site-content-style":"unboxed","site-sidebar-style":"unboxed","ast-global-header-display":"","ast-banner-title-visibility":"","ast-main-header-display":"","ast-hfb-above-header-display":"","ast-hfb-below-header-display":"","ast-hfb-mobile-header-display":"","site-post-title":"disabled","ast-breadcrumbs-content":"","ast-featured-img":"disabled","footer-sml-layout":"","ast-disable-related-posts":"","theme-transparent-header-meta":"default","adv-header-id-meta":"","stick-header-meta":"","header-above-stick-meta":"","header-main-stick-meta":"","header-below-stick-meta":"","astra-migrate-meta-layouts":"set","ast-page-background-enabled":"default","ast-page-background-meta":{"desktop":{"background-color":"","background-image":"","background-repeat":"repeat","background-position":"center center","background-size":"auto","background-attachment":"scroll","background-type":"","background-media":"","overlay-type":"","overlay-color":"","overlay-opacity":"","overlay-gradient":""},"tablet":{"background-color":"","background-image":"","background-repeat":"repeat","background-position":"center center","background-size":"auto","background-attachment":"scroll","background-type":"","background-media":"","overlay-type":"","overlay-color":"","overlay-opacity":"","overlay-gradient":""},"mobile":{"background-color":"","background-image":"","background-repeat":"repeat","background-position":"center center","background-size":"auto","background-attachment":"scroll","background-type":"","background-media":"","overlay-type":"","overlay-color":"","overlay-opacity":"","overlay-gradient":""}},"ast-content-background-meta":{"desktop":{"background-color":"var(--ast-global-color-5)","background-image":"","background-repeat":"repeat","background-position":"center center","background-size":"auto","background-attachment":"scroll","background-type":"","background-media":"","overlay-type":"","overlay-color":"","overlay-opacity":"","overlay-gradient":""},"tablet":{"background-color":"var(--ast-global-color-5)","background-image":"","background-repeat":"repeat","background-position":"center center","background-size":"auto","background-attachment":"scroll","background-type":"","background-media":"","overlay-type":"","overlay-color":"","overlay-opacity":"","overlay-gradient":""},"mobile":{"background-color":"var(--ast-global-color-5)","background-image":"","background-repeat":"repeat","background-position":"center center","background-size":"auto","background-attachment":"scroll","background-type":"","background-media":"","overlay-type":"","overlay-color":"","overlay-opacity":"","overlay-gradient":""}},"footnotes":""},"class_list":["post-23496","page","type-page","status-publish","has-post-thumbnail","hentry"],"acf":[],"_links":{"self":[{"href":"https:\/\/ecosave.com\/de\/wp-json\/wp\/v2\/pages\/23496","targetHints":{"allow":["GET"]}}],"collection":[{"href":"https:\/\/ecosave.com\/de\/wp-json\/wp\/v2\/pages"}],"about":[{"href":"https:\/\/ecosave.com\/de\/wp-json\/wp\/v2\/types\/page"}],"author":[{"embeddable":true,"href":"https:\/\/ecosave.com\/de\/wp-json\/wp\/v2\/users\/1"}],"replies":[{"embeddable":true,"href":"https:\/\/ecosave.com\/de\/wp-json\/wp\/v2\/comments?post=23496"}],"version-history":[{"count":12,"href":"https:\/\/ecosave.com\/de\/wp-json\/wp\/v2\/pages\/23496\/revisions"}],"predecessor-version":[{"id":61593,"href":"https:\/\/ecosave.com\/de\/wp-json\/wp\/v2\/pages\/23496\/revisions\/61593"}],"wp:featuredmedia":[{"embeddable":true,"href":"https:\/\/ecosave.com\/de\/wp-json\/wp\/v2\/media\/40306"}],"wp:attachment":[{"href":"https:\/\/ecosave.com\/de\/wp-json\/wp\/v2\/media?parent=23496"}],"curies":[{"name":"wp","href":"https:\/\/api.w.org\/{rel}","templated":true}]}}