{"id":24032,"date":"2022-03-21T11:55:49","date_gmt":"2022-03-21T10:55:49","guid":{"rendered":"https:\/\/ecosave.com\/regenwasser-auffangen\/"},"modified":"2023-10-31T15:58:10","modified_gmt":"2023-10-31T14:58:10","slug":"regenwasser-auffangen","status":"publish","type":"page","link":"https:\/\/ecosave.com\/de\/regenwasser-auffangen\/","title":{"rendered":"Regenwasser auffangen"},"content":{"rendered":"\t\t<div data-elementor-type=\"wp-page\" data-elementor-id=\"24032\" class=\"elementor elementor-24032 elementor-14252\" data-elementor-post-type=\"page\">\n\t\t\t\t\t\t<section class=\"elementor-section elementor-top-section elementor-element elementor-element-cab3fe7 elementor-section-height-min-height elementor-section-items-stretch elementor-section-boxed elementor-section-height-default\" data-id=\"cab3fe7\" data-element_type=\"section\" data-e-type=\"section\" data-settings=\"{&quot;background_background&quot;:&quot;classic&quot;}\">\n\t\t\t\t\t\t<div class=\"elementor-container elementor-column-gap-default\">\n\t\t\t\t\t<div class=\"elementor-column elementor-col-100 elementor-top-column elementor-element elementor-element-ac060e5\" data-id=\"ac060e5\" data-element_type=\"column\" data-e-type=\"column\">\n\t\t\t<div class=\"elementor-widget-wrap elementor-element-populated\">\n\t\t\t\t\t\t<div class=\"elementor-element elementor-element-d85db97 elementor-widget elementor-widget-spacer\" data-id=\"d85db97\" data-element_type=\"widget\" data-e-type=\"widget\" data-widget_type=\"spacer.default\">\n\t\t\t\t<div class=\"elementor-widget-container\">\n\t\t\t\t\t\t\t<div class=\"elementor-spacer\">\n\t\t\t<div class=\"elementor-spacer-inner\"><\/div>\n\t\t<\/div>\n\t\t\t\t\t\t<\/div>\n\t\t\t\t<\/div>\n\t\t\t\t<div class=\"elementor-element elementor-element-82ae877 elementor-widget elementor-widget-heading\" data-id=\"82ae877\" data-element_type=\"widget\" data-e-type=\"widget\" data-widget_type=\"heading.default\">\n\t\t\t\t<div class=\"elementor-widget-container\">\n\t\t\t\t\t<h2 class=\"elementor-heading-title elementor-size-xxl\">Sammlung von Regenwasser<\/h2>\t\t\t\t<\/div>\n\t\t\t\t<\/div>\n\t\t\t\t\t<\/div>\n\t\t<\/div>\n\t\t\t\t\t<\/div>\n\t\t<\/section>\n\t\t\t\t<section class=\"elementor-section elementor-top-section elementor-element elementor-element-1cb88c7 elementor-section-boxed elementor-section-height-default elementor-section-height-default\" data-id=\"1cb88c7\" data-element_type=\"section\" data-e-type=\"section\">\n\t\t\t\t\t\t<div class=\"elementor-container elementor-column-gap-default\">\n\t\t\t\t\t<div class=\"elementor-column elementor-col-100 elementor-top-column elementor-element elementor-element-fe0c9de\" data-id=\"fe0c9de\" data-element_type=\"column\" data-e-type=\"column\">\n\t\t\t<div class=\"elementor-widget-wrap elementor-element-populated\">\n\t\t\t\t\t\t<div class=\"elementor-element elementor-element-1a06792 elementor-widget elementor-widget-spacer\" data-id=\"1a06792\" data-element_type=\"widget\" data-e-type=\"widget\" data-widget_type=\"spacer.default\">\n\t\t\t\t<div class=\"elementor-widget-container\">\n\t\t\t\t\t\t\t<div class=\"elementor-spacer\">\n\t\t\t<div class=\"elementor-spacer-inner\"><\/div>\n\t\t<\/div>\n\t\t\t\t\t\t<\/div>\n\t\t\t\t<\/div>\n\t\t\t\t\t<\/div>\n\t\t<\/div>\n\t\t\t\t\t<\/div>\n\t\t<\/section>\n\t\t\t\t<section class=\"elementor-section elementor-top-section elementor-element elementor-element-d687b03 elementor-section-boxed elementor-section-height-default elementor-section-height-default\" data-id=\"d687b03\" data-element_type=\"section\" data-e-type=\"section\">\n\t\t\t\t\t\t<div class=\"elementor-container elementor-column-gap-default\">\n\t\t\t\t\t<div class=\"elementor-column elementor-col-100 elementor-top-column elementor-element elementor-element-beadf8f\" data-id=\"beadf8f\" data-element_type=\"column\" data-e-type=\"column\">\n\t\t\t<div class=\"elementor-widget-wrap elementor-element-populated\">\n\t\t\t\t\t\t<div class=\"elementor-element elementor-element-805853d elementor-widget elementor-widget-heading\" data-id=\"805853d\" data-element_type=\"widget\" data-e-type=\"widget\" data-widget_type=\"heading.default\">\n\t\t\t\t<div class=\"elementor-widget-container\">\n\t\t\t\t\t<h1 class=\"elementor-heading-title elementor-size-default\">Wasser\u2026. kommt vom Himmel!<\/h1>\t\t\t\t<\/div>\n\t\t\t\t<\/div>\n\t\t\t\t<div class=\"elementor-element elementor-element-d7cd9b7 elementor-widget elementor-widget-text-editor\" data-id=\"d7cd9b7\" data-element_type=\"widget\" data-e-type=\"widget\" data-widget_type=\"text-editor.default\">\n\t\t\t\t<div class=\"elementor-widget-container\">\n\t\t\t\t\t\t\t\t\t<p>Sauber und reichlich, mehr als 900 l pro m\u00b2 und Jahr. Also auf ein normales Haus ca. 90.000L pro Jahr, sauber, klar und kostenlos.<\/p><p> Er versorgt uns mit allem, was wir brauchen, in H\u00fclle und F\u00fclle, und die Quelle ist ewig. K\u00fcmmern Sie sich um das, was wir haben, um es an unsere Kinder und zuk\u00fcnftige Generationen weiterzugeben. Unsere Erde ist unser Zuhause! <strong>Wussten Sie, dass<\/strong> von den 1,4 Milliarden m\u00b3 Wasser auf der Erde 97 % aus Salzwasser (Ozeane) bestehen und nur 0,3 % nutzbares S\u00fc\u00dfwasser und der Rest Eis ist?<\/p><p>Wir k\u00f6nnen das Grundwasser, das wir jetzt nutzen, reinigen, aber das wird immer schwieriger, weil so viele chemische Stoffe darin landen, die nicht oder kaum entfernt werden k\u00f6nnen (zB Medikamentenr\u00fcckst\u00e4nde, Plastik etc.) sauberes Wasser aus dem Wasserhahn. In D\u00fcrreperioden (sowohl im Winter als auch im Sommer) geht das Grundwasser aufgrund der gro\u00dfen Mengen, die wir pro Person verbrauchen, zur Neige, das sind 136 Liter Wasser pro Tag! Die L\u00f6sung wird in der Reinigung von Oberfl\u00e4chenwasser durch gro\u00dfe Anlagen gesucht, die wiederum zus\u00e4tzliche Kosten verursachen. Vieles l\u00e4sst sich l\u00f6sen, wenn man Wasser klug einsetzt.<\/p><p><strong>Mit den folgenden Tipps und unseren Produkten sparen Sie 90 % bei gleichbleibendem Komfort!<\/strong> Aber vor allem: Gehen Sie sorgsam mit dem um, was wir haben, um es an unsere Kinder und zuk\u00fcnftige Generationen weiterzugeben!<\/p>\t\t\t\t\t\t\t\t<\/div>\n\t\t\t\t<\/div>\n\t\t\t\t\t<\/div>\n\t\t<\/div>\n\t\t\t\t\t<\/div>\n\t\t<\/section>\n\t\t\t\t<section class=\"elementor-section elementor-top-section elementor-element elementor-element-1c519c0 elementor-section-boxed elementor-section-height-default elementor-section-height-default\" data-id=\"1c519c0\" data-element_type=\"section\" data-e-type=\"section\" data-settings=\"{&quot;background_background&quot;:&quot;classic&quot;}\">\n\t\t\t\t\t\t<div class=\"elementor-container elementor-column-gap-default\">\n\t\t\t\t\t<div class=\"elementor-column elementor-col-50 elementor-top-column elementor-element elementor-element-fd7691b\" data-id=\"fd7691b\" data-element_type=\"column\" data-e-type=\"column\">\n\t\t\t<div class=\"elementor-widget-wrap elementor-element-populated\">\n\t\t\t\t\t\t<div class=\"elementor-element elementor-element-30523e7 elementor-widget elementor-widget-text-editor\" data-id=\"30523e7\" data-element_type=\"widget\" data-e-type=\"widget\" data-widget_type=\"text-editor.default\">\n\t\t\t\t<div class=\"elementor-widget-container\">\n\t\t\t\t\t\t\t\t\t<p>Regenwasser zu sammeln und zu nutzen ist eine gute M\u00f6glichkeit, Trinkwasser zu sparen. Es eignet sich hervorragend zum Gie\u00dfen von Pflanzen im Garten, aber auch im Haus. <span style=\"font-size: 15px; color: var( --e-global-color-text ); font-family: var( --e-global-typography-text-font-family ), Sans-serif;\">Da Regenwasser keinen Kalk enth\u00e4lt, ist es sogar besser f\u00fcr Pflanzen als Leitungswasser. Nat\u00fcrlich k\u00f6nnen Sie Ihr Auto auch mit dem Regenwasser waschen und es wird perfekt sauber.<\/span><\/p><p>Auf diese Weise k\u00f6nnen Sie mit einer Regentonne ca. 6.000 Liter Trinkwasser pro Jahr einsparen. Es gibt Holz- und Kunststofff\u00e4sser. Der Inhalt variiert von 10 Liter (!) bis 230 Liter. siehe Bild <\/p><p>Diese Regens\u00e4ule auf dem Foto unten enth\u00e4lt 1000 l Regenwasser.<\/p><p>Sie k\u00f6nnen die Regentonne ganz einfach mit Hilfe eines <a href=\"https:\/\/ecosave.com\/shop\/eau-de-pluie\/filtre-a-eau-de-pluie\/?lang=fr\" target=\"_blank\" rel=\"noopener\">Fallrohrfilters<\/a> an das Fallrohr anschlie\u00dfen. Diese sind mit \/ ohne Filter erh\u00e4ltlich. Der Filter sorgt daf\u00fcr, dass Bl\u00e4tter nicht in der Regentonne landen. Au\u00dferdem k\u00f6nnen Sie das Fass auf einen Kunststoff- oder Metalluntersetzer stellen, sodass ein Eimer oder eine Gie\u00dfkanne darunter gestellt werden kann<\/p>\t\t\t\t\t\t\t\t<\/div>\n\t\t\t\t<\/div>\n\t\t\t\t\t<\/div>\n\t\t<\/div>\n\t\t\t\t<div class=\"elementor-column elementor-col-50 elementor-top-column elementor-element elementor-element-c8416b7\" data-id=\"c8416b7\" data-element_type=\"column\" data-e-type=\"column\">\n\t\t\t<div class=\"elementor-widget-wrap elementor-element-populated\">\n\t\t\t\t\t\t<div class=\"elementor-element elementor-element-b4c0fe5 elementor-widget elementor-widget-image\" data-id=\"b4c0fe5\" data-element_type=\"widget\" data-e-type=\"widget\" data-widget_type=\"image.default\">\n\t\t\t\t<div class=\"elementor-widget-container\">\n\t\t\t\t\t\t\t\t\t\t\t\t\t\t\t<img decoding=\"async\" src=\"https:\/\/ecosave.com\/wp-content\/uploads\/2020\/04\/beehive-150L-3.png\" title=\"\" alt=\"\" loading=\"lazy\">\t\t\t\t\t\t\t\t\t\t\t\t\t\t\t<\/div>\n\t\t\t\t<\/div>\n\t\t\t\t\t<\/div>\n\t\t<\/div>\n\t\t\t\t\t<\/div>\n\t\t<\/section>\n\t\t\t\t<section class=\"elementor-section elementor-top-section elementor-element elementor-element-8a1d2af elementor-section-boxed elementor-section-height-default elementor-section-height-default\" data-id=\"8a1d2af\" data-element_type=\"section\" data-e-type=\"section\">\n\t\t\t\t\t\t<div class=\"elementor-container elementor-column-gap-narrow\">\n\t\t\t\t\t<div class=\"elementor-column elementor-col-50 elementor-top-column elementor-element elementor-element-6b7e434\" data-id=\"6b7e434\" data-element_type=\"column\" data-e-type=\"column\">\n\t\t\t<div class=\"elementor-widget-wrap elementor-element-populated\">\n\t\t\t\t\t\t<div class=\"elementor-element elementor-element-2a1584b elementor-widget elementor-widget-image\" data-id=\"2a1584b\" data-element_type=\"widget\" data-e-type=\"widget\" data-widget_type=\"image.default\">\n\t\t\t\t<div class=\"elementor-widget-container\">\n\t\t\t\t\t\t\t\t\t\t\t\t\t\t\t<img fetchpriority=\"high\" decoding=\"async\" width=\"1024\" height=\"1024\" src=\"https:\/\/ecosave.com\/wp-content\/uploads\/2019\/10\/Ontwerpzondertitel_344757081-1024x1024.jpg\" class=\"attachment-large size-large wp-image-38181\" alt=\"\" srcset=\"https:\/\/ecosave.com\/wp-content\/uploads\/2019\/10\/Ontwerpzondertitel_344757081-1024x1024.jpg 1024w, https:\/\/ecosave.com\/wp-content\/uploads\/2019\/10\/Ontwerpzondertitel_344757081-300x300.jpg 300w, https:\/\/ecosave.com\/wp-content\/uploads\/2019\/10\/Ontwerpzondertitel_344757081-100x100.jpg 100w, https:\/\/ecosave.com\/wp-content\/uploads\/2019\/10\/Ontwerpzondertitel_344757081-600x600.jpg 600w, https:\/\/ecosave.com\/wp-content\/uploads\/2019\/10\/Ontwerpzondertitel_344757081-64x64.jpg 64w, https:\/\/ecosave.com\/wp-content\/uploads\/2019\/10\/Ontwerpzondertitel_344757081-150x150.jpg 150w, https:\/\/ecosave.com\/wp-content\/uploads\/2019\/10\/Ontwerpzondertitel_344757081-768x768.jpg 768w, https:\/\/ecosave.com\/wp-content\/uploads\/2019\/10\/Ontwerpzondertitel_344757081.jpg 924w\" sizes=\"(max-width: 1024px) 100vw, 1024px\">\t\t\t\t\t\t\t\t\t\t\t\t\t\t\t<\/div>\n\t\t\t\t<\/div>\n\t\t\t\t\t<\/div>\n\t\t<\/div>\n\t\t\t\t<div class=\"elementor-column elementor-col-50 elementor-top-column elementor-element elementor-element-3bb2aec\" data-id=\"3bb2aec\" data-element_type=\"column\" data-e-type=\"column\">\n\t\t\t<div class=\"elementor-widget-wrap elementor-element-populated\">\n\t\t\t\t\t\t<div class=\"elementor-element elementor-element-a785843 elementor-widget elementor-widget-heading\" data-id=\"a785843\" data-element_type=\"widget\" data-e-type=\"widget\" data-widget_type=\"heading.default\">\n\t\t\t\t<div class=\"elementor-widget-container\">\n\t\t\t\t\t<h2 class=\"elementor-heading-title elementor-size-default\">Regenwassersysteme<\/h2>\t\t\t\t<\/div>\n\t\t\t\t<\/div>\n\t\t\t\t<div class=\"elementor-element elementor-element-18a9639 elementor-widget elementor-widget-text-editor\" data-id=\"18a9639\" data-element_type=\"widget\" data-e-type=\"widget\" data-widget_type=\"text-editor.default\">\n\t\t\t\t<div class=\"elementor-widget-container\">\n\t\t\t\t\t\t\t\t\t<p>Unser Trinkwasser ist von hervorragender Qualit\u00e4t und eigentlich zu schade, um es nur f\u00fcr Pflanzen, Garten, Auto oder gar die Toilettensp\u00fclung zu verwenden.&nbsp; <strong style=\"font-size: 15px; color: var( --e-global-color-text ); font-family: var( --e-global-typography-text-font-family ), Sans-serif;\">Wussten Sie,<\/strong> <span style=\"font-size: 15px; color: var( --e-global-color-text ); font-family: var( --e-global-typography-text-font-family ), Sans-serif;\">dass Sie pro Person und Jahr 15.000 Liter Trinkwasser f\u00fcr die Toilette verbrauchen?<\/span><\/p>\n<p><strong>Wusstest du schon,<\/strong>&nbsp; dass durchschnittlich 800 bis 1000 l sauberer Regen pro m2 und Jahr fallen? Das bedeutet etwa 80 bis 100.000 l auf einem Dach von etwa 100 m2! &nbsp; &nbsp; &nbsp;&nbsp;<span style=\"font-size: 15px; color: var( --e-global-color-text ); font-family: var( --e-global-typography-text-font-family ), Sans-serif;\">Der Regen ist von solcher Qualit\u00e4t, dass es einfach ist, das Ganze zu reinigen<\/span>&nbsp; <a href=\"https:\/\/ecosave.com\/shop\/eau-de-pluie\/filtre-de-tuyau-deau-de-pluie\/?lang=fr\" target=\"_blank\">filtern<\/a>&nbsp; <span style=\"font-size: 15px; color: var( --e-global-color-text ); font-family: var( --e-global-typography-text-font-family ), Sans-serif;\">und speichern und loslegen!<\/span><\/p>\n<p>Es gibt mehrere M\u00f6glichkeiten; von einer einfachen kleinen Regentonne bis hin zu gr\u00f6\u00dferen Systemen aus Kunststoff oder Beton, von 1 <a href=\"https:\/\/ecosave.com\/shop\/eau-de-pluie\/citerne-eau-de-pluie-plat-3000-litre\/?lang=fr\" target=\"_blank\" rel=\"noopener\">m3,<\/a> 5 m3&nbsp; bis zu sogar 60m3. Um das saubere Regenwasser f\u00fcr die Toilettensp\u00fclung (ohne Kalk) oder sogar f\u00fcr die Waschmaschine (weniger Seife n\u00f6tig) und nat\u00fcrlich f\u00fcr den Garten zu nutzen. Wir empfehlen einen Vorrat von <u>mindestens<\/u> 1500L pro Person zu halten um eine D\u00fcrre von ca. 4-5 Wochen zu \u00fcberbr\u00fccken.<\/p>\n<p>Die ECOSAVE-Produkte sind einfach anzuwenden und k\u00f6nnen so ganz einfach 20 % bis 60 % des wertvollen und besonderen Trinkwassers einsparen.<\/p>\t\t\t\t\t\t\t\t<\/div>\n\t\t\t\t<\/div>\n\t\t\t\t\t<\/div>\n\t\t<\/div>\n\t\t\t\t\t<\/div>\n\t\t<\/section>\n\t\t\t\t<section class=\"elementor-section elementor-top-section elementor-element elementor-element-afd9e3d elementor-section-boxed elementor-section-height-default elementor-section-height-default\" data-id=\"afd9e3d\" data-element_type=\"section\" data-e-type=\"section\">\n\t\t\t\t\t\t<div class=\"elementor-container elementor-column-gap-default\">\n\t\t\t\t\t<div class=\"elementor-column elementor-col-50 elementor-top-column elementor-element elementor-element-d4d558b\" data-id=\"d4d558b\" data-element_type=\"column\" data-e-type=\"column\">\n\t\t\t<div class=\"elementor-widget-wrap elementor-element-populated\">\n\t\t\t\t\t\t<div class=\"elementor-element elementor-element-2ef7fec elementor-widget elementor-widget-heading\" data-id=\"2ef7fec\" data-element_type=\"widget\" data-e-type=\"widget\" data-widget_type=\"heading.default\">\n\t\t\t\t<div class=\"elementor-widget-container\">\n\t\t\t\t\t<h2 class=\"elementor-heading-title elementor-size-default\">K\u00f6rperpflege<\/h2>\t\t\t\t<\/div>\n\t\t\t\t<\/div>\n\t\t\t\t<div class=\"elementor-element elementor-element-deea4f3 elementor-widget elementor-widget-text-editor\" data-id=\"deea4f3\" data-element_type=\"widget\" data-e-type=\"widget\" data-widget_type=\"text-editor.default\">\n\t\t\t\t<div class=\"elementor-widget-container\">\n\t\t\t\t\t\t\t\t\t<p>Pers\u00f6nliche Hygiene ist in der Toilette, im Waschbecken und in der Dusche wichtig.<\/p><p><strong>Wussten Sie,<\/strong> dass aus einem normalen Wasserhahn durchschnittlich 12-15 Liter Wasser pro Minute und aus einer Dusche 12 bis 30 Liter (Regendusche) warmes Wasser pro Minute flie\u00dfen?! Eine Dusche von etwa 10 Minuten kostet also schnell 120L oder sogar 300L Wasser, aber 4x mehr Gas, also etwa 400 oder 1200 Liter Gas!<\/p><p>Das ist wirklich nicht n\u00f6tig, mit den Sparprodukten von ECOSAVE k\u00f6nnen Sie ganz einfach bis zu 50 % sparen und dabei den Komfort mit dem <a href=\"https:\/\/ecosave.com\/shop\/accessoires-pour-toilettes-seches\/perlateur\/?lang=fr\" target=\"_blank\" rel=\"noopener\">Spaarperlator<\/a> an der Armatur, dem speziellen <a href=\"https:\/\/ecosave.com\/shop\/accessoires-pour-toilettes-seches\/arret-des-toilettes\/?lang=fr\" target=\"_blank\" rel=\"noopener\">WC-Wasserstopp<\/a> oder einer <a href=\"https:\/\/ecosave.com\/shop\/tete-de-douche\/pommeau-de-douche\/?lang=fr\" target=\"_blank\" rel=\"noopener\">Standard-<\/a> oder <a href=\"https:\/\/ecosave.com\/shop\/tete-de-douche\/pomme-de-douche-de-luxe-a-economie-denergie\/?lang=fr\" target=\"_blank\" rel=\"noopener\">Luxus-Duschbrause<\/a> beibehalten.<\/p><p>Rechnen Sie selbst aus, was Sie in Ihrem Haushalt oder Hotel einsparen k\u00f6nnen, Sie werden \u00fcberrascht sein <\/p><p>Mit unserer speziellen <a href=\"https:\/\/ecosave.com\/shop\/eau-de-pluie\/microfiltration\/?lang=fr\">5-Phasen-Mikrofiltration<\/a> kann das Regenwasser zum Duschen oder sogar zum Trinken geeignet gemacht werden. So sparen Sie <b>100 %<\/b> Ihres <b>Trinkwassers<\/b> durch die Nutzung von Regenwasser!<\/p>\t\t\t\t\t\t\t\t<\/div>\n\t\t\t\t<\/div>\n\t\t\t\t\t<\/div>\n\t\t<\/div>\n\t\t\t\t<div class=\"elementor-column elementor-col-50 elementor-top-column elementor-element elementor-element-932d61d\" data-id=\"932d61d\" data-element_type=\"column\" data-e-type=\"column\">\n\t\t\t<div class=\"elementor-widget-wrap elementor-element-populated\">\n\t\t\t\t\t\t<div class=\"elementor-element elementor-element-0a71250 elementor-widget elementor-widget-image\" data-id=\"0a71250\" data-element_type=\"widget\" data-e-type=\"widget\" data-widget_type=\"image.default\">\n\t\t\t\t<div class=\"elementor-widget-container\">\n\t\t\t\t\t\t\t\t\t\t\t\t\t\t\t<img decoding=\"async\" width=\"99\" height=\"148\" src=\"https:\/\/ecosave.com\/wp-content\/uploads\/2020\/04\/douche-dame.jpg\" class=\"attachment-large size-large wp-image-40771\" alt=\"\" srcset=\"https:\/\/ecosave.com\/wp-content\/uploads\/2020\/04\/douche-dame.jpg 99w, https:\/\/ecosave.com\/wp-content\/uploads\/2020\/04\/douche-dame-64x96.jpg 64w\" sizes=\"(max-width: 99px) 100vw, 99px\">\t\t\t\t\t\t\t\t\t\t\t\t\t\t\t<\/div>\n\t\t\t\t<\/div>\n\t\t\t\t\t<\/div>\n\t\t<\/div>\n\t\t\t\t\t<\/div>\n\t\t<\/section>\n\t\t\t\t<section class=\"elementor-section elementor-top-section elementor-element elementor-element-0057e2a elementor-section-boxed elementor-section-height-default elementor-section-height-default\" data-id=\"0057e2a\" data-element_type=\"section\" data-e-type=\"section\">\n\t\t\t\t\t\t<div class=\"elementor-container elementor-column-gap-default\">\n\t\t\t\t\t<div class=\"elementor-column elementor-col-100 elementor-top-column elementor-element elementor-element-89b6586\" data-id=\"89b6586\" data-element_type=\"column\" data-e-type=\"column\">\n\t\t\t<div class=\"elementor-widget-wrap elementor-element-populated\">\n\t\t\t\t\t\t<div class=\"elementor-element elementor-element-efc66e4 elementor-cta--skin-cover elementor-animated-content elementor-bg-transform elementor-bg-transform-zoom-in elementor-widget elementor-widget-call-to-action\" data-id=\"efc66e4\" data-element_type=\"widget\" data-e-type=\"widget\" data-widget_type=\"call-to-action.default\">\n\t\t\t\t<div class=\"elementor-widget-container\">\n\t\t\t\t\t\t\t<div class=\"elementor-cta\">\n\t\t\t\t\t<div class=\"elementor-cta__bg-wrapper\">\n\t\t\t\t<div class=\"elementor-cta__bg elementor-bg\" style=\"background-image: url(https:\/\/ecosave.com\/wp-content\/uploads\/2020\/05\/watertank.png);\" role=\"img\" aria-label=\"Wassertank\"><\/div>\n\t\t\t\t<div class=\"elementor-cta__bg-overlay\"><\/div>\n\t\t\t<\/div>\n\t\t\t\t\t\t\t<div class=\"elementor-cta__content\">\n\t\t\t\t\n\t\t\t\t\n\t\t\t\t\n\t\t\t\t\t\t\t\t\t<div class=\"elementor-cta__button-wrapper elementor-cta__content-item elementor-content-item elementor-animated-item--grow\">\n\t\t\t\t\t<a class=\"elementor-cta__button elementor-button elementor-size-\">\n\t\t\t\t\t\tGehe zum Laden\t\t\t\t\t<\/a>\n\t\t\t\t\t<\/div>\n\t\t\t\t\t\t\t<\/div>\n\t\t\t\t\t\t<\/div>\n\t\t\t\t\t\t<\/div>\n\t\t\t\t<\/div>\n\t\t\t\t\t<\/div>\n\t\t<\/div>\n\t\t\t\t\t<\/div>\n\t\t<\/section>\n\t\t\t\t<section class=\"elementor-section elementor-top-section elementor-element elementor-element-d5aa109 elementor-section-boxed elementor-section-height-default elementor-section-height-default\" data-id=\"d5aa109\" data-element_type=\"section\" data-e-type=\"section\">\n\t\t\t\t\t\t<div class=\"elementor-container elementor-column-gap-default\">\n\t\t\t\t\t<div class=\"elementor-column elementor-col-100 elementor-top-column elementor-element elementor-element-7636fd4\" data-id=\"7636fd4\" data-element_type=\"column\" data-e-type=\"column\">\n\t\t\t<div class=\"elementor-widget-wrap\">\n\t\t\t\t\t\t\t<\/div>\n\t\t<\/div>\n\t\t\t\t\t<\/div>\n\t\t<\/section>\n\t\t\t\t<\/div>\n\t\t","protected":false},"excerpt":{"rendered":"<p>Sammlung von Regenwasser Wasser\u2026. kommt vom Himmel! Sauber und reichlich, mehr als 900 l pro m\u00b2 und Jahr. Also auf ein normales Haus ca. 90.000L pro Jahr, sauber, klar und kostenlos. Er versorgt uns mit allem, was wir brauchen, in H\u00fclle und F\u00fclle, und die Quelle ist ewig. K\u00fcmmern Sie sich um das, was wir [&hellip;]<\/p>\n","protected":false},"author":1,"featured_media":0,"parent":0,"menu_order":0,"comment_status":"closed","ping_status":"closed","template":"","meta":{"_acf_changed":false,"site-sidebar-layout":"no-sidebar","site-content-layout":"page-builder","ast-site-content-layout":"default","site-content-style":"default","site-sidebar-style":"default","ast-global-header-display":"","ast-banner-title-visibility":"","ast-main-header-display":"","ast-hfb-above-header-display":"","ast-hfb-below-header-display":"","ast-hfb-mobile-header-display":"","site-post-title":"disabled","ast-breadcrumbs-content":"","ast-featured-img":"disabled","footer-sml-layout":"","ast-disable-related-posts":"","theme-transparent-header-meta":"default","adv-header-id-meta":"","stick-header-meta":"","header-above-stick-meta":"","header-main-stick-meta":"","header-below-stick-meta":"","astra-migrate-meta-layouts":"set","ast-page-background-enabled":"default","ast-page-background-meta":{"desktop":{"background-color":"","background-image":"","background-repeat":"repeat","background-position":"center center","background-size":"auto","background-attachment":"scroll","background-type":"","background-media":"","overlay-type":"","overlay-color":"","overlay-opacity":"","overlay-gradient":""},"tablet":{"background-color":"","background-image":"","background-repeat":"repeat","background-position":"center center","background-size":"auto","background-attachment":"scroll","background-type":"","background-media":"","overlay-type":"","overlay-color":"","overlay-opacity":"","overlay-gradient":""},"mobile":{"background-color":"","background-image":"","background-repeat":"repeat","background-position":"center center","background-size":"auto","background-attachment":"scroll","background-type":"","background-media":"","overlay-type":"","overlay-color":"","overlay-opacity":"","overlay-gradient":""}},"ast-content-background-meta":{"desktop":{"background-color":"var(--ast-global-color-5)","background-image":"","background-repeat":"repeat","background-position":"center center","background-size":"auto","background-attachment":"scroll","background-type":"","background-media":"","overlay-type":"","overlay-color":"","overlay-opacity":"","overlay-gradient":""},"tablet":{"background-color":"var(--ast-global-color-5)","background-image":"","background-repeat":"repeat","background-position":"center center","background-size":"auto","background-attachment":"scroll","background-type":"","background-media":"","overlay-type":"","overlay-color":"","overlay-opacity":"","overlay-gradient":""},"mobile":{"background-color":"var(--ast-global-color-5)","background-image":"","background-repeat":"repeat","background-position":"center center","background-size":"auto","background-attachment":"scroll","background-type":"","background-media":"","overlay-type":"","overlay-color":"","overlay-opacity":"","overlay-gradient":""}},"footnotes":""},"class_list":["post-24032","page","type-page","status-publish","hentry"],"acf":[],"_links":{"self":[{"href":"https:\/\/ecosave.com\/de\/wp-json\/wp\/v2\/pages\/24032","targetHints":{"allow":["GET"]}}],"collection":[{"href":"https:\/\/ecosave.com\/de\/wp-json\/wp\/v2\/pages"}],"about":[{"href":"https:\/\/ecosave.com\/de\/wp-json\/wp\/v2\/types\/page"}],"author":[{"embeddable":true,"href":"https:\/\/ecosave.com\/de\/wp-json\/wp\/v2\/users\/1"}],"replies":[{"embeddable":true,"href":"https:\/\/ecosave.com\/de\/wp-json\/wp\/v2\/comments?post=24032"}],"version-history":[{"count":1,"href":"https:\/\/ecosave.com\/de\/wp-json\/wp\/v2\/pages\/24032\/revisions"}],"predecessor-version":[{"id":61589,"href":"https:\/\/ecosave.com\/de\/wp-json\/wp\/v2\/pages\/24032\/revisions\/61589"}],"wp:attachment":[{"href":"https:\/\/ecosave.com\/de\/wp-json\/wp\/v2\/media?parent=24032"}],"curies":[{"name":"wp","href":"https:\/\/api.w.org\/{rel}","templated":true}]}}