{"id":23019,"date":"2020-08-05T15:30:25","date_gmt":"2020-08-05T13:30:25","guid":{"rendered":"https:\/\/ecosave.com\/shop\/unkategorisiert\/1-sky-rainwater-rohrfilter-superfein\/"},"modified":"2024-06-28T19:03:04","modified_gmt":"2024-06-28T17:03:04","slug":"filter-fur-regenwasserrohre","status":"publish","type":"product","link":"https:\/\/ecosave.com\/de\/product\/regenwasser\/filter-fur-regenwasserrohre\/","title":{"rendered":"1 Sky-Rainwater Rohrfilter, superfein"},"content":{"rendered":"<h4>Dieser Sky-Rainwater R\u00f6hrenfilter<\/h4>\n<p>kann schnell und einfach in das vorhandene Fallrohr eingesetzt werden. Daran k\u00f6nnen alle Fallrohre 70-125mm angeschlossen werden. Der Edelstahlfilter reinigt das Regenwasser, das dann sauber in die Regentonne oder den Regentank flie\u00dft. Der Schlauchfilter filtert Partikel von 0,7 bis 1,7 mm heraus!<\/p>\n<p>Dieses Wasser kann f\u00fcr den Garten, aber auch f\u00fcr die Toilette oder die Waschmaschine verwendet werden, also sauber!<br \/>\nAuch der Filter l\u00e4sst sich im Handumdrehen verschlie\u00dfen und reinigen.<\/p>\n<p>Es verf\u00fcgt \u00fcber eine \u00dcberlauffunktion: Wenn die Regentonne oder der Regentank voll ist, flie\u00dft das Wasser durch das Fallrohr weiter.<br \/>\n\u00dcbersch\u00fcssiges Regenwasser k\u00f6nnen Sie in eine Versickerungsbox oder Anlage im Garten flie\u00dfen lassen, so dass es auch Boden und Garten direkt zugute kommt. Nicht mehr in die Kanalisation gehen!<\/p>\n<p>Mit diesem Hemel-Regenwasserrohrfilter mit Edelstahlfilter k\u00f6nnen Sie mehr als 800-900L pro m2 und Jahr sammeln! Ein normaler Haushalt kann bis zu 50.000 l oder mehr im Haus sammeln und verbrauchen und Trinkwasser sparen.<\/p>\n","protected":false},"excerpt":{"rendered":"<p><strong>Dieser Sky-Rainwater R\u00f6hrenfilter<\/strong><\/p>\n<p>Kann schnell und einfach in das vorhandene Fallrohr eingesetzt werden. Daran k\u00f6nnen alle Fallrohre 70-125mm angeschlossen werden. Der <strong>Edelstahlfilter<\/strong> reinigt das Regenwasser, das dann sauber in die Regentonne oder den Regentank flie\u00dft. Anschluss an Regentonne oder Tank, von 32 bis 70 mm Anschluss.<\/p>\n<p>Der Schlauchfilter filtert Partikel von 0,7 bis 1,7 mm heraus! Dieses Wasser kann f\u00fcr den Garten, aber auch f\u00fcr die Toilette oder die Waschmaschine verwendet werden, also sauber!<br \/>\nAuch der Filter l\u00e4sst sich im Handumdrehen verschlie\u00dfen und reinigen.<\/p>\n<p>Es hat eine \u00dcberlauffunktion, wenn die <a href=\"https:\/\/ecosave.com\/shop\/regenwater\/prachtige-regenton-beehive-150l\">Regentonne<\/a> <a href=\"https:\/\/ecosave.com\/shop\/regenwater\/prachtige-regenton-beehive-150l\/\">\/<\/a> oder der Regentank voll <a href=\"https:\/\/ecosave.com\/shop\/regenwater\/easy-rain-1500-liter\/\">ist<\/a> , flie\u00dft das Wasser weiter durch das Fallrohr.<br \/>\n\u00dcbersch\u00fcssiges Regenwasser k\u00f6nnen Sie in eine Versickerungsbox oder Anlage im Garten flie\u00dfen lassen, so dass es auch Boden und Garten direkt zugute kommt. Nicht mehr in die Kanalisation gehen!<\/p>\n","protected":false},"featured_media":26795,"comment_status":"open","ping_status":"closed","template":"","meta":{"_acf_changed":false,"site-sidebar-layout":"default","site-content-layout":"default","ast-site-content-layout":"default","site-content-style":"default","site-sidebar-style":"default","ast-global-header-display":"","ast-banner-title-visibility":"","ast-main-header-display":"","ast-hfb-above-header-display":"","ast-hfb-below-header-display":"","ast-hfb-mobile-header-display":"","site-post-title":"","ast-breadcrumbs-content":"","ast-featured-img":"","footer-sml-layout":"","ast-disable-related-posts":"","theme-transparent-header-meta":"default","adv-header-id-meta":"","stick-header-meta":"","header-above-stick-meta":"","header-main-stick-meta":"","header-below-stick-meta":"","astra-migrate-meta-layouts":"default","ast-page-background-enabled":"default","ast-page-background-meta":{"desktop":{"background-color":"","background-image":"","background-repeat":"repeat","background-position":"center center","background-size":"auto","background-attachment":"scroll","background-type":"","background-media":"","overlay-type":"","overlay-color":"","overlay-opacity":"","overlay-gradient":""},"tablet":{"background-color":"","background-image":"","background-repeat":"repeat","background-position":"center center","background-size":"auto","background-attachment":"scroll","background-type":"","background-media":"","overlay-type":"","overlay-color":"","overlay-opacity":"","overlay-gradient":""},"mobile":{"background-color":"","background-image":"","background-repeat":"repeat","background-position":"center center","background-size":"auto","background-attachment":"scroll","background-type":"","background-media":"","overlay-type":"","overlay-color":"","overlay-opacity":"","overlay-gradient":""}},"ast-content-background-meta":{"desktop":{"background-color":"var(--ast-global-color-5)","background-image":"","background-repeat":"repeat","background-position":"center center","background-size":"auto","background-attachment":"scroll","background-type":"","background-media":"","overlay-type":"","overlay-color":"","overlay-opacity":"","overlay-gradient":""},"tablet":{"background-color":"var(--ast-global-color-5)","background-image":"","background-repeat":"repeat","background-position":"center center","background-size":"auto","background-attachment":"scroll","background-type":"","background-media":"","overlay-type":"","overlay-color":"","overlay-opacity":"","overlay-gradient":""},"mobile":{"background-color":"var(--ast-global-color-5)","background-image":"","background-repeat":"repeat","background-position":"center center","background-size":"auto","background-attachment":"scroll","background-type":"","background-media":"","overlay-type":"","overlay-color":"","overlay-opacity":"","overlay-gradient":""}}},"product_brand":[],"product_cat":[781],"product_tag":[],"class_list":{"0":"post-23019","1":"product","2":"type-product","3":"status-publish","4":"has-post-thumbnail","6":"product_cat-regenwasser","7":"product_shipping_class-kleines-paket-de","8":"desktop-align-left","9":"tablet-align-left","10":"mobile-align-left","12":"first","13":"instock","14":"sale","15":"taxable","16":"shipping-taxable","17":"purchasable","18":"product-type-simple"},"acf":[],"_links":{"self":[{"href":"https:\/\/ecosave.com\/de\/wp-json\/wp\/v2\/product\/23019","targetHints":{"allow":["GET"]}}],"collection":[{"href":"https:\/\/ecosave.com\/de\/wp-json\/wp\/v2\/product"}],"about":[{"href":"https:\/\/ecosave.com\/de\/wp-json\/wp\/v2\/types\/product"}],"replies":[{"embeddable":true,"href":"https:\/\/ecosave.com\/de\/wp-json\/wp\/v2\/comments?post=23019"}],"wp:featuredmedia":[{"embeddable":true,"href":"https:\/\/ecosave.com\/de\/wp-json\/wp\/v2\/media\/26795"}],"wp:attachment":[{"href":"https:\/\/ecosave.com\/de\/wp-json\/wp\/v2\/media?parent=23019"}],"wp:term":[{"taxonomy":"product_brand","embeddable":true,"href":"https:\/\/ecosave.com\/de\/wp-json\/wp\/v2\/product_brand?post=23019"},{"taxonomy":"product_cat","embeddable":true,"href":"https:\/\/ecosave.com\/de\/wp-json\/wp\/v2\/product_cat?post=23019"},{"taxonomy":"product_tag","embeddable":true,"href":"https:\/\/ecosave.com\/de\/wp-json\/wp\/v2\/product_tag?post=23019"}],"curies":[{"name":"wp","href":"https:\/\/api.w.org\/{rel}","templated":true}]}}