{"id":23327,"date":"2019-03-05T13:51:38","date_gmt":"2019-03-05T12:51:38","guid":{"rendered":"https:\/\/ecosave.com\/shop\/unkategorisiert\/feinfilter-10-mikron-wasserfilter-10-zoll-kartusche\/"},"modified":"2024-06-28T19:03:07","modified_gmt":"2024-06-28T17:03:07","slug":"feinfilter-10-mikron-wasserfilter-10-zoll-kartusche","status":"publish","type":"product","link":"https:\/\/ecosave.com\/de\/product\/regenwasser\/feinfilter-10-mikron-wasserfilter-10-zoll-kartusche\/","title":{"rendered":"Feinfilter 10 Mikron Wasserfilter 10 Zoll Kartusche"},"content":{"rendered":"<p><span style=\"font-weight: 400;\">Angewandt auf die Notwendigkeit einer hohen Durchflussmenge und eines gro\u00dfen Blaufilters wird die Arbeit der Wasserversorgung abgedeckt.<\/span><\/p>\n<p><span style=\"font-weight: 400;\">F\u00fcr die erste ernsthafte visuelle Kontaminationsfiltration. Zur besseren Wasserqualit\u00e4t und zum Schutz der Vor- und Endfiltration in Form des Aktivkohlefilters oder der Osmosemembran ist ein Sediment in der Mikrometergr\u00f6\u00dfe 10 oder 5 Sekundenfilter notwendig.<\/span><\/p>\n<p><span style=\"font-weight: 400;\">Bei Verwendung dieses Modells im Filter 25 Mikron f\u00fcr die Filtration der UV-C-Wasserreinigung wird eine Suite von 5 Mikron (2. Sediment) f\u00fcr das gleiche Filtrationssediment ben\u00f6tigt. Vor der Filtration \u00fcber Aktivkohle.<\/span><\/p>\n<p><span style=\"font-weight: 400;\">Sichtbar wie Sand, Rost, Schmutz, Schlamm, Pollen und Staub entfernen.<\/span><\/p>\n<p><span style=\"font-weight: 400;\">Hergestellt aus 100 % Polypropylen Brennring in einem thermischen Verfahren, das die Schichten verarbeitet, ohne andere Stoffe oder Materialien hinzuzuf\u00fcgen. Filtermaterial hinterl\u00e4sst keine R\u00fcckst\u00e4nde.<\/span><\/p>\n<p><span style=\"font-weight: 400;\">Tiefenfiltration: Dichtigkeit von au\u00dfen an der Basis des Modells aufgebaut. Die Filterkartusche hat eine gr\u00f6\u00dfere Absorptionsf\u00e4higkeit und verl\u00e4ngert somit ihre Lebensdauer.<\/span><\/p>\n","protected":false},"excerpt":{"rendered":"<p><span style=\"font-weight: 400;\">Angepasst an die Wasser-(Trink-)Wasserfilteranleitung. die Quelle und der Regen.<\/span><\/p>\n","protected":false},"featured_media":24855,"comment_status":"open","ping_status":"closed","template":"","meta":{"_acf_changed":false,"site-sidebar-layout":"default","site-content-layout":"default","ast-site-content-layout":"default","site-content-style":"default","site-sidebar-style":"default","ast-global-header-display":"","ast-banner-title-visibility":"","ast-main-header-display":"","ast-hfb-above-header-display":"","ast-hfb-below-header-display":"","ast-hfb-mobile-header-display":"","site-post-title":"","ast-breadcrumbs-content":"","ast-featured-img":"","footer-sml-layout":"","ast-disable-related-posts":"","theme-transparent-header-meta":"default","adv-header-id-meta":"","stick-header-meta":"","header-above-stick-meta":"","header-main-stick-meta":"","header-below-stick-meta":"","astra-migrate-meta-layouts":"default","ast-page-background-enabled":"default","ast-page-background-meta":{"desktop":{"background-color":"","background-image":"","background-repeat":"repeat","background-position":"center center","background-size":"auto","background-attachment":"scroll","background-type":"","background-media":"","overlay-type":"","overlay-color":"","overlay-opacity":"","overlay-gradient":""},"tablet":{"background-color":"","background-image":"","background-repeat":"repeat","background-position":"center center","background-size":"auto","background-attachment":"scroll","background-type":"","background-media":"","overlay-type":"","overlay-color":"","overlay-opacity":"","overlay-gradient":""},"mobile":{"background-color":"","background-image":"","background-repeat":"repeat","background-position":"center center","background-size":"auto","background-attachment":"scroll","background-type":"","background-media":"","overlay-type":"","overlay-color":"","overlay-opacity":"","overlay-gradient":""}},"ast-content-background-meta":{"desktop":{"background-color":"var(--ast-global-color-5)","background-image":"","background-repeat":"repeat","background-position":"center center","background-size":"auto","background-attachment":"scroll","background-type":"","background-media":"","overlay-type":"","overlay-color":"","overlay-opacity":"","overlay-gradient":""},"tablet":{"background-color":"var(--ast-global-color-5)","background-image":"","background-repeat":"repeat","background-position":"center center","background-size":"auto","background-attachment":"scroll","background-type":"","background-media":"","overlay-type":"","overlay-color":"","overlay-opacity":"","overlay-gradient":""},"mobile":{"background-color":"var(--ast-global-color-5)","background-image":"","background-repeat":"repeat","background-position":"center center","background-size":"auto","background-attachment":"scroll","background-type":"","background-media":"","overlay-type":"","overlay-color":"","overlay-opacity":"","overlay-gradient":""}}},"product_brand":[],"product_cat":[781],"product_tag":[],"class_list":{"0":"post-23327","1":"product","2":"type-product","3":"status-publish","4":"has-post-thumbnail","6":"product_cat-regenwasser","7":"product_shipping_class-kleines-paket-de","8":"desktop-align-left","9":"tablet-align-left","10":"mobile-align-left","12":"first","13":"instock","14":"taxable","15":"shipping-taxable","16":"purchasable","17":"product-type-simple"},"acf":[],"_links":{"self":[{"href":"https:\/\/ecosave.com\/de\/wp-json\/wp\/v2\/product\/23327","targetHints":{"allow":["GET"]}}],"collection":[{"href":"https:\/\/ecosave.com\/de\/wp-json\/wp\/v2\/product"}],"about":[{"href":"https:\/\/ecosave.com\/de\/wp-json\/wp\/v2\/types\/product"}],"replies":[{"embeddable":true,"href":"https:\/\/ecosave.com\/de\/wp-json\/wp\/v2\/comments?post=23327"}],"wp:featuredmedia":[{"embeddable":true,"href":"https:\/\/ecosave.com\/de\/wp-json\/wp\/v2\/media\/24855"}],"wp:attachment":[{"href":"https:\/\/ecosave.com\/de\/wp-json\/wp\/v2\/media?parent=23327"}],"wp:term":[{"taxonomy":"product_brand","embeddable":true,"href":"https:\/\/ecosave.com\/de\/wp-json\/wp\/v2\/product_brand?post=23327"},{"taxonomy":"product_cat","embeddable":true,"href":"https:\/\/ecosave.com\/de\/wp-json\/wp\/v2\/product_cat?post=23327"},{"taxonomy":"product_tag","embeddable":true,"href":"https:\/\/ecosave.com\/de\/wp-json\/wp\/v2\/product_tag?post=23327"}],"curies":[{"name":"wp","href":"https:\/\/api.w.org\/{rel}","templated":true}]}}