{"id":23367,"date":"2019-03-05T13:50:20","date_gmt":"2019-03-05T12:50:20","guid":{"rendered":"https:\/\/ecosave.com\/shop\/unkategorisiert\/aktivkohlefilter-10-zoll\/"},"modified":"2024-06-28T19:03:07","modified_gmt":"2024-06-28T17:03:07","slug":"aktivkohlefilter-10-zoll","status":"publish","type":"product","link":"https:\/\/ecosave.com\/de\/product\/regenwasser\/aktivkohlefilter-10-zoll\/","title":{"rendered":"Aktivkohlefilter 10 Zoll"},"content":{"rendered":"<p><span style=\"font-weight: 400;\">Der gepresste Block hat eine sehr hohe Filtrationskapazit\u00e4t. Mit einer Filterfeinheit von 10 Mikron wird der Druckabfall auf ein Minimum reduziert.<\/span><\/p>\n<p><b>Anwendung<\/b><\/p>\n<p><span style=\"font-weight: 400;\">Geeignet f\u00fcr Trinkwasser<\/span><\/p>\n<p><span style=\"font-weight: 400;\">Einzeln in einer sch\u00fctzenden Schrumpffolie verpackt.<\/span><\/p>\n<p><b>Eigenschaften:<\/b><\/p>\n<ul>\n<li style=\"font-weight: 400;\"><span style=\"font-weight: 400;\">Verbesserung von Geschmack, Geruch und Farbe des Wassers.<\/span><\/li>\n<li style=\"font-weight: 400;\"><span style=\"font-weight: 400;\">Entfernung einer gro\u00dfen Anzahl von gel\u00f6sten Stoffen, einschlie\u00dflich Chlor, Hefen und bestimmten Bakterien. Aber auch :<\/span><\/li>\n<li style=\"font-weight: 400;\"><span style=\"font-weight: 400;\">Absorption von Halogensubstanzen: I, Br, CI, H und F<\/span><\/li>\n<\/ul>\n<p><b>Adsorption von organischen unpolaren Stoffen wie:<\/b><\/p>\n<ul>\n<li style=\"font-weight: 400;\"><span style=\"font-weight: 400;\">Mineral\u00f6l<\/span><\/li>\n<li style=\"font-weight: 400;\"><span style=\"font-weight: 400;\">BTEX<\/span><\/li>\n<li style=\"font-weight: 400;\"><span style=\"font-weight: 400;\">Polyaromatische Kohlenwasserstoffe (PAKs)<\/span><\/li>\n<li style=\"font-weight: 400;\"><span style=\"font-weight: 400;\">(Chlor)phenole<\/span><\/li>\n<\/ul>\n<p><span style=\"font-weight: 400;\">Adsorption bestimmter Oberfl\u00e4chenwasserbakterien wie Giardia und Cryptosporidium, Bakterien mit Langzeitresistenz gegen Chlor. Geld f\u00fcr Filterfeinheit 1 und 5 Mikron.<\/span><\/p>\n","protected":false},"excerpt":{"rendered":"<p><span style=\"font-weight: 400;\">Gepresster Aktivkohle-Filterblock passt in alle g\u00e4ngigen 10 Standard- und Smart-Filtergeh\u00e4use.<\/span><\/p>\n","protected":false},"featured_media":57289,"comment_status":"open","ping_status":"closed","template":"","meta":{"_acf_changed":false,"site-sidebar-layout":"default","site-content-layout":"default","ast-site-content-layout":"default","site-content-style":"default","site-sidebar-style":"default","ast-global-header-display":"","ast-banner-title-visibility":"","ast-main-header-display":"","ast-hfb-above-header-display":"","ast-hfb-below-header-display":"","ast-hfb-mobile-header-display":"","site-post-title":"","ast-breadcrumbs-content":"","ast-featured-img":"","footer-sml-layout":"","ast-disable-related-posts":"","theme-transparent-header-meta":"default","adv-header-id-meta":"","stick-header-meta":"","header-above-stick-meta":"","header-main-stick-meta":"","header-below-stick-meta":"","astra-migrate-meta-layouts":"default","ast-page-background-enabled":"default","ast-page-background-meta":{"desktop":{"background-color":"","background-image":"","background-repeat":"repeat","background-position":"center center","background-size":"auto","background-attachment":"scroll","background-type":"","background-media":"","overlay-type":"","overlay-color":"","overlay-opacity":"","overlay-gradient":""},"tablet":{"background-color":"","background-image":"","background-repeat":"repeat","background-position":"center center","background-size":"auto","background-attachment":"scroll","background-type":"","background-media":"","overlay-type":"","overlay-color":"","overlay-opacity":"","overlay-gradient":""},"mobile":{"background-color":"","background-image":"","background-repeat":"repeat","background-position":"center center","background-size":"auto","background-attachment":"scroll","background-type":"","background-media":"","overlay-type":"","overlay-color":"","overlay-opacity":"","overlay-gradient":""}},"ast-content-background-meta":{"desktop":{"background-color":"var(--ast-global-color-5)","background-image":"","background-repeat":"repeat","background-position":"center center","background-size":"auto","background-attachment":"scroll","background-type":"","background-media":"","overlay-type":"","overlay-color":"","overlay-opacity":"","overlay-gradient":""},"tablet":{"background-color":"var(--ast-global-color-5)","background-image":"","background-repeat":"repeat","background-position":"center center","background-size":"auto","background-attachment":"scroll","background-type":"","background-media":"","overlay-type":"","overlay-color":"","overlay-opacity":"","overlay-gradient":""},"mobile":{"background-color":"var(--ast-global-color-5)","background-image":"","background-repeat":"repeat","background-position":"center center","background-size":"auto","background-attachment":"scroll","background-type":"","background-media":"","overlay-type":"","overlay-color":"","overlay-opacity":"","overlay-gradient":""}}},"product_brand":[],"product_cat":[781],"product_tag":[],"class_list":{"0":"post-23367","1":"product","2":"type-product","3":"status-publish","4":"has-post-thumbnail","6":"product_cat-regenwasser","7":"product_shipping_class-kleines-paket-de","8":"desktop-align-left","9":"tablet-align-left","10":"mobile-align-left","12":"first","13":"instock","14":"taxable","15":"shipping-taxable","16":"purchasable","17":"product-type-simple"},"acf":[],"_links":{"self":[{"href":"https:\/\/ecosave.com\/de\/wp-json\/wp\/v2\/product\/23367","targetHints":{"allow":["GET"]}}],"collection":[{"href":"https:\/\/ecosave.com\/de\/wp-json\/wp\/v2\/product"}],"about":[{"href":"https:\/\/ecosave.com\/de\/wp-json\/wp\/v2\/types\/product"}],"replies":[{"embeddable":true,"href":"https:\/\/ecosave.com\/de\/wp-json\/wp\/v2\/comments?post=23367"}],"wp:featuredmedia":[{"embeddable":true,"href":"https:\/\/ecosave.com\/de\/wp-json\/wp\/v2\/media\/57289"}],"wp:attachment":[{"href":"https:\/\/ecosave.com\/de\/wp-json\/wp\/v2\/media?parent=23367"}],"wp:term":[{"taxonomy":"product_brand","embeddable":true,"href":"https:\/\/ecosave.com\/de\/wp-json\/wp\/v2\/product_brand?post=23367"},{"taxonomy":"product_cat","embeddable":true,"href":"https:\/\/ecosave.com\/de\/wp-json\/wp\/v2\/product_cat?post=23367"},{"taxonomy":"product_tag","embeddable":true,"href":"https:\/\/ecosave.com\/de\/wp-json\/wp\/v2\/product_tag?post=23367"}],"curies":[{"name":"wp","href":"https:\/\/api.w.org\/{rel}","templated":true}]}}