{"id":62980,"date":"2022-08-31T00:21:58","date_gmt":"2022-08-30T22:21:58","guid":{"rendered":"https:\/\/ecosave.com\/product\/unkategorisiert\/maxi-bootstoilette-trockentoilette-2\/"},"modified":"2025-05-21T05:35:37","modified_gmt":"2025-05-21T03:35:37","slug":"maxi-bootstoilette-trockentoilette-2","status":"publish","type":"product","link":"https:\/\/ecosave.com\/de\/product\/trockentoiletten\/boot-de\/maxi-bootstoilette-trockentoilette-2\/","title":{"rendered":"MAXi Bootstoilette \u2013 Trockentoilette"},"content":{"rendered":"<h2>MAXi Bootstoilette \u2013 Trockentoilette, 2.0 <em>Primeur Boat Holland 2024<\/em><\/h2>\n<p>Diese urinabscheidende Trockentoilette wurde speziell f\u00fcr (Segel-)Boote in Flevoland, Niederlande, hergestellt. Klein und kompakt, kann es die aktuelle Sp\u00fcltoilette an Bord ersetzen (Da es so klein ist, k\u00f6nnte es auch in Wohnmobilen eingebaut werden.) <strong>Hatten Sie schon einmal<\/strong>: &#8211; einen Pumpenausfall oder sogar eine kaputte Pumpe? Oder Rohre verstopft oder eingefroren? oder &#8211; m\u00f6glicherweise ein Leck am Einlass oder Auslass? Dann ist diese MAXi Bootstoilette \u2013 Trockentoilette die L\u00d6SUNG! Keine Pumpe, kein Wasser, kein Abfluss erforderlich, keine Gefahr des Einfrierens (wenn kein Wasser verwendet wird)<\/p>\n<p>Es wurde als Reaktion auf die neue Gesetzgebung entwickelt, die vorschreibt, dass der Toilettenabfluss versiegelt sein muss und dass eine L\u00f6sung f\u00fcr Toilettenabf\u00e4lle an Bord sein muss. Dabei kann es sich um eine weitl\u00e4ufige Gro\u00dfkl\u00e4ranlage oder eine \u201ekleine\u201c Trockentoilette wie die MAXi Boot \u2013 Trockentoilette handeln.<\/p>\n<p><strong>Grund:<\/strong> Das offene Wasser von Seen und Fl\u00fcssen weist trotz der Einf\u00fchrung von Abwassertanks und Pumpenanlagen im Hafen in den letzten 20 Jahren immer noch eine schlechte Badewasserqualit\u00e4t auf. Nur 1 % der Segelboote leiten Abwasser ordnungsgem\u00e4\u00df ab. Deshalb sind Entlassungen ab dem 1.1.2023 nicht mehr zul\u00e4ssig.<\/p>\n<p><em><strong>MAXi Bootstoilette \u2013 Trockentoilette hat folgende Vorteile: <\/strong><\/em><\/p>\n<p>* MAXIMALE Wassereinsparung, Trockentoilette<br \/>\n* MAXIMALE Sammlung von Toilettenmaterial,<br \/>\n* MAXIMALE Energieeinsparung, keine elektrischen Pumpen<br \/>\n* Keine verstopften Pumpen mehr aufgrund von eingetrocknetem Papier oder anderen Gegenst\u00e4nden<\/p>\n<p>Es ist urintrennend und sammelt F\u00e4kalien und PAPIER in einem gro\u00dfen Eimer in der Toilette, wo es getrocknet wird. Urin kann in einem Urintank gesammelt oder abgepumpt werden. Dank eingebauter Bel\u00fcftung 12\/230V bleiben Toilette und Toilettenbereich immer <strong>frisch<\/strong>. Mit einer Trockentoilette k\u00f6nnen Sie <strong>jederzeit<\/strong> an Bord auf die Toilette gehen, f\u00fcr kleine und gro\u00dfe Besorgungen! Bei der Nutzung durch 2 Personen ist der Eimer erst nach 1-2 Wochen Fahrt voll, haupts\u00e4chlich mit Papier. denn auch das wird in der Toilette gesammelt und nicht mehr separat. Einfach den Deckel aufsetzen (schlie\u00dfen) und den Inhalt nach der Reise oder dem Urlaub zusammen mit dem normalen Abfall in den Abfallbeh\u00e4lter entleeren. Nach der Fahrt die Toilette wie gewohnt reinigen, entleeren und den Netzstecker ziehen, kein Stromverbrauch.<\/p>\n<p><em><strong>Spezifikationen: <\/strong><\/em><\/p>\n<p>* 48&#215;37,5x33cm L\u00e4nge x Breite x H\u00f6he. =+ der Toilettensitz = 38cm H\u00f6he<br \/>\nSo klein wie ein Toilettensitz und sehr kompakt.<br \/>\n* 29,4 x 30,4 cm Bodengr\u00f6\u00dfe, wirklich klein.<br \/>\n* Ventilator 12 \/ 230V mit Adapter 2,5W \/ 0,14A ca. 25m3 pro Stunde Luftf\u00f6rderung speziell gegen S\u00e4uren gesch\u00fctzt.<\/p>\n<p><strong>Verwandte Produkte<\/strong> sind die <a href=\"https:\/\/ecosave.com\/shop\/droogtoilet-accessoires\/composteerbare-biozakken\/\" target=\"_blank\" rel=\"noopener\">biologisch abbaubaren Beutel<\/a> und <a href=\"https:\/\/ecosave.com\/shop\/droogtoilet-accessoires\/bio-block\/\" target=\"_blank\" rel=\"noopener\">Biow\u00fcrfel<\/a>, die f\u00fcr einen angenehmen Geruch in der Toilette und eine gute Befeuchtung der Harnwege sorgen. Die MAXI-Bootstoilette \u2013 Trockentoilette wird standardm\u00e4\u00dfig mit einem wei\u00dfen, <em>langsam schlie\u00dfenden<\/em> Sitz geliefert, kann aber auch durch einen vollst\u00e4ndig \u201eh\u00f6lzernen\u201c <a href=\"https:\/\/ecosave.com\/shop\/droogtoilet-accessoires\/bamboe-wc-bril-en-deksel\/\">Bambussitz<\/a> ersetzt werden, der ein warmes Aussehen verleiht. 7 Jahre Garantie.<\/p>\n","protected":false},"excerpt":{"rendered":"<p>Diese MAXi Bootstoilette \u2013 TROCKENToilette mit Urintrennung ist speziell f\u00fcr (Segel-)Boote konzipiert. Klein und kompakt, kann die aktuelle Sp\u00fcltoilette an Bord ersetzen. Da jetzt nur noch der Urin abgelassen wird, k\u00f6nnen Sie diesen kleinen Abfluss \u2013 ohne Pumpe \u2013 an den Abfluss des Waschbeckens anschlie\u00dfen und dann den Urin durch H\u00e4ndewaschen wegsp\u00fclen, fertig.<\/p>\n<p><strong>Hatten Sie<\/strong> schon einmal eine Pumpenst\u00f6rung oder sogar eine kaputte Pumpe? Oder Rohre verstopft oder eingefroren? Oder &#8211; m\u00f6glicherweise ein Leck am Einlass oder Auslass? Dann ist die MAXi Boat Toilet \u2013 Trockentoilette die L\u00d6SUNG! Keine Pumpe, kein Wasser, kein Abfluss erforderlich, keine Gefahr des Einfrierens (wenn kein Wasser verwendet wird). Erh\u00e4ltlich in 4 Modellen, MAXi Bootstoilette Trockentoilette mit Schlauchablauf oder mit (Jabsco) Pumpe, oder MAXi Bootstoilette Trockentoilette mit Urintank oder mit eingebauter Pumpe (Rule 500).<\/p>\n","protected":false},"featured_media":63885,"comment_status":"open","ping_status":"closed","template":"","meta":{"_acf_changed":false,"site-sidebar-layout":"default","site-content-layout":"default","ast-site-content-layout":"default","site-content-style":"default","site-sidebar-style":"default","ast-global-header-display":"","ast-banner-title-visibility":"","ast-main-header-display":"","ast-hfb-above-header-display":"","ast-hfb-below-header-display":"","ast-hfb-mobile-header-display":"","site-post-title":"","ast-breadcrumbs-content":"","ast-featured-img":"","footer-sml-layout":"","ast-disable-related-posts":"","theme-transparent-header-meta":"default","adv-header-id-meta":"","stick-header-meta":"","header-above-stick-meta":"","header-main-stick-meta":"","header-below-stick-meta":"","astra-migrate-meta-layouts":"default","ast-page-background-enabled":"default","ast-page-background-meta":{"desktop":{"background-color":"","background-image":"","background-repeat":"repeat","background-position":"center center","background-size":"auto","background-attachment":"scroll","background-type":"","background-media":"","overlay-type":"","overlay-color":"","overlay-opacity":"","overlay-gradient":""},"tablet":{"background-color":"","background-image":"","background-repeat":"repeat","background-position":"center center","background-size":"auto","background-attachment":"scroll","background-type":"","background-media":"","overlay-type":"","overlay-color":"","overlay-opacity":"","overlay-gradient":""},"mobile":{"background-color":"","background-image":"","background-repeat":"repeat","background-position":"center center","background-size":"auto","background-attachment":"scroll","background-type":"","background-media":"","overlay-type":"","overlay-color":"","overlay-opacity":"","overlay-gradient":""}},"ast-content-background-meta":{"desktop":{"background-color":"var(--ast-global-color-5)","background-image":"","background-repeat":"repeat","background-position":"center center","background-size":"auto","background-attachment":"scroll","background-type":"","background-media":"","overlay-type":"","overlay-color":"","overlay-opacity":"","overlay-gradient":""},"tablet":{"background-color":"var(--ast-global-color-5)","background-image":"","background-repeat":"repeat","background-position":"center center","background-size":"auto","background-attachment":"scroll","background-type":"","background-media":"","overlay-type":"","overlay-color":"","overlay-opacity":"","overlay-gradient":""},"mobile":{"background-color":"var(--ast-global-color-5)","background-image":"","background-repeat":"repeat","background-position":"center center","background-size":"auto","background-attachment":"scroll","background-type":"","background-media":"","overlay-type":"","overlay-color":"","overlay-opacity":"","overlay-gradient":""}}},"product_brand":[],"product_cat":[2516,2526,697],"product_tag":[2534,2533,2532,2538,2528,2537,2536,2529,2531,2535],"class_list":{"0":"post-62980","1":"product","2":"type-product","3":"status-publish","4":"has-post-thumbnail","6":"product_cat-boot-de","7":"product_cat-wohnmobil","8":"product_cat-trockentoiletten","9":"product_tag-bootstoilette-de","10":"product_tag-chemische-toilette","11":"product_tag-getrennt-de","12":"product_tag-kaputte-pumpe","13":"product_tag-komposttoilette-de-4","14":"product_tag-pumpenausfall","15":"product_tag-spultoilette","16":"product_tag-trockene-toilette-de-3","17":"product_tag-urintrenntoilette","18":"product_tag-wohnmobil-toilette-de","19":"product_shipping_class-groses-paket-de","20":"desktop-align-left","21":"tablet-align-left","22":"mobile-align-left","24":"first","25":"instock","26":"sale","27":"taxable","28":"shipping-taxable","29":"purchasable","30":"product-type-variable"},"acf":[],"_links":{"self":[{"href":"https:\/\/ecosave.com\/de\/wp-json\/wp\/v2\/product\/62980","targetHints":{"allow":["GET"]}}],"collection":[{"href":"https:\/\/ecosave.com\/de\/wp-json\/wp\/v2\/product"}],"about":[{"href":"https:\/\/ecosave.com\/de\/wp-json\/wp\/v2\/types\/product"}],"replies":[{"embeddable":true,"href":"https:\/\/ecosave.com\/de\/wp-json\/wp\/v2\/comments?post=62980"}],"wp:featuredmedia":[{"embeddable":true,"href":"https:\/\/ecosave.com\/de\/wp-json\/wp\/v2\/media\/63885"}],"wp:attachment":[{"href":"https:\/\/ecosave.com\/de\/wp-json\/wp\/v2\/media?parent=62980"}],"wp:term":[{"taxonomy":"product_brand","embeddable":true,"href":"https:\/\/ecosave.com\/de\/wp-json\/wp\/v2\/product_brand?post=62980"},{"taxonomy":"product_cat","embeddable":true,"href":"https:\/\/ecosave.com\/de\/wp-json\/wp\/v2\/product_cat?post=62980"},{"taxonomy":"product_tag","embeddable":true,"href":"https:\/\/ecosave.com\/de\/wp-json\/wp\/v2\/product_tag?post=62980"}],"curies":[{"name":"wp","href":"https:\/\/api.w.org\/{rel}","templated":true}]}}