{"id":63019,"date":"2022-08-31T01:24:57","date_gmt":"2022-08-30T23:24:57","guid":{"rendered":"https:\/\/ecosave.com\/product\/unkategorisiert\/wandago-trobolo-trockentoilette\/"},"modified":"2024-08-02T00:29:05","modified_gmt":"2024-08-01T22:29:05","slug":"wandago-trobolo-trockentoilette","status":"publish","type":"product","link":"https:\/\/ecosave.com\/de\/product\/trockentoiletten\/boot-de\/wandago-trobolo-trockentoilette\/","title":{"rendered":"Wandago Trobolo Trockentoilette"},"content":{"rendered":"<p>Entdecken Sie die Wandago Trobolo Trockentoilette: kompakt und vielseitig f\u00fcr Wohnmobile, Wohnwagen, Zelte und Boote. Diese Toilette l\u00e4sst sich problemlos anpassen \u2013 von klein auf gro\u00df in nur 1-2-3 Schritten. Die H\u00f6he ist von 31 bis 49 cm verstellbar!<\/p>\n<p>Diese Urintrenntoilette ist ideal f\u00fcr Reisende und verf\u00fcgt \u00fcber zwei eingebaute Tanks \u2013 einen kleinen f\u00fcr Urin und einen etwas gr\u00f6\u00dferen f\u00fcr Feststoffe wie F\u00e4kalien und Papier. Mit einem 4,6-Liter-Urintank und einem 6,5-Liter-Eimer m\u00fcssen Sie ihn nur einmal pro Woche leeren.<\/p>\n<p>Dank der eingebauten \u201eSafe Shell\u201c-Einrichtung im Urintank entsteht keine Geruchsbildung und kein Auslaufen des Urins. Mit den Ma\u00dfen 38,2&#215;34,1cm (Tiefe x Breite) ist es kompakt und handlich.<\/p>\n<p>Mit nur 4,7 kg ist es leicht und tragbar.<\/p>\n<p>&nbsp;<\/p>\n","protected":false},"excerpt":{"rendered":"<p>Kompakte, kleinste Trockentoilette f\u00fcr Wohnmobil, Wohnwagen, Zelt oder Boot. Umbau von einer kleinen auf eine gro\u00dfe Toilette in 1-2-3 Schritten.<\/p>\n<p>H\u00f6henverstellbar von 31 bis 49 cm! Urintrennung, 2 eingebaute Tanks, kleiner f\u00fcr Urin und etwas gr\u00f6\u00dferer f\u00fcr Kot und Papier.<\/p>\n<p>Abmessungen: 38,2 x 34,1 cm (Tiefe x Breite)<\/p>\n<p>Nur 4,7 kg.<\/p>\n<p>&nbsp;<\/p>\n","protected":false},"featured_media":56074,"comment_status":"open","ping_status":"closed","template":"","meta":{"_acf_changed":false,"site-sidebar-layout":"default","site-content-layout":"default","ast-site-content-layout":"default","site-content-style":"default","site-sidebar-style":"default","ast-global-header-display":"","ast-banner-title-visibility":"","ast-main-header-display":"","ast-hfb-above-header-display":"","ast-hfb-below-header-display":"","ast-hfb-mobile-header-display":"","site-post-title":"","ast-breadcrumbs-content":"","ast-featured-img":"","footer-sml-layout":"","ast-disable-related-posts":"","theme-transparent-header-meta":"default","adv-header-id-meta":"","stick-header-meta":"","header-above-stick-meta":"","header-main-stick-meta":"","header-below-stick-meta":"","astra-migrate-meta-layouts":"default","ast-page-background-enabled":"default","ast-page-background-meta":{"desktop":{"background-color":"","background-image":"","background-repeat":"repeat","background-position":"center center","background-size":"auto","background-attachment":"scroll","background-type":"","background-media":"","overlay-type":"","overlay-color":"","overlay-opacity":"","overlay-gradient":""},"tablet":{"background-color":"","background-image":"","background-repeat":"repeat","background-position":"center center","background-size":"auto","background-attachment":"scroll","background-type":"","background-media":"","overlay-type":"","overlay-color":"","overlay-opacity":"","overlay-gradient":""},"mobile":{"background-color":"","background-image":"","background-repeat":"repeat","background-position":"center center","background-size":"auto","background-attachment":"scroll","background-type":"","background-media":"","overlay-type":"","overlay-color":"","overlay-opacity":"","overlay-gradient":""}},"ast-content-background-meta":{"desktop":{"background-color":"var(--ast-global-color-5)","background-image":"","background-repeat":"repeat","background-position":"center center","background-size":"auto","background-attachment":"scroll","background-type":"","background-media":"","overlay-type":"","overlay-color":"","overlay-opacity":"","overlay-gradient":""},"tablet":{"background-color":"var(--ast-global-color-5)","background-image":"","background-repeat":"repeat","background-position":"center center","background-size":"auto","background-attachment":"scroll","background-type":"","background-media":"","overlay-type":"","overlay-color":"","overlay-opacity":"","overlay-gradient":""},"mobile":{"background-color":"var(--ast-global-color-5)","background-image":"","background-repeat":"repeat","background-position":"center center","background-size":"auto","background-attachment":"scroll","background-type":"","background-media":"","overlay-type":"","overlay-color":"","overlay-opacity":"","overlay-gradient":""}}},"product_brand":[],"product_cat":[2516,2526,697],"product_tag":[],"class_list":{"0":"post-63019","1":"product","2":"type-product","3":"status-publish","4":"has-post-thumbnail","6":"product_cat-boot-de","7":"product_cat-wohnmobil","8":"product_cat-trockentoiletten","9":"product_shipping_class-kleines-paket-de","10":"desktop-align-left","11":"tablet-align-left","12":"mobile-align-left","14":"first","15":"instock","16":"taxable","17":"shipping-taxable","18":"purchasable","19":"product-type-variable"},"acf":[],"_links":{"self":[{"href":"https:\/\/ecosave.com\/de\/wp-json\/wp\/v2\/product\/63019","targetHints":{"allow":["GET"]}}],"collection":[{"href":"https:\/\/ecosave.com\/de\/wp-json\/wp\/v2\/product"}],"about":[{"href":"https:\/\/ecosave.com\/de\/wp-json\/wp\/v2\/types\/product"}],"replies":[{"embeddable":true,"href":"https:\/\/ecosave.com\/de\/wp-json\/wp\/v2\/comments?post=63019"}],"wp:featuredmedia":[{"embeddable":true,"href":"https:\/\/ecosave.com\/de\/wp-json\/wp\/v2\/media\/56074"}],"wp:attachment":[{"href":"https:\/\/ecosave.com\/de\/wp-json\/wp\/v2\/media?parent=63019"}],"wp:term":[{"taxonomy":"product_brand","embeddable":true,"href":"https:\/\/ecosave.com\/de\/wp-json\/wp\/v2\/product_brand?post=63019"},{"taxonomy":"product_cat","embeddable":true,"href":"https:\/\/ecosave.com\/de\/wp-json\/wp\/v2\/product_cat?post=63019"},{"taxonomy":"product_tag","embeddable":true,"href":"https:\/\/ecosave.com\/de\/wp-json\/wp\/v2\/product_tag?post=63019"}],"curies":[{"name":"wp","href":"https:\/\/api.w.org\/{rel}","templated":true}]}}