{"id":63020,"date":"2022-08-19T15:22:18","date_gmt":"2022-08-19T13:22:18","guid":{"rendered":"https:\/\/ecosave.com\/product\/unkategorisiert\/bioblock\/"},"modified":"2024-10-03T13:47:25","modified_gmt":"2024-10-03T11:47:25","slug":"bioblock","status":"publish","type":"product","link":"https:\/\/ecosave.com\/de\/product\/zubehor-fur-trockentoiletten\/bioblock\/","title":{"rendered":"BioBlock"},"content":{"rendered":"<p>Diese Bio-W\u00fcrfel verleihen einen frischen Duft und sind zudem biologisch abbaubar. Diese Toilettenbl\u00f6cke sind etwas dicker und halten daher l\u00e4nger! Sie k\u00f6nnen im Urinal oder zur Urinsammlung in einer Trockentoilette verwendet werden. Diese Bio-W\u00fcrfel sind in einem flachen Karton verpackt, sodass sie praktisch in den Briefkasten geworfen werden k\u00f6nnen. Sie haben einen Durchmesser von etwa 3,5 cm und eine Dicke von fast 2 cm. Diese Biow\u00fcrfel sind vollst\u00e4ndig biologisch abbaubar und enthalten keine sch\u00e4dlichen Chemikalien. Sie sind sowohl f\u00fcr den Benutzer als auch f\u00fcr die Umwelt sicher. Durch die Verwendung dieser Biow\u00fcrfel tragen Sie zu einer gr\u00fcneren und saubereren Zukunft bei.<br \/>\n<\/p>\n<h2>\nVorteile von Bio Cubes in Trockentoiletten<\/h2>\n<p>Die Biobl\u00f6cke von EcoSave sind ein unverzichtbarer Bestandteil f\u00fcr jeden, der eine Trockentoilette nutzt. Sie helfen, Ger\u00fcche zu reduzieren und Harnstein in Ihren Rohren zu reduzieren. Dies f\u00fchrt zu einem angenehmeren Benutzererlebnis und tr\u00e4gt zu einer besseren Umgebung bei.<\/p>\n","protected":false},"excerpt":{"rendered":"<p>Mit frischem Duft und biologisch abbaubar, etwas dicker, dadurch <strong>l\u00e4nger haltbar<\/strong>! Zur Verwendung im Urinal oder zur Urinsammlung in einer Trockentoilette. Es verleiht einen frischen Zitrusduft und schmiert die Pfeife, um Urinsteinen in der Pfeife vorzubeugen.<\/p>\n<p>Bio Blocks sind in einem flachen Karton verpackt, sodass sie bequem in den Briefkasten passen.<\/p>\n","protected":false},"featured_media":55986,"comment_status":"open","ping_status":"closed","template":"","meta":{"_acf_changed":false,"site-sidebar-layout":"default","site-content-layout":"default","ast-site-content-layout":"default","site-content-style":"default","site-sidebar-style":"default","ast-global-header-display":"","ast-banner-title-visibility":"","ast-main-header-display":"","ast-hfb-above-header-display":"","ast-hfb-below-header-display":"","ast-hfb-mobile-header-display":"","site-post-title":"","ast-breadcrumbs-content":"","ast-featured-img":"","footer-sml-layout":"","ast-disable-related-posts":"","theme-transparent-header-meta":"default","adv-header-id-meta":"","stick-header-meta":"","header-above-stick-meta":"","header-main-stick-meta":"","header-below-stick-meta":"","astra-migrate-meta-layouts":"default","ast-page-background-enabled":"default","ast-page-background-meta":{"desktop":{"background-color":"","background-image":"","background-repeat":"repeat","background-position":"center center","background-size":"auto","background-attachment":"scroll","background-type":"","background-media":"","overlay-type":"","overlay-color":"","overlay-opacity":"","overlay-gradient":""},"tablet":{"background-color":"","background-image":"","background-repeat":"repeat","background-position":"center center","background-size":"auto","background-attachment":"scroll","background-type":"","background-media":"","overlay-type":"","overlay-color":"","overlay-opacity":"","overlay-gradient":""},"mobile":{"background-color":"","background-image":"","background-repeat":"repeat","background-position":"center center","background-size":"auto","background-attachment":"scroll","background-type":"","background-media":"","overlay-type":"","overlay-color":"","overlay-opacity":"","overlay-gradient":""}},"ast-content-background-meta":{"desktop":{"background-color":"var(--ast-global-color-5)","background-image":"","background-repeat":"repeat","background-position":"center center","background-size":"auto","background-attachment":"scroll","background-type":"","background-media":"","overlay-type":"","overlay-color":"","overlay-opacity":"","overlay-gradient":""},"tablet":{"background-color":"var(--ast-global-color-5)","background-image":"","background-repeat":"repeat","background-position":"center center","background-size":"auto","background-attachment":"scroll","background-type":"","background-media":"","overlay-type":"","overlay-color":"","overlay-opacity":"","overlay-gradient":""},"mobile":{"background-color":"var(--ast-global-color-5)","background-image":"","background-repeat":"repeat","background-position":"center center","background-size":"auto","background-attachment":"scroll","background-type":"","background-media":"","overlay-type":"","overlay-color":"","overlay-opacity":"","overlay-gradient":""}}},"product_brand":[],"product_cat":[596],"product_tag":[2552,2551,2532,2550],"class_list":{"0":"post-63020","1":"product","2":"type-product","3":"status-publish","4":"has-post-thumbnail","6":"product_cat-zubehor-fur-trockentoiletten","7":"product_tag-bio-abflussreiniger","8":"product_tag-bioblock","9":"product_tag-getrennt-de","10":"product_tag-urinalblock","11":"product_shipping_class-briefkastenpaket","12":"desktop-align-left","13":"tablet-align-left","14":"mobile-align-left","16":"first","17":"instock","18":"taxable","19":"shipping-taxable","20":"purchasable","21":"product-type-simple"},"acf":[],"_links":{"self":[{"href":"https:\/\/ecosave.com\/de\/wp-json\/wp\/v2\/product\/63020","targetHints":{"allow":["GET"]}}],"collection":[{"href":"https:\/\/ecosave.com\/de\/wp-json\/wp\/v2\/product"}],"about":[{"href":"https:\/\/ecosave.com\/de\/wp-json\/wp\/v2\/types\/product"}],"replies":[{"embeddable":true,"href":"https:\/\/ecosave.com\/de\/wp-json\/wp\/v2\/comments?post=63020"}],"wp:featuredmedia":[{"embeddable":true,"href":"https:\/\/ecosave.com\/de\/wp-json\/wp\/v2\/media\/55986"}],"wp:attachment":[{"href":"https:\/\/ecosave.com\/de\/wp-json\/wp\/v2\/media?parent=63020"}],"wp:term":[{"taxonomy":"product_brand","embeddable":true,"href":"https:\/\/ecosave.com\/de\/wp-json\/wp\/v2\/product_brand?post=63020"},{"taxonomy":"product_cat","embeddable":true,"href":"https:\/\/ecosave.com\/de\/wp-json\/wp\/v2\/product_cat?post=63020"},{"taxonomy":"product_tag","embeddable":true,"href":"https:\/\/ecosave.com\/de\/wp-json\/wp\/v2\/product_tag?post=63020"}],"curies":[{"name":"wp","href":"https:\/\/api.w.org\/{rel}","templated":true}]}}