{"id":63022,"date":"2021-11-16T10:03:07","date_gmt":"2021-11-16T09:03:07","guid":{"rendered":"https:\/\/ecosave.com\/product\/unkategorisiert\/ini-urinseparator-hergestellt-aus-recyceltem-material-4-varianten\/"},"modified":"2024-06-14T09:53:26","modified_gmt":"2024-06-14T07:53:26","slug":"ini-urinseparator-hergestellt-aus-recyceltem-material-4-varianten","status":"publish","type":"product","link":"https:\/\/ecosave.com\/de\/product\/trockentoiletten\/boot-de\/ini-urinseparator-hergestellt-aus-recyceltem-material-4-varianten\/","title":{"rendered":"INI Urinseparator, hergestellt aus recyceltem Material \u2013 4 Varianten"},"content":{"rendered":"<h2>INI-Urintrenner<\/h2>\n<p>M\u00f6chten Sie Ihre eigene Toilette bauen? Was kann. Der INI-Urinseparator ist ein Urinseparator, um den Sie Ihren eigenen Umbau vornehmen k\u00f6nnen. So haben Sie immer die richtige Gr\u00f6\u00dfe, H\u00f6he, die in Ihren \u201ekleinsten Raum \u2013 den Toilettenraum\u201c passt. Der INI-Urinseparator ist so konstruiert, dass Urin (wie in unserem K\u00f6rper) vorher gesammelt und durch den Schlauch oder in einen Urintank abgeleitet wird. Papier und F\u00e4kalien, die hinten in einen Eimer fallen, werden vom Urin ausgeschieden, sodass Sie viel weniger von Ger\u00fcchen bel\u00e4stigt werden. Eventuelle Ger\u00fcche k\u00f6nnen Sie mit einem eingebauten kleinen Ventilator (optional) oder durch Zugabe von Holz- oder Hanfsp\u00e4nen absaugen. Es hat eine Porzellanoptik und sieht in jeder Toilette sch\u00f6n aus.<\/p>\n<p>Wir bieten die INI in 4 Varianten an:<\/p>\n<ul>\n<li>INI (nur Urinseparator)<\/li>\n<li>INI-Paket (inkl. Urinr\u00f6hrchen, Gl\u00e4ser und Deckel)<\/li>\n<li>INI komplett (inkl. TANK, Gl\u00e4ser, +2 Eimer)<\/li>\n<li>INI komplett (inkl. TANK, Gl\u00e4ser, +2 Eimer <strong>und 12\/230V-Bel\u00fcftung mit Adapter)<\/strong><\/li>\n<\/ul>\n<p>Der INI besteht zu 80 % aus recyceltem Material mit einer antibakteriellen Deckschicht. Und der INI ist zu 100 % recycelbar, auf diese Weise wollen wir Abfall sinnvoll nutzen und keinen Abfall erzeugen.<\/p>\n<p>Da die INI aus Kunststoff besteht, ist sie viel leichter als eine Porzellantoilette und daher viel leichter zu transportieren. Dadurch sparen wir auch viel Energie f\u00fcr den Transport und Emissionen. Auch wir versuchen so unseren Klimabeitrag f\u00fcr eine gesunde Zukunft zu leisten.<\/p>\n","protected":false},"excerpt":{"rendered":"<p>M\u00f6chten Sie Ihre eigene Toilette bauen? Was kann. Der INI ist ein Urinabscheider, um den Sie Ihren eigenen Toilettenumbau bauen k\u00f6nnen. So haben Sie in Ihrem Toilettenbereich immer die richtige Gr\u00f6\u00dfe. Wir bieten die INI in 4 Varianten an:<\/p>\n<ul>\n<li>INI (nur Urinseparator)<\/li>\n<li>INI-Paket (inkl. Urinr\u00f6hrchen, Gl\u00e4ser und Deckel)<\/li>\n<li>INI komplett (inkl. TANK, Gl\u00e4ser, +2 Eimer)<\/li>\n<li>INI komplett (inkl. TANK, Gl\u00e4ser, +2 Eimer <strong>und 12\/230V-Bel\u00fcftung mit Adapter)<\/strong><\/li>\n<\/ul>\n<p>Abmessungen: 45 cm L\u00e4nge x 32 cm Breite.<\/p>\n","protected":false},"featured_media":55807,"comment_status":"open","ping_status":"closed","template":"","meta":{"_acf_changed":false,"site-sidebar-layout":"default","site-content-layout":"default","ast-site-content-layout":"default","site-content-style":"default","site-sidebar-style":"default","ast-global-header-display":"","ast-banner-title-visibility":"","ast-main-header-display":"","ast-hfb-above-header-display":"","ast-hfb-below-header-display":"","ast-hfb-mobile-header-display":"","site-post-title":"","ast-breadcrumbs-content":"","ast-featured-img":"","footer-sml-layout":"","ast-disable-related-posts":"","theme-transparent-header-meta":"default","adv-header-id-meta":"","stick-header-meta":"","header-above-stick-meta":"","header-main-stick-meta":"","header-below-stick-meta":"","astra-migrate-meta-layouts":"default","ast-page-background-enabled":"default","ast-page-background-meta":{"desktop":{"background-color":"","background-image":"","background-repeat":"repeat","background-position":"center center","background-size":"auto","background-attachment":"scroll","background-type":"","background-media":"","overlay-type":"","overlay-color":"","overlay-opacity":"","overlay-gradient":""},"tablet":{"background-color":"","background-image":"","background-repeat":"repeat","background-position":"center center","background-size":"auto","background-attachment":"scroll","background-type":"","background-media":"","overlay-type":"","overlay-color":"","overlay-opacity":"","overlay-gradient":""},"mobile":{"background-color":"","background-image":"","background-repeat":"repeat","background-position":"center center","background-size":"auto","background-attachment":"scroll","background-type":"","background-media":"","overlay-type":"","overlay-color":"","overlay-opacity":"","overlay-gradient":""}},"ast-content-background-meta":{"desktop":{"background-color":"var(--ast-global-color-5)","background-image":"","background-repeat":"repeat","background-position":"center center","background-size":"auto","background-attachment":"scroll","background-type":"","background-media":"","overlay-type":"","overlay-color":"","overlay-opacity":"","overlay-gradient":""},"tablet":{"background-color":"var(--ast-global-color-5)","background-image":"","background-repeat":"repeat","background-position":"center center","background-size":"auto","background-attachment":"scroll","background-type":"","background-media":"","overlay-type":"","overlay-color":"","overlay-opacity":"","overlay-gradient":""},"mobile":{"background-color":"var(--ast-global-color-5)","background-image":"","background-repeat":"repeat","background-position":"center center","background-size":"auto","background-attachment":"scroll","background-type":"","background-media":"","overlay-type":"","overlay-color":"","overlay-opacity":"","overlay-gradient":""}}},"product_brand":[],"product_cat":[2516,2517,2526,697],"product_tag":[2563,2564,2528,2543,2568,2565,2570,2569,2567,2566,2562,2529,2542],"class_list":{"0":"post-63022","1":"product","2":"type-product","3":"status-publish","4":"has-post-thumbnail","6":"product_cat-boot-de","7":"product_cat-startseite-tiny-house","8":"product_cat-wohnmobil","9":"product_cat-trockentoiletten","10":"product_tag-eingebaute-toilette-de","11":"product_tag-ini-urinabscheider-de","12":"product_tag-komposttoilette-de-4","13":"product_tag-komposttoilette-de-5","14":"product_tag-natur-toilette-de","15":"product_tag-separator-de-2","16":"product_tag-separett-privy-500-de-2","17":"product_tag-separett-privy-501-de-2","18":"product_tag-stiefeltoilette-de","19":"product_tag-toilette-selber-bauen-de","20":"product_tag-trockene-toilette-de-4","21":"product_tag-trockene-toilette-de-3","22":"product_tag-wohnmobil-toilette-de-2","23":"product_shipping_class-kleines-paket-de","24":"desktop-align-left","25":"tablet-align-left","26":"mobile-align-left","28":"first","29":"instock","30":"taxable","31":"shipping-taxable","32":"purchasable","33":"product-type-variable"},"acf":[],"_links":{"self":[{"href":"https:\/\/ecosave.com\/de\/wp-json\/wp\/v2\/product\/63022","targetHints":{"allow":["GET"]}}],"collection":[{"href":"https:\/\/ecosave.com\/de\/wp-json\/wp\/v2\/product"}],"about":[{"href":"https:\/\/ecosave.com\/de\/wp-json\/wp\/v2\/types\/product"}],"replies":[{"embeddable":true,"href":"https:\/\/ecosave.com\/de\/wp-json\/wp\/v2\/comments?post=63022"}],"wp:featuredmedia":[{"embeddable":true,"href":"https:\/\/ecosave.com\/de\/wp-json\/wp\/v2\/media\/55807"}],"wp:attachment":[{"href":"https:\/\/ecosave.com\/de\/wp-json\/wp\/v2\/media?parent=63022"}],"wp:term":[{"taxonomy":"product_brand","embeddable":true,"href":"https:\/\/ecosave.com\/de\/wp-json\/wp\/v2\/product_brand?post=63022"},{"taxonomy":"product_cat","embeddable":true,"href":"https:\/\/ecosave.com\/de\/wp-json\/wp\/v2\/product_cat?post=63022"},{"taxonomy":"product_tag","embeddable":true,"href":"https:\/\/ecosave.com\/de\/wp-json\/wp\/v2\/product_tag?post=63022"}],"curies":[{"name":"wp","href":"https:\/\/api.w.org\/{rel}","templated":true}]}}