{"id":63039,"date":"2023-01-02T17:33:12","date_gmt":"2023-01-02T16:33:12","guid":{"rendered":"https:\/\/ecosave.com\/product\/unkategorisiert\/separera-40-elegante-trockentoilette-mit-grosser-sammlung-unter-dem-boden\/"},"modified":"2024-06-14T09:53:18","modified_gmt":"2024-06-14T07:53:18","slug":"separera-40-elegante-trockentoilette-mit-grosser-sammlung-unter-dem-boden","status":"publish","type":"product","link":"https:\/\/ecosave.com\/de\/product\/trockentoiletten\/startseite-tiny-house\/separera-40-elegante-trockentoilette-mit-grosser-sammlung-unter-dem-boden\/","title":{"rendered":"Separera 40, elegante Trockentoilette mit GROSSER Sammlung unter dem Boden"},"content":{"rendered":"<h2>Separera 40<\/h2>\n<p>Die Separera 40 ist eine elegante Trockentoilette mit gro\u00dfem Fassungsverm\u00f6gen, die Urin und F\u00e4kalien trennt und \u00fcber einen gro\u00dfen Tank unter dem Boden verf\u00fcgt! Der vordere Teil ist f\u00fcr Urin geeignet. Der Urin verl\u00e4sst die Toilette direkt durch den Abfluss des Waschbeckens oder kann in einem <a href=\"https:\/\/ecosave.com\/shop\/droogtoilet-accessoires\/separett-urine-opvang-tank\/\"><em>speziellen Eimer<\/em><\/a> mit Schlauch gespeichert werden oder in den Boden gelangen.<\/p>\n<p>Der Kot und das Papier gelangen <strong>direkt<\/strong> durch ein Rohr und werden in einem GROSSEN Eimer gesammelt. Es muss nur alle 2-3 MONATE geleert werden. (abh\u00e4ngig davon, wie viele Leute es nutzen) Die Bel\u00fcftung macht die Toilette geruchsneutral.<\/p>\n<p>Diese Toilette ist am besten, wenn sie von 1 bis 4 Personen genutzt wird (Urin: unbegrenzt).<\/p>\n<p>Kapazit\u00e4t: 4\u20136 Personen in einem Ferienhaus. Maximaler Effekt: 16 W (230 V) \/ 4 W (12 V).<\/p>\n<p>Ma\u00dfe:<\/p>\n<ul>\n<li>Gr\u00f6\u00dfe <span style=\"font-size: 16px; font-style: normal; font-weight: 400;\">72x<\/span><span style=\"font-size: 16px; font-style: normal; font-weight: 400;\">38x<\/span>69 cm LxBxH<\/li>\n<\/ul>\n<p>Verbrauch:<\/p>\n<ul>\n<li>12-V-L\u00fcfter: 4 Watt pro Stunde<\/li>\n<li>L\u00fcfter: 16 Watt pro Stunde (230 Volt) oder auf Anfrage 4 Watt pro Stunde (12 Volt)<\/li>\n<li>2 Jahre Garantie<\/li>\n<li>Enth\u00e4lt ein komplettes Starter-Kit<\/li>\n<\/ul>\n","protected":false},"excerpt":{"rendered":"<p>Die Separera 40 ist <strong>eine elegante Trockentoilette mit GROSSEM Fassungsverm\u00f6gen<\/strong>. Das <strong>trennt<\/strong> Urin und Kot und hat einen gr\u00f6\u00dferen Eimer <em>unter dem Boden<\/em>! Dank der eingebauten Bel\u00fcftung ist die Toilette geruchsneutral. Sie sollten den Eimer, der haupts\u00e4chlich getrockneten Kot und Toilettenpapier enth\u00e4lt, alle 2 bis 3 MONATE wechseln.<\/p>\n","protected":false},"featured_media":57302,"comment_status":"open","ping_status":"closed","template":"","meta":{"_acf_changed":false,"site-sidebar-layout":"default","site-content-layout":"default","ast-site-content-layout":"default","site-content-style":"default","site-sidebar-style":"default","ast-global-header-display":"","ast-banner-title-visibility":"","ast-main-header-display":"","ast-hfb-above-header-display":"","ast-hfb-below-header-display":"","ast-hfb-mobile-header-display":"","site-post-title":"","ast-breadcrumbs-content":"","ast-featured-img":"","footer-sml-layout":"","ast-disable-related-posts":"","theme-transparent-header-meta":"default","adv-header-id-meta":"","stick-header-meta":"","header-above-stick-meta":"","header-main-stick-meta":"","header-below-stick-meta":"","astra-migrate-meta-layouts":"default","ast-page-background-enabled":"default","ast-page-background-meta":{"desktop":{"background-color":"","background-image":"","background-repeat":"repeat","background-position":"center center","background-size":"auto","background-attachment":"scroll","background-type":"","background-media":"","overlay-type":"","overlay-color":"","overlay-opacity":"","overlay-gradient":""},"tablet":{"background-color":"","background-image":"","background-repeat":"repeat","background-position":"center center","background-size":"auto","background-attachment":"scroll","background-type":"","background-media":"","overlay-type":"","overlay-color":"","overlay-opacity":"","overlay-gradient":""},"mobile":{"background-color":"","background-image":"","background-repeat":"repeat","background-position":"center center","background-size":"auto","background-attachment":"scroll","background-type":"","background-media":"","overlay-type":"","overlay-color":"","overlay-opacity":"","overlay-gradient":""}},"ast-content-background-meta":{"desktop":{"background-color":"var(--ast-global-color-5)","background-image":"","background-repeat":"repeat","background-position":"center center","background-size":"auto","background-attachment":"scroll","background-type":"","background-media":"","overlay-type":"","overlay-color":"","overlay-opacity":"","overlay-gradient":""},"tablet":{"background-color":"var(--ast-global-color-5)","background-image":"","background-repeat":"repeat","background-position":"center center","background-size":"auto","background-attachment":"scroll","background-type":"","background-media":"","overlay-type":"","overlay-color":"","overlay-opacity":"","overlay-gradient":""},"mobile":{"background-color":"var(--ast-global-color-5)","background-image":"","background-repeat":"repeat","background-position":"center center","background-size":"auto","background-attachment":"scroll","background-type":"","background-media":"","overlay-type":"","overlay-color":"","overlay-opacity":"","overlay-gradient":""}}},"product_brand":[],"product_cat":[2517,697],"product_tag":[2532,2528,2572,2529,2573,2571,2574],"class_list":{"0":"post-63039","1":"product","2":"type-product","3":"status-publish","4":"has-post-thumbnail","6":"product_cat-startseite-tiny-house","7":"product_cat-trockentoiletten","8":"product_tag-getrennt-de","9":"product_tag-komposttoilette-de-4","10":"product_tag-separera-40-de","11":"product_tag-trockene-toilette-de-3","12":"product_tag-urinsekretion","13":"product_tag-villa-9020-de-2","14":"product_tag-wasserlos","15":"product_shipping_class-groses-paket-de","16":"desktop-align-left","17":"tablet-align-left","18":"mobile-align-left","20":"first","21":"outofstock","22":"sale","23":"taxable","24":"shipping-taxable","25":"purchasable","26":"product-type-simple"},"acf":[],"_links":{"self":[{"href":"https:\/\/ecosave.com\/de\/wp-json\/wp\/v2\/product\/63039","targetHints":{"allow":["GET"]}}],"collection":[{"href":"https:\/\/ecosave.com\/de\/wp-json\/wp\/v2\/product"}],"about":[{"href":"https:\/\/ecosave.com\/de\/wp-json\/wp\/v2\/types\/product"}],"replies":[{"embeddable":true,"href":"https:\/\/ecosave.com\/de\/wp-json\/wp\/v2\/comments?post=63039"}],"wp:featuredmedia":[{"embeddable":true,"href":"https:\/\/ecosave.com\/de\/wp-json\/wp\/v2\/media\/57302"}],"wp:attachment":[{"href":"https:\/\/ecosave.com\/de\/wp-json\/wp\/v2\/media?parent=63039"}],"wp:term":[{"taxonomy":"product_brand","embeddable":true,"href":"https:\/\/ecosave.com\/de\/wp-json\/wp\/v2\/product_brand?post=63039"},{"taxonomy":"product_cat","embeddable":true,"href":"https:\/\/ecosave.com\/de\/wp-json\/wp\/v2\/product_cat?post=63039"},{"taxonomy":"product_tag","embeddable":true,"href":"https:\/\/ecosave.com\/de\/wp-json\/wp\/v2\/product_tag?post=63039"}],"curies":[{"name":"wp","href":"https:\/\/api.w.org\/{rel}","templated":true}]}}