{"id":63480,"date":"2022-09-07T17:17:54","date_gmt":"2022-09-07T15:17:54","guid":{"rendered":"https:\/\/ecosave.com\/product\/unkategorisiert\/kompostierbare-biobeutel-20l-30l-10-stueck-25-stueck\/"},"modified":"2024-06-14T10:04:12","modified_gmt":"2024-06-14T08:04:12","slug":"kompostierbare-biobeutel-20l-30l-10-stueck-25-stueck","status":"publish","type":"product","link":"https:\/\/ecosave.com\/de\/product\/zubehor-fur-trockentoiletten\/kompostierbare-biobeutel-20l-30l-10-stueck-25-stueck\/","title":{"rendered":"Kompostierbare Biobeutel 20L\/30L 10 St\u00fcck &#8211; 25 St\u00fcck."},"content":{"rendered":"<h2>Kompostierbare Biobeutel 20 oder 30 l<\/h2>\n<p>NEU, kompostierbarer und kleiner 20 statt 30L als die alte, f\u00fcr die neuen kleineren Toiletten wie MINI, Tiny und kleine Trobolo<\/p>\n<p>Auch 25 Beutel auf 1 Rolle! statt nur 10 St\u00fcck<\/p>\n<p>Achten Sie auch auf <a href=\"https:\/\/ecosave.com\/de\/product\/zubehor-fur-trockentoiletten\/bioblock\/\">Bio Blocks<\/a>, f\u00fcr einen frischen Duft im Urinbeutel und\/oder auf <a href=\"https:\/\/ecosave.com\/de\/product\/zubehor-fur-trockentoiletten\/holzspaene-hanffasern\/\">Hanffasern<\/a> oder Holzsp\u00e4ne<\/p>\n<p>&nbsp;<\/p>\n","protected":false},"excerpt":{"rendered":"<h1><strong>Kompostierbare Biobeutel <\/strong><\/h1>\n<p>Ab 20L oder 30L Inhalt mit 10 St\u00fcck oder 25 St\u00fcck pro Rolle! Daher deutlich <strong>g\u00fcnstiger pro Beutel<\/strong>. Au\u00dferdem kompostieren sie viel schneller* und lassen sich daher problemlos in der Komposttonne oder im Biom\u00fcll verarbeiten. Begrenzte Haltbarkeit: ca. 1 Jahr.<\/p>\n<p>Aber Vorsicht, geringeres Fassungsverm\u00f6gen, insbesondere bei den neuen Toiletten mit kleinem Eimer.<br \/>\nDiese Biobeutel sind f\u00fcr folgende Toiletten geeignet:<\/p>\n<ul>\n<li>Ecosave INI, Comfort MO, MINY en MAXi<\/li>\n<li>Separera MINI<\/li>\n<li>Separett Tiny<\/li>\n<li>Trobolo 11 und 22L Eimer<\/li>\n<li>*Heben Sie den Beutel daher nach 4 Wochen <strong>nicht<\/strong> an, sondern entleeren Sie den Eimer mit Beutel in die Komposttonne oder den Bioabfallbeh\u00e4lter.<\/li>\n<\/ul>\n","protected":false},"featured_media":56606,"comment_status":"open","ping_status":"closed","template":"","meta":{"_acf_changed":false,"site-sidebar-layout":"default","site-content-layout":"default","ast-site-content-layout":"default","site-content-style":"default","site-sidebar-style":"default","ast-global-header-display":"","ast-banner-title-visibility":"","ast-main-header-display":"","ast-hfb-above-header-display":"","ast-hfb-below-header-display":"","ast-hfb-mobile-header-display":"","site-post-title":"","ast-breadcrumbs-content":"","ast-featured-img":"","footer-sml-layout":"","ast-disable-related-posts":"","theme-transparent-header-meta":"default","adv-header-id-meta":"","stick-header-meta":"","header-above-stick-meta":"","header-main-stick-meta":"","header-below-stick-meta":"","astra-migrate-meta-layouts":"default","ast-page-background-enabled":"default","ast-page-background-meta":{"desktop":{"background-color":"","background-image":"","background-repeat":"repeat","background-position":"center center","background-size":"auto","background-attachment":"scroll","background-type":"","background-media":"","overlay-type":"","overlay-color":"","overlay-opacity":"","overlay-gradient":""},"tablet":{"background-color":"","background-image":"","background-repeat":"repeat","background-position":"center center","background-size":"auto","background-attachment":"scroll","background-type":"","background-media":"","overlay-type":"","overlay-color":"","overlay-opacity":"","overlay-gradient":""},"mobile":{"background-color":"","background-image":"","background-repeat":"repeat","background-position":"center center","background-size":"auto","background-attachment":"scroll","background-type":"","background-media":"","overlay-type":"","overlay-color":"","overlay-opacity":"","overlay-gradient":""}},"ast-content-background-meta":{"desktop":{"background-color":"var(--ast-global-color-5)","background-image":"","background-repeat":"repeat","background-position":"center center","background-size":"auto","background-attachment":"scroll","background-type":"","background-media":"","overlay-type":"","overlay-color":"","overlay-opacity":"","overlay-gradient":""},"tablet":{"background-color":"var(--ast-global-color-5)","background-image":"","background-repeat":"repeat","background-position":"center center","background-size":"auto","background-attachment":"scroll","background-type":"","background-media":"","overlay-type":"","overlay-color":"","overlay-opacity":"","overlay-gradient":""},"mobile":{"background-color":"var(--ast-global-color-5)","background-image":"","background-repeat":"repeat","background-position":"center center","background-size":"auto","background-attachment":"scroll","background-type":"","background-media":"","overlay-type":"","overlay-color":"","overlay-opacity":"","overlay-gradient":""}}},"product_brand":[],"product_cat":[596],"product_tag":[2627,2626,2624,2625],"class_list":{"0":"post-63480","1":"product","2":"type-product","3":"status-publish","4":"has-post-thumbnail","6":"product_cat-zubehor-fur-trockentoiletten","7":"product_tag-bio-beutel-20-30-l","8":"product_tag-kompost-toilettenbeutel","9":"product_tag-trockene-toilettenbeutel","10":"product_tag-trockentoiletten-biobeutel","11":"desktop-align-left","12":"tablet-align-left","13":"mobile-align-left","15":"first","16":"instock","17":"taxable","18":"shipping-taxable","19":"purchasable","20":"product-type-variable"},"acf":[],"_links":{"self":[{"href":"https:\/\/ecosave.com\/de\/wp-json\/wp\/v2\/product\/63480","targetHints":{"allow":["GET"]}}],"collection":[{"href":"https:\/\/ecosave.com\/de\/wp-json\/wp\/v2\/product"}],"about":[{"href":"https:\/\/ecosave.com\/de\/wp-json\/wp\/v2\/types\/product"}],"replies":[{"embeddable":true,"href":"https:\/\/ecosave.com\/de\/wp-json\/wp\/v2\/comments?post=63480"}],"wp:featuredmedia":[{"embeddable":true,"href":"https:\/\/ecosave.com\/de\/wp-json\/wp\/v2\/media\/56606"}],"wp:attachment":[{"href":"https:\/\/ecosave.com\/de\/wp-json\/wp\/v2\/media?parent=63480"}],"wp:term":[{"taxonomy":"product_brand","embeddable":true,"href":"https:\/\/ecosave.com\/de\/wp-json\/wp\/v2\/product_brand?post=63480"},{"taxonomy":"product_cat","embeddable":true,"href":"https:\/\/ecosave.com\/de\/wp-json\/wp\/v2\/product_cat?post=63480"},{"taxonomy":"product_tag","embeddable":true,"href":"https:\/\/ecosave.com\/de\/wp-json\/wp\/v2\/product_tag?post=63480"}],"curies":[{"name":"wp","href":"https:\/\/api.w.org\/{rel}","templated":true}]}}