{"id":63488,"date":"2022-04-04T17:08:27","date_gmt":"2022-04-04T15:08:27","guid":{"rendered":"https:\/\/ecosave.com\/product\/unkategorisiert\/toilettensitz-und-deckel-aus-bambus\/"},"modified":"2024-06-14T10:04:13","modified_gmt":"2024-06-14T08:04:13","slug":"toilettensitz-und-deckel-aus-bambus","status":"publish","type":"product","link":"https:\/\/ecosave.com\/de\/product\/zubehor-fur-trockentoiletten\/toilettensitz-und-deckel-aus-bambus\/","title":{"rendered":"Toilettensitz und Deckel aus Bambus"},"content":{"rendered":"<h2>Der Toilettensitz und -deckel aus Bambus!<\/h2>\n<p>Mit 3 Jahren Garantie ein sehr solides Naturprodukt.<\/p>\n<p>Im Gegensatz zu anderen Toilettensitzen aus Kunststoff oder Holz ist Bambus ein schnell wachsendes \u201eGras\u201c! Nachdem er gef\u00e4llt wurde, w\u00e4chst er sehr schnell wieder zu neuem Bambus heran.<\/p>\n<p>Bambus ist unglaublich stark und langlebig, daher unsere 3-Jahres-Garantie. Der Bambus-Toilettensitz wird inklusive Montagematerial geliefert und passt auf Toiletten aus Porzellan, Kunststoff und Holz. Universal<\/p>\n<p>Sehr sch\u00f6n ist zum Beispiel die Kombination des <a href=\"https:\/\/ecosave.com\/de\/product\/trockentoiletten\/boot-de\/ini-urinseparator-hergestellt-aus-recyceltem-material-4-varianten\/\">beigen INI<\/a> mit dem Bamboo WC-Sitz.<\/p>\n<p>Dieses Produkt ist f\u00fcr den Einsatz <strong>im Haushalt<\/strong> bestimmt, wo Temperaturen und Luftfeuchtigkeit normal sind. Nicht geeignet f\u00fcr ein unbeheiztes Au\u00dfen-Toilettenh\u00e4uschen.<\/p>\n<p>&nbsp;<\/p>\n","protected":false},"excerpt":{"rendered":"<h2>Der Toilettensitz und -deckel aus Bambus!<\/h2>\n<p>Mit 3 Jahren Garantie ein sehr solides Naturprodukt.<\/p>\n<p>Im Gegensatz zu anderen Toilettensitzen aus Kunststoff oder Holz ist Bambus ein schnell wachsendes \u201eGras\u201c! Nachdem er gef\u00e4llt wurde, w\u00e4chst er sehr schnell wieder zu neuem Bambus heran.<\/p>\n<p>Bambus ist unglaublich stark und langlebig, daher unsere 3-Jahres-Garantie. Der Bambus-Toilettensitz wird inklusive Montagematerial geliefert und passt auf Toiletten aus Porzellan, Kunststoff und Holz. Universal<\/p>\n<p>Sehr sch\u00f6n ist zum Beispiel die Kombination des <a href=\"https:\/\/ecosave.com\/product\/droogtoiletten\/boot\/ini-urinescheider\/\">beigen INI<\/a> mit dem Bamboo WC-Sitz.<\/p>\n<p>Dieses Produkt ist f\u00fcr den Einsatz <strong>im Haushalt<\/strong> bestimmt, wo Temperaturen und Luftfeuchtigkeit normal sind. Nicht geeignet f\u00fcr ein unbeheiztes Au\u00dfen-Toilettenh\u00e4uschen.<\/p>\n<p>&nbsp;<\/p>\n","protected":false},"featured_media":55672,"comment_status":"open","ping_status":"closed","template":"","meta":{"_acf_changed":false,"site-sidebar-layout":"default","site-content-layout":"default","ast-site-content-layout":"default","site-content-style":"default","site-sidebar-style":"default","ast-global-header-display":"","ast-banner-title-visibility":"","ast-main-header-display":"","ast-hfb-above-header-display":"","ast-hfb-below-header-display":"","ast-hfb-mobile-header-display":"","site-post-title":"","ast-breadcrumbs-content":"","ast-featured-img":"","footer-sml-layout":"","ast-disable-related-posts":"","theme-transparent-header-meta":"default","adv-header-id-meta":"","stick-header-meta":"","header-above-stick-meta":"","header-main-stick-meta":"","header-below-stick-meta":"","astra-migrate-meta-layouts":"default","ast-page-background-enabled":"default","ast-page-background-meta":{"desktop":{"background-color":"","background-image":"","background-repeat":"repeat","background-position":"center center","background-size":"auto","background-attachment":"scroll","background-type":"","background-media":"","overlay-type":"","overlay-color":"","overlay-opacity":"","overlay-gradient":""},"tablet":{"background-color":"","background-image":"","background-repeat":"repeat","background-position":"center center","background-size":"auto","background-attachment":"scroll","background-type":"","background-media":"","overlay-type":"","overlay-color":"","overlay-opacity":"","overlay-gradient":""},"mobile":{"background-color":"","background-image":"","background-repeat":"repeat","background-position":"center center","background-size":"auto","background-attachment":"scroll","background-type":"","background-media":"","overlay-type":"","overlay-color":"","overlay-opacity":"","overlay-gradient":""}},"ast-content-background-meta":{"desktop":{"background-color":"var(--ast-global-color-5)","background-image":"","background-repeat":"repeat","background-position":"center center","background-size":"auto","background-attachment":"scroll","background-type":"","background-media":"","overlay-type":"","overlay-color":"","overlay-opacity":"","overlay-gradient":""},"tablet":{"background-color":"var(--ast-global-color-5)","background-image":"","background-repeat":"repeat","background-position":"center center","background-size":"auto","background-attachment":"scroll","background-type":"","background-media":"","overlay-type":"","overlay-color":"","overlay-opacity":"","overlay-gradient":""},"mobile":{"background-color":"var(--ast-global-color-5)","background-image":"","background-repeat":"repeat","background-position":"center center","background-size":"auto","background-attachment":"scroll","background-type":"","background-media":"","overlay-type":"","overlay-color":"","overlay-opacity":"","overlay-gradient":""}}},"product_brand":[],"product_cat":[596],"product_tag":[2641,2528,2640,2639,2638,2529],"class_list":{"0":"post-63488","1":"product","2":"type-product","3":"status-publish","4":"has-post-thumbnail","6":"product_cat-zubehor-fur-trockentoiletten","7":"product_tag-bambusprodukt","8":"product_tag-komposttoilette-de-4","9":"product_tag-toilettensitz-aus-bambus","10":"product_tag-toilettensitz-aus-holz","11":"product_tag-toilleten-sitz","12":"product_tag-trockene-toilette-de-3","13":"product_shipping_class-kleines-paket-de","14":"desktop-align-left","15":"tablet-align-left","16":"mobile-align-left","18":"first","19":"instock","20":"taxable","21":"shipping-taxable","22":"purchasable","23":"product-type-simple"},"acf":[],"_links":{"self":[{"href":"https:\/\/ecosave.com\/de\/wp-json\/wp\/v2\/product\/63488","targetHints":{"allow":["GET"]}}],"collection":[{"href":"https:\/\/ecosave.com\/de\/wp-json\/wp\/v2\/product"}],"about":[{"href":"https:\/\/ecosave.com\/de\/wp-json\/wp\/v2\/types\/product"}],"replies":[{"embeddable":true,"href":"https:\/\/ecosave.com\/de\/wp-json\/wp\/v2\/comments?post=63488"}],"wp:featuredmedia":[{"embeddable":true,"href":"https:\/\/ecosave.com\/de\/wp-json\/wp\/v2\/media\/55672"}],"wp:attachment":[{"href":"https:\/\/ecosave.com\/de\/wp-json\/wp\/v2\/media?parent=63488"}],"wp:term":[{"taxonomy":"product_brand","embeddable":true,"href":"https:\/\/ecosave.com\/de\/wp-json\/wp\/v2\/product_brand?post=63488"},{"taxonomy":"product_cat","embeddable":true,"href":"https:\/\/ecosave.com\/de\/wp-json\/wp\/v2\/product_cat?post=63488"},{"taxonomy":"product_tag","embeddable":true,"href":"https:\/\/ecosave.com\/de\/wp-json\/wp\/v2\/product_tag?post=63488"}],"curies":[{"name":"wp","href":"https:\/\/api.w.org\/{rel}","templated":true}]}}