{"id":22692,"date":"2021-09-06T15:57:35","date_gmt":"2021-09-06T13:57:35","guid":{"rendered":"https:\/\/ecosave.com\/informacion-de-envio\/"},"modified":"2022-02-24T14:45:01","modified_gmt":"2022-02-24T13:45:01","slug":"informacion-de-envio","status":"publish","type":"page","link":"https:\/\/ecosave.com\/es\/informacion-de-envio\/","title":{"rendered":"Informaci\u00f3n de env\u00edo"},"content":{"rendered":"\n<p>Enviamos nuestros paquetes con HTS Transmission, PostNL y DHL.<\/p>\n\n<p>Enviamos nuestros productos a todo el mundo.<\/p>\n\n<p><strong>Seguimiento de productos enviados<\/strong><\/p>\n\n<p>Cuando haya realizado su pedido y haya anotado su direcci\u00f3n de correo electr\u00f3nico, recibir\u00e1 un correo electr\u00f3nico del transportista con la informaci\u00f3n sobre su entrega. Si no ha recibido un correo electr\u00f3nico de una forma u otra, cont\u00e1ctenos y lo revisaremos por usted.<\/p>\n\n<p><strong>No en casa en la entrega<\/strong><\/p>\n\n<p>Si no estaba en casa para la entrega, recibir\u00e1 una tarjeta en el buz\u00f3n con m\u00e1s instrucciones\/informaci\u00f3n. Si no ha recibido nada, ll\u00e1menos o env\u00edenos un correo electr\u00f3nico y lo rastrearemos por usted.<\/p>\n\n<p><strong>Despegar<\/strong><\/p>\n\n<p>Si lo has indicado en la p\u00e1gina de pago para recoger tu pedido. Nos gustar\u00eda pedirle que indique en las notas cu\u00e1ndo desea obtener su producto o que se comunique con nosotros al respecto.<\/p>\n","protected":false},"excerpt":{"rendered":"<p>Enviamos nuestros paquetes con HTS Transmission, PostNL y DHL. Enviamos nuestros productos a todo el mundo. Seguimiento de productos enviados Cuando haya realizado su pedido y haya anotado su direcci\u00f3n de correo electr\u00f3nico, recibir\u00e1 un correo electr\u00f3nico del transportista con la informaci\u00f3n sobre su entrega. Si no ha recibido un correo electr\u00f3nico de una forma [&hellip;]<\/p>\n","protected":false},"author":1,"featured_media":0,"parent":0,"menu_order":0,"comment_status":"closed","ping_status":"closed","template":"","meta":{"_acf_changed":false,"site-sidebar-layout":"default","site-content-layout":"default","ast-site-content-layout":"default","site-content-style":"default","site-sidebar-style":"default","ast-global-header-display":"","ast-banner-title-visibility":"","ast-main-header-display":"","ast-hfb-above-header-display":"","ast-hfb-below-header-display":"","ast-hfb-mobile-header-display":"","site-post-title":"","ast-breadcrumbs-content":"","ast-featured-img":"","footer-sml-layout":"","ast-disable-related-posts":"","theme-transparent-header-meta":"default","adv-header-id-meta":"","stick-header-meta":"","header-above-stick-meta":"","header-main-stick-meta":"","header-below-stick-meta":"","astra-migrate-meta-layouts":"default","ast-page-background-enabled":"default","ast-page-background-meta":{"desktop":{"background-color":"","background-image":"","background-repeat":"repeat","background-position":"center center","background-size":"auto","background-attachment":"scroll","background-type":"","background-media":"","overlay-type":"","overlay-color":"","overlay-opacity":"","overlay-gradient":""},"tablet":{"background-color":"","background-image":"","background-repeat":"repeat","background-position":"center center","background-size":"auto","background-attachment":"scroll","background-type":"","background-media":"","overlay-type":"","overlay-color":"","overlay-opacity":"","overlay-gradient":""},"mobile":{"background-color":"","background-image":"","background-repeat":"repeat","background-position":"center center","background-size":"auto","background-attachment":"scroll","background-type":"","background-media":"","overlay-type":"","overlay-color":"","overlay-opacity":"","overlay-gradient":""}},"ast-content-background-meta":{"desktop":{"background-color":"var(--ast-global-color-5)","background-image":"","background-repeat":"repeat","background-position":"center center","background-size":"auto","background-attachment":"scroll","background-type":"","background-media":"","overlay-type":"","overlay-color":"","overlay-opacity":"","overlay-gradient":""},"tablet":{"background-color":"var(--ast-global-color-5)","background-image":"","background-repeat":"repeat","background-position":"center center","background-size":"auto","background-attachment":"scroll","background-type":"","background-media":"","overlay-type":"","overlay-color":"","overlay-opacity":"","overlay-gradient":""},"mobile":{"background-color":"var(--ast-global-color-5)","background-image":"","background-repeat":"repeat","background-position":"center center","background-size":"auto","background-attachment":"scroll","background-type":"","background-media":"","overlay-type":"","overlay-color":"","overlay-opacity":"","overlay-gradient":""}},"footnotes":""},"class_list":["post-22692","page","type-page","status-publish","hentry"],"acf":[],"_links":{"self":[{"href":"https:\/\/ecosave.com\/es\/wp-json\/wp\/v2\/pages\/22692","targetHints":{"allow":["GET"]}}],"collection":[{"href":"https:\/\/ecosave.com\/es\/wp-json\/wp\/v2\/pages"}],"about":[{"href":"https:\/\/ecosave.com\/es\/wp-json\/wp\/v2\/types\/page"}],"author":[{"embeddable":true,"href":"https:\/\/ecosave.com\/es\/wp-json\/wp\/v2\/users\/1"}],"replies":[{"embeddable":true,"href":"https:\/\/ecosave.com\/es\/wp-json\/wp\/v2\/comments?post=22692"}],"version-history":[{"count":0,"href":"https:\/\/ecosave.com\/es\/wp-json\/wp\/v2\/pages\/22692\/revisions"}],"wp:attachment":[{"href":"https:\/\/ecosave.com\/es\/wp-json\/wp\/v2\/media?parent=22692"}],"curies":[{"name":"wp","href":"https:\/\/api.w.org\/{rel}","templated":true}]}}