{"id":23451,"date":"2020-04-21T09:46:56","date_gmt":"2020-04-21T07:46:56","guid":{"rendered":"https:\/\/ecosave.com\/calentadores-solares-de-agua\/"},"modified":"2022-02-24T16:54:47","modified_gmt":"2022-02-24T15:54:47","slug":"calentadores-solares-de-agua","status":"publish","type":"page","link":"https:\/\/ecosave.com\/es\/calentadores-solares-de-agua\/","title":{"rendered":"calentadores solares de agua"},"content":{"rendered":"\t\t<div data-elementor-type=\"wp-page\" data-elementor-id=\"23451\" class=\"elementor elementor-23451 elementor-14065\" data-elementor-post-type=\"page\">\n\t\t\t\t\t\t<section class=\"elementor-section elementor-top-section elementor-element elementor-element-5429ee8 elementor-section-height-min-height elementor-section-stretched elementor-section-boxed elementor-section-height-default elementor-section-items-middle\" data-id=\"5429ee8\" data-element_type=\"section\" data-e-type=\"section\" data-settings=\"{&quot;background_background&quot;:&quot;classic&quot;,&quot;stretch_section&quot;:&quot;section-stretched&quot;}\">\n\t\t\t\t\t\t<div class=\"elementor-container elementor-column-gap-default\">\n\t\t\t\t\t<div class=\"elementor-column elementor-col-100 elementor-top-column elementor-element elementor-element-775dd10\" data-id=\"775dd10\" data-element_type=\"column\" data-e-type=\"column\">\n\t\t\t<div class=\"elementor-widget-wrap elementor-element-populated\">\n\t\t\t\t\t\t<div class=\"elementor-element elementor-element-cdcdc1a elementor-widget elementor-widget-heading\" data-id=\"cdcdc1a\" data-element_type=\"widget\" data-e-type=\"widget\" data-widget_type=\"heading.default\">\n\t\t\t\t<div class=\"elementor-widget-container\">\n\t\t\t\t\t<h1 class=\"elementor-heading-title elementor-size-default\">Ecosave calentadores solares de agua<\/h1>\t\t\t\t<\/div>\n\t\t\t\t<\/div>\n\t\t\t\t\t<\/div>\n\t\t<\/div>\n\t\t\t\t\t<\/div>\n\t\t<\/section>\n\t\t\t\t<section class=\"elementor-section elementor-top-section elementor-element elementor-element-6de5e19 elementor-section-boxed elementor-section-height-default elementor-section-height-default\" data-id=\"6de5e19\" data-element_type=\"section\" data-e-type=\"section\">\n\t\t\t\t\t\t<div class=\"elementor-container elementor-column-gap-default\">\n\t\t\t\t\t<div class=\"elementor-column elementor-col-100 elementor-top-column elementor-element elementor-element-4943d1b\" data-id=\"4943d1b\" data-element_type=\"column\" data-e-type=\"column\">\n\t\t\t<div class=\"elementor-widget-wrap elementor-element-populated\">\n\t\t\t\t\t\t<div class=\"elementor-element elementor-element-2013ca2 elementor-position-right my-image-shadow elementor-vertical-align-top elementor-widget elementor-widget-image-box\" data-id=\"2013ca2\" data-element_type=\"widget\" data-e-type=\"widget\" data-widget_type=\"image-box.default\">\n\t\t\t\t<div class=\"elementor-widget-container\">\n\t\t\t\t\t<div class=\"elementor-image-box-wrapper\"><figure class=\"elementor-image-box-img\"><img fetchpriority=\"high\" decoding=\"async\" width=\"631\" height=\"495\" src=\"https:\/\/ecosave.com\/wp-content\/uploads\/2020\/04\/complete-zonneboiler-tekening.png\" class=\"attachment-full size-full wp-image-19501\" alt=\"dibujo completo del calentador de agua solar\" srcset=\"https:\/\/ecosave.com\/wp-content\/uploads\/2020\/04\/complete-zonneboiler-tekening.png 631w, https:\/\/ecosave.com\/wp-content\/uploads\/2020\/04\/complete-zonneboiler-tekening-600x471.png 600w, https:\/\/ecosave.com\/wp-content\/uploads\/2020\/04\/complete-zonneboiler-tekening-64x50.png 64w, https:\/\/ecosave.com\/wp-content\/uploads\/2020\/04\/complete-zonneboiler-tekening-300x235.png 300w\" sizes=\"(max-width: 631px) 100vw, 631px\" \/><\/figure><div class=\"elementor-image-box-content\"><h1 class=\"elementor-image-box-title\">Calentadores de agua solares<\/h1><p class=\"elementor-image-box-description\">Son muy diferentes de los paneles solares (PV), porque suministran agua caliente, no electricidad. Agua caliente que se puede usar para agua caliente del grifo en la cocina, ducha pero tambi\u00e9n lavadora (si es adecuada para eso).<br><br>\n\n\u00a1Incluso es posible, si hay suficiente superficie y espacio de almacenamiento, usar el agua caliente para la calefacci\u00f3n por suelo radiante!<br><br>\n\n\u00a1De esta manera puede ahorrar f\u00e1cilmente de 200 a 600 m3 de gas por a\u00f1o gracias a nuestro sol!<br><br>\n\n\u00bfSab\u00edas que en un d\u00eda de invierno, helado, pero con tiempo despejado, el agua puede alcanzar r\u00e1pidamente los 60 grados cent\u00edgrados\u2026! En verano, el colector alcanza r\u00e1pidamente temperaturas de 120 a 170\u00b0C<br><br>\n\n\u2026 en los Pa\u00edses Bajos, B\u00e9lgica, Alemania!<\/p><\/div><\/div>\t\t\t\t<\/div>\n\t\t\t\t<\/div>\n\t\t\t\t<div class=\"elementor-element elementor-element-ad2cb9a elementor-position-left my-image-shadow elementor-vertical-align-top elementor-widget elementor-widget-image-box\" data-id=\"ad2cb9a\" data-element_type=\"widget\" data-e-type=\"widget\" data-widget_type=\"image-box.default\">\n\t\t\t\t<div class=\"elementor-widget-container\">\n\t\t\t\t\t<div class=\"elementor-image-box-wrapper\"><figure class=\"elementor-image-box-img\"><img decoding=\"async\" width=\"450\" height=\"448\" src=\"https:\/\/ecosave.com\/wp-content\/uploads\/2020\/04\/zonneboiler-gezinshuis-1.jpg\" class=\"attachment-full size-full wp-image-19515\" alt=\"Calentador de agua solar casa familiar\" srcset=\"https:\/\/ecosave.com\/wp-content\/uploads\/2020\/04\/zonneboiler-gezinshuis-1.jpg 450w, https:\/\/ecosave.com\/wp-content\/uploads\/2020\/04\/zonneboiler-gezinshuis-1-300x300.jpg 300w, https:\/\/ecosave.com\/wp-content\/uploads\/2020\/04\/zonneboiler-gezinshuis-1-100x100.jpg 100w, https:\/\/ecosave.com\/wp-content\/uploads\/2020\/04\/zonneboiler-gezinshuis-1-64x64.jpg 64w, https:\/\/ecosave.com\/wp-content\/uploads\/2020\/04\/zonneboiler-gezinshuis-1-150x150.jpg 150w\" sizes=\"(max-width: 450px) 100vw, 450px\" \/><\/figure><div class=\"elementor-image-box-content\"><h2 class=\"elementor-image-box-title\">\u00bfCu\u00e1l es la mejor posici\u00f3n de sus colectores solares?<\/h2><p class=\"elementor-image-box-description\">Por supuesto la orientaci\u00f3n \u00f3ptima es SUR entre 25 y 60 grados de pendiente.\n<br><br>\nPero a diferencia de la fotovoltaica, el colector a\u00fan logra un buen retorno de otras fuentes. Los paneles solares se colocan encima de las tejas, l\u00e1minas corrugadas con soportes especiales.\n<br><br>\nSi tiene un techo plano, hay un contenedor especial para el panel.<br><br>\n<img decoding=\"async\" class=\"wp-image-14083 aligncenter\" src=\"https:\/\/ecosave.com\/wp-content\/uploads\/2020\/04\/bak-voor-zonne-collectoren-300x211.jpg\" alt=\"bak voor zonne-collectoren\" width=\"115\" height=\"81\" srcset=\"https:\/\/ecosave.com\/wp-content\/uploads\/2020\/04\/bak-voor-zonne-collectoren-300x211.jpg 300w, https:\/\/ecosave.com\/wp-content\/uploads\/2020\/04\/bak-voor-zonne-collectoren-64x45.jpg 64w, https:\/\/ecosave.com\/wp-content\/uploads\/2020\/04\/bak-voor-zonne-collectoren.jpg 600w\" sizes=\"(max-width: 115px) 100vw, 115px\" \/><br>\nEl agua caliente se recoge en una caldera, 95, 120, 180 o 200L. Luego pasa a la caldera HR; cuando est\u00e1 lo suficientemente caliente, se puede utilizar tal cual. Si no, lo calentar\u00e1. Siempre agradable y c\u00e1lido.<\/p><\/div><\/div>\t\t\t\t<\/div>\n\t\t\t\t<\/div>\n\t\t\t\t\t<\/div>\n\t\t<\/div>\n\t\t\t\t\t<\/div>\n\t\t<\/section>\n\t\t\t\t<section class=\"elementor-section elementor-top-section elementor-element elementor-element-2f4ade3 elementor-section-boxed elementor-section-height-default elementor-section-height-default\" data-id=\"2f4ade3\" data-element_type=\"section\" data-e-type=\"section\">\n\t\t\t\t\t\t<div class=\"elementor-container elementor-column-gap-default\">\n\t\t\t\t\t<div class=\"elementor-column elementor-col-50 elementor-top-column elementor-element elementor-element-9148304\" data-id=\"9148304\" data-element_type=\"column\" data-e-type=\"column\">\n\t\t\t<div class=\"elementor-widget-wrap elementor-element-populated\">\n\t\t\t\t\t\t<div class=\"elementor-element elementor-element-8ff001b elementor-invisible elementor-widget elementor-widget-heading\" data-id=\"8ff001b\" data-element_type=\"widget\" data-e-type=\"widget\" data-settings=\"{&quot;_animation&quot;:&quot;fadeInLeft&quot;}\" data-widget_type=\"heading.default\">\n\t\t\t\t<div class=\"elementor-widget-container\">\n\t\t\t\t\t<h2 class=\"elementor-heading-title elementor-size-default\">Subvenci\u00f3n calderas solares<\/h2>\t\t\t\t<\/div>\n\t\t\t\t<\/div>\n\t\t\t\t<div class=\"elementor-element elementor-element-27d21a2 elementor-invisible elementor-widget elementor-widget-text-editor\" data-id=\"27d21a2\" data-element_type=\"widget\" data-e-type=\"widget\" data-settings=\"{&quot;_animation&quot;:&quot;fadeInLeft&quot;}\" data-widget_type=\"text-editor.default\">\n\t\t\t\t<div class=\"elementor-widget-container\">\n\t\t\t\t\t\t\t\t\t<p>Con un sistema de energ\u00eda solar en su techo, sabe cu\u00e1nto le costar\u00e1 el agua caliente durante los pr\u00f3ximos 10 a 15 a\u00f1os. No m\u00e1s sorpresas y aumentos de precios desagradables.<\/p><p>Algunos de los 5 tipos de sistemas: <span style=\"text-decoration: underline;\">Qu\u00e9<\/span> , <span style=\"text-decoration: underline;\">Renta anual<\/span> y <span style=\"text-decoration: underline;\">subsidio<\/span> 2020:<\/p><ul><li>Paquete colector 2,37 m\u00b2 con caldera 95L &#8211; 1,32 GJ &#8211; \u20ac899,-<\/li><li>Paquete colector 2,37 m\u00b2 con caldera 120L &#8211; 1,37 GJ &#8211; \u20ac933,-<\/li><li>Paquete colector de 4,74 m\u00b2 con caldera 120L &#8211; 1,92 GJ &#8211; \u20ac1312,-<\/li><li>Paquete colector 4,74 m\u00b2 con caldera 180L &#8211; 1,98 GJ &#8211; \u20ac1349,-<\/li><li>Paquete colector 4,74 m\u00b2 con caldera 200L &#8211; 1,98 GJ &#8211; \u20ac1349,-<\/li><\/ul>\t\t\t\t\t\t\t\t<\/div>\n\t\t\t\t<\/div>\n\t\t\t\t\t<\/div>\n\t\t<\/div>\n\t\t\t\t<div class=\"elementor-column elementor-col-50 elementor-top-column elementor-element elementor-element-49d5991\" data-id=\"49d5991\" data-element_type=\"column\" data-e-type=\"column\">\n\t\t\t<div class=\"elementor-widget-wrap elementor-element-populated\">\n\t\t\t\t\t\t<div class=\"elementor-element elementor-element-7426ee3 elementor-position-top elementor-invisible elementor-widget elementor-widget-image-box\" data-id=\"7426ee3\" data-element_type=\"widget\" data-e-type=\"widget\" data-settings=\"{&quot;_animation&quot;:&quot;fadeInRight&quot;}\" data-widget_type=\"image-box.default\">\n\t\t\t\t<div class=\"elementor-widget-container\">\n\t\t\t\t\t<div class=\"elementor-image-box-wrapper\"><figure class=\"elementor-image-box-img\"><img loading=\"lazy\" decoding=\"async\" width=\"480\" height=\"480\" src=\"https:\/\/ecosave.com\/wp-content\/uploads\/2020\/04\/Alfamix-voor-was-en-afwasmachines.jpg\" class=\"attachment-full size-full wp-image-19522\" alt=\"Alfamix para lavadoras y lavavajillas\" srcset=\"https:\/\/ecosave.com\/wp-content\/uploads\/2020\/04\/Alfamix-voor-was-en-afwasmachines.jpg 480w, https:\/\/ecosave.com\/wp-content\/uploads\/2020\/04\/Alfamix-voor-was-en-afwasmachines-300x300.jpg 300w, https:\/\/ecosave.com\/wp-content\/uploads\/2020\/04\/Alfamix-voor-was-en-afwasmachines-100x100.jpg 100w, https:\/\/ecosave.com\/wp-content\/uploads\/2020\/04\/Alfamix-voor-was-en-afwasmachines-64x64.jpg 64w, https:\/\/ecosave.com\/wp-content\/uploads\/2020\/04\/Alfamix-voor-was-en-afwasmachines-150x150.jpg 150w\" sizes=\"(max-width: 480px) 100vw, 480px\" \/><\/figure><div class=\"elementor-image-box-content\"><h3 class=\"elementor-image-box-title\">Alfamix para lavadora y lavavajillas<\/h3><p class=\"elementor-image-box-description\">Ahorre a\u00fan m\u00e1s al no tener que precalentar el agua el\u00e9ctricamente en su lavadora o lavavajillas<\/p><\/div><\/div>\t\t\t\t<\/div>\n\t\t\t\t<\/div>\n\t\t\t\t\t<\/div>\n\t\t<\/div>\n\t\t\t\t\t<\/div>\n\t\t<\/section>\n\t\t\t\t<section class=\"elementor-section elementor-top-section elementor-element elementor-element-8bd59c6 elementor-section-boxed elementor-section-height-default elementor-section-height-default\" data-id=\"8bd59c6\" data-element_type=\"section\" data-e-type=\"section\">\n\t\t\t\t\t\t<div class=\"elementor-container elementor-column-gap-default\">\n\t\t\t\t\t<div class=\"elementor-column elementor-col-50 elementor-top-column elementor-element elementor-element-5716d8f\" data-id=\"5716d8f\" data-element_type=\"column\" data-e-type=\"column\">\n\t\t\t<div class=\"elementor-widget-wrap elementor-element-populated\">\n\t\t\t\t\t\t<div class=\"elementor-element elementor-element-15dcdbd elementor-invisible elementor-widget elementor-widget-heading\" data-id=\"15dcdbd\" data-element_type=\"widget\" data-e-type=\"widget\" data-settings=\"{&quot;_animation&quot;:&quot;fadeInLeft&quot;}\" data-widget_type=\"heading.default\">\n\t\t\t\t<div class=\"elementor-widget-container\">\n\t\t\t\t\t<h2 class=\"elementor-heading-title elementor-size-default\">La caldera solar reduce el CO2<\/h2>\t\t\t\t<\/div>\n\t\t\t\t<\/div>\n\t\t\t\t<div class=\"elementor-element elementor-element-81449fd elementor-invisible elementor-widget elementor-widget-text-editor\" data-id=\"81449fd\" data-element_type=\"widget\" data-e-type=\"widget\" data-settings=\"{&quot;_animation&quot;:&quot;fadeInLeft&quot;}\" data-widget_type=\"text-editor.default\">\n\t\t\t\t<div class=\"elementor-widget-container\">\n\t\t\t\t\t\t\t\t\t<p>Con una caldera solar, un hogar usa casi la mitad de gas natural para calentar agua. Eso significa una reducci\u00f3n estructural de las emisiones de CO2. Dado que la luz del sol no se agota y, por lo tanto, casi no se libera CO2 cuando se usa la caldera solar, las calderas solares son sostenibles.<\/p><p>El ahorro de CO2 por una caldera solar es en promedio 287 kilogramos por a\u00f1o. Esto tiene en cuenta el gas de efecto invernadero liberado por la bomba con la que la caldera bombea agua. Aunque funciona con electricidad, no emite nada de CO2 en el lugar. Pero el di\u00f3xido de carbono que se crea durante la producci\u00f3n de electricidad, por supuesto, cuenta.<\/p><p>En 2006, aproximadamente cien mil calderas solares en los Pa\u00edses Bajos proporcionaron agua caliente a particulares.<\/p><p>Como resultado, ese a\u00f1o se ahorraron 17,5 millones de metros c\u00fabicos de gas natural, \u00a1eso corresponde al consumo de gas de diez mil hogares!<\/p>\t\t\t\t\t\t\t\t<\/div>\n\t\t\t\t<\/div>\n\t\t\t\t\t<\/div>\n\t\t<\/div>\n\t\t\t\t<div class=\"elementor-column elementor-col-50 elementor-top-column elementor-element elementor-element-5762962\" data-id=\"5762962\" data-element_type=\"column\" data-e-type=\"column\">\n\t\t\t<div class=\"elementor-widget-wrap elementor-element-populated\">\n\t\t\t\t\t\t<div class=\"elementor-element elementor-element-62089bd elementor-invisible elementor-widget elementor-widget-image\" data-id=\"62089bd\" data-element_type=\"widget\" data-e-type=\"widget\" data-settings=\"{&quot;_animation&quot;:&quot;fadeInRight&quot;}\" data-widget_type=\"image.default\">\n\t\t\t\t<div class=\"elementor-widget-container\">\n\t\t\t\t\t\t\t\t\t\t\t\t\t\t\t<img loading=\"lazy\" decoding=\"async\" width=\"200\" height=\"231\" src=\"https:\/\/ecosave.com\/wp-content\/uploads\/2020\/04\/Zonne-boiler-installatie-tekening.jpg\" class=\"attachment-full size-full wp-image-39953\" alt=\"\" srcset=\"https:\/\/ecosave.com\/wp-content\/uploads\/2020\/04\/Zonne-boiler-installatie-tekening.jpg.webp 200w, https:\/\/ecosave.com\/wp-content\/uploads\/2020\/04\/Zonne-boiler-installatie-tekening-64x74.jpg.webp 64w\" sizes=\"(max-width: 200px) 100vw, 200px\">\t\t\t\t\t\t\t\t\t\t\t\t\t\t\t<\/div>\n\t\t\t\t<\/div>\n\t\t\t\t\t<\/div>\n\t\t<\/div>\n\t\t\t\t\t<\/div>\n\t\t<\/section>\n\t\t\t\t<section class=\"elementor-section elementor-top-section elementor-element elementor-element-4c2c987 elementor-section-boxed elementor-section-height-default elementor-section-height-default elementor-invisible\" data-id=\"4c2c987\" data-element_type=\"section\" data-e-type=\"section\" data-settings=\"{&quot;animation&quot;:&quot;fadeInUp&quot;}\">\n\t\t\t\t\t\t<div class=\"elementor-container elementor-column-gap-default\">\n\t\t\t\t\t<div class=\"elementor-column elementor-col-100 elementor-top-column elementor-element elementor-element-ba60fc0\" data-id=\"ba60fc0\" data-element_type=\"column\" data-e-type=\"column\">\n\t\t\t<div class=\"elementor-widget-wrap elementor-element-populated\">\n\t\t\t\t\t\t<div class=\"elementor-element elementor-element-b99bc66 elementor-widget elementor-widget-text-editor\" data-id=\"b99bc66\" data-element_type=\"widget\" data-e-type=\"widget\" data-widget_type=\"text-editor.default\">\n\t\t\t\t<div class=\"elementor-widget-container\">\n\t\t\t\t\t\t\t\t\t<h5>Beneficio ambiental neto<\/h5><p>La producci\u00f3n de la caldera en s\u00ed no puede (todav\u00eda) llevarse a cabo sin combustibles f\u00f3siles, pero este consumo no supera la cantidad de energ\u00eda procedente de combustibles f\u00f3siles que ahorra la caldera.<\/p><p>En un a\u00f1o, un calentador de agua solar est\u00e1ndar produce tanta energ\u00eda como la necesaria para fabricar el dispositivo.<\/p><p>A partir de ese momento, la caldera ha recuperado sus costes de combustible f\u00f3sil. El resto de su vida es de al menos catorce a\u00f1os: cada metro c\u00fabico de gas ahorrado por la caldera cuenta como un beneficio ambiental neto<\/p>\t\t\t\t\t\t\t\t<\/div>\n\t\t\t\t<\/div>\n\t\t\t\t\t<\/div>\n\t\t<\/div>\n\t\t\t\t\t<\/div>\n\t\t<\/section>\n\t\t\t\t<section class=\"elementor-section elementor-top-section elementor-element elementor-element-4271cbb elementor-section-boxed elementor-section-height-default elementor-section-height-default\" data-id=\"4271cbb\" data-element_type=\"section\" data-e-type=\"section\">\n\t\t\t\t\t\t<div class=\"elementor-container elementor-column-gap-default\">\n\t\t\t\t\t<div class=\"elementor-column elementor-col-66 elementor-top-column elementor-element elementor-element-710d895\" data-id=\"710d895\" data-element_type=\"column\" data-e-type=\"column\">\n\t\t\t<div class=\"elementor-widget-wrap elementor-element-populated\">\n\t\t\t\t\t\t<div class=\"elementor-element elementor-element-ef56a6a elementor-cta--skin-cover elementor-cta--valign-bottom elementor-widget elementor-widget-call-to-action\" data-id=\"ef56a6a\" data-element_type=\"widget\" data-e-type=\"widget\" data-widget_type=\"call-to-action.default\">\n\t\t\t\t<div class=\"elementor-widget-container\">\n\t\t\t\t\t\t\t<div class=\"elementor-cta\">\n\t\t\t\t\t<div class=\"elementor-cta__bg-wrapper\">\n\t\t\t\t<div class=\"elementor-cta__bg elementor-bg\" style=\"background-image: url(https:\/\/ecosave.com\/wp-content\/uploads\/2022\/01\/duo-zonnepaneel.jpg);\" role=\"img\" aria-label=\"Paneles solares de 2 caras\"><\/div>\n\t\t\t\t<div class=\"elementor-cta__bg-overlay\"><\/div>\n\t\t\t<\/div>\n\t\t\t\t\t\t\t<div class=\"elementor-cta__content\">\n\t\t\t\t\n\t\t\t\t\t\t\t\t\t<h2 class=\"elementor-cta__title elementor-cta__content-item elementor-content-item\">\n\t\t\t\t\t\t\u00bfEs esto algo para ti?\t\t\t\t\t<\/h2>\n\t\t\t\t\n\t\t\t\t\t\t\t\t\t<div class=\"elementor-cta__description elementor-cta__content-item elementor-content-item\">\n\t\t\t\t\t\t\u00bfDesea m\u00e1s informaci\u00f3n y posiblemente un presupuesto personalizado?\t\t\t\t\t<\/div>\n\t\t\t\t\n\t\t\t\t\t\t\t\t\t<div class=\"elementor-cta__button-wrapper elementor-cta__content-item elementor-content-item \">\n\t\t\t\t\t<a class=\"elementor-cta__button elementor-button elementor-size-md\" href=\"https:\/\/ecosave.com\/contact\/\">\n\t\t\t\t\t\tSolicitud de cotizaci\u00f3n\t\t\t\t\t<\/a>\n\t\t\t\t\t<\/div>\n\t\t\t\t\t\t\t<\/div>\n\t\t\t\t\t\t<\/div>\n\t\t\t\t\t\t<\/div>\n\t\t\t\t<\/div>\n\t\t\t\t<div class=\"elementor-element elementor-element-8764d03 elementor-widget elementor-widget-spacer\" data-id=\"8764d03\" data-element_type=\"widget\" data-e-type=\"widget\" data-widget_type=\"spacer.default\">\n\t\t\t\t<div class=\"elementor-widget-container\">\n\t\t\t\t\t\t\t<div class=\"elementor-spacer\">\n\t\t\t<div class=\"elementor-spacer-inner\"><\/div>\n\t\t<\/div>\n\t\t\t\t\t\t<\/div>\n\t\t\t\t<\/div>\n\t\t\t\t\t<\/div>\n\t\t<\/div>\n\t\t\t\t<div class=\"elementor-column elementor-col-33 elementor-top-column elementor-element elementor-element-85e2736\" data-id=\"85e2736\" data-element_type=\"column\" data-e-type=\"column\">\n\t\t\t<div class=\"elementor-widget-wrap elementor-element-populated\">\n\t\t\t\t\t\t<div class=\"elementor-element elementor-element-4b92c47 elementor-widget elementor-widget-text-editor\" data-id=\"4b92c47\" data-element_type=\"widget\" data-e-type=\"widget\" data-widget_type=\"text-editor.default\">\n\t\t\t\t<div class=\"elementor-widget-container\">\n\t\t\t\t\t\t\t\t\t<h4><em><strong>Beneficios:<\/strong><\/em><\/h4><ul><li>M\u00e1s rendimiento energ\u00e9tico +\/- 25%<\/li><li>Rendimiento por panel aproximadamente 400-425 kWh<\/li><li>Aproximadamente 200L de ahorro de gas por a\u00f1o<\/li><li>Dimensiones: LxAnxP 170x99x4cm<\/li><\/ul>\t\t\t\t\t\t\t\t<\/div>\n\t\t\t\t<\/div>\n\t\t\t\t\t<\/div>\n\t\t<\/div>\n\t\t\t\t\t<\/div>\n\t\t<\/section>\n\t\t\t\t<\/div>\n\t\t","protected":false},"excerpt":{"rendered":"<p>Ecosave calentadores solares de agua Calentadores de agua solares Son muy diferentes de los paneles solares (PV), porque suministran agua caliente, no electricidad. Agua caliente que se puede usar para agua caliente del grifo en la cocina, ducha pero tambi\u00e9n lavadora (si es adecuada para eso). \u00a1Incluso es posible, si hay suficiente superficie y espacio [&hellip;]<\/p>\n","protected":false},"author":1,"featured_media":0,"parent":0,"menu_order":0,"comment_status":"closed","ping_status":"closed","template":"","meta":{"_acf_changed":false,"site-sidebar-layout":"no-sidebar","site-content-layout":"page-builder","ast-site-content-layout":"default","site-content-style":"default","site-sidebar-style":"default","ast-global-header-display":"","ast-banner-title-visibility":"","ast-main-header-display":"","ast-hfb-above-header-display":"","ast-hfb-below-header-display":"","ast-hfb-mobile-header-display":"","site-post-title":"disabled","ast-breadcrumbs-content":"","ast-featured-img":"disabled","footer-sml-layout":"","ast-disable-related-posts":"","theme-transparent-header-meta":"default","adv-header-id-meta":"","stick-header-meta":"","header-above-stick-meta":"","header-main-stick-meta":"","header-below-stick-meta":"","astra-migrate-meta-layouts":"default","ast-page-background-enabled":"default","ast-page-background-meta":{"desktop":{"background-color":"","background-image":"","background-repeat":"repeat","background-position":"center center","background-size":"auto","background-attachment":"scroll","background-type":"","background-media":"","overlay-type":"","overlay-color":"","overlay-opacity":"","overlay-gradient":""},"tablet":{"background-color":"","background-image":"","background-repeat":"repeat","background-position":"center center","background-size":"auto","background-attachment":"scroll","background-type":"","background-media":"","overlay-type":"","overlay-color":"","overlay-opacity":"","overlay-gradient":""},"mobile":{"background-color":"","background-image":"","background-repeat":"repeat","background-position":"center center","background-size":"auto","background-attachment":"scroll","background-type":"","background-media":"","overlay-type":"","overlay-color":"","overlay-opacity":"","overlay-gradient":""}},"ast-content-background-meta":{"desktop":{"background-color":"var(--ast-global-color-5)","background-image":"","background-repeat":"repeat","background-position":"center center","background-size":"auto","background-attachment":"scroll","background-type":"","background-media":"","overlay-type":"","overlay-color":"","overlay-opacity":"","overlay-gradient":""},"tablet":{"background-color":"var(--ast-global-color-5)","background-image":"","background-repeat":"repeat","background-position":"center center","background-size":"auto","background-attachment":"scroll","background-type":"","background-media":"","overlay-type":"","overlay-color":"","overlay-opacity":"","overlay-gradient":""},"mobile":{"background-color":"var(--ast-global-color-5)","background-image":"","background-repeat":"repeat","background-position":"center center","background-size":"auto","background-attachment":"scroll","background-type":"","background-media":"","overlay-type":"","overlay-color":"","overlay-opacity":"","overlay-gradient":""}},"footnotes":""},"class_list":["post-23451","page","type-page","status-publish","hentry"],"acf":[],"_links":{"self":[{"href":"https:\/\/ecosave.com\/es\/wp-json\/wp\/v2\/pages\/23451","targetHints":{"allow":["GET"]}}],"collection":[{"href":"https:\/\/ecosave.com\/es\/wp-json\/wp\/v2\/pages"}],"about":[{"href":"https:\/\/ecosave.com\/es\/wp-json\/wp\/v2\/types\/page"}],"author":[{"embeddable":true,"href":"https:\/\/ecosave.com\/es\/wp-json\/wp\/v2\/users\/1"}],"replies":[{"embeddable":true,"href":"https:\/\/ecosave.com\/es\/wp-json\/wp\/v2\/comments?post=23451"}],"version-history":[{"count":0,"href":"https:\/\/ecosave.com\/es\/wp-json\/wp\/v2\/pages\/23451\/revisions"}],"wp:attachment":[{"href":"https:\/\/ecosave.com\/es\/wp-json\/wp\/v2\/media?parent=23451"}],"curies":[{"name":"wp","href":"https:\/\/api.w.org\/{rel}","templated":true}]}}