{"id":23676,"date":"2019-03-04T10:02:47","date_gmt":"2019-03-04T09:02:47","guid":{"rendered":"https:\/\/ecosave.com\/politica-de-privacidad\/"},"modified":"2022-02-24T17:01:48","modified_gmt":"2022-02-24T16:01:48","slug":"politica-de-privacidad","status":"publish","type":"page","link":"https:\/\/ecosave.com\/es\/politica-de-privacidad\/","title":{"rendered":"Pol\u00edtica de privacidad"},"content":{"rendered":"\t\t<div data-elementor-type=\"wp-page\" data-elementor-id=\"23676\" class=\"elementor elementor-23676 elementor-3\" data-elementor-post-type=\"page\">\n\t\t\t\t\t\t<section class=\"elementor-section elementor-top-section elementor-element elementor-element-95616ac elementor-section-boxed elementor-section-height-default elementor-section-height-default\" data-id=\"95616ac\" data-element_type=\"section\" data-e-type=\"section\">\n\t\t\t\t\t\t<div class=\"elementor-container elementor-column-gap-default\">\n\t\t\t\t\t<div class=\"elementor-column elementor-col-100 elementor-top-column elementor-element elementor-element-f82e33b\" data-id=\"f82e33b\" data-element_type=\"column\" data-e-type=\"column\">\n\t\t\t<div class=\"elementor-widget-wrap elementor-element-populated\">\n\t\t\t\t\t\t<div class=\"elementor-element elementor-element-5b57ba6 elementor-widget elementor-widget-text-editor\" data-id=\"5b57ba6\" data-element_type=\"widget\" data-e-type=\"widget\" data-widget_type=\"text-editor.default\">\n\t\t\t\t<div class=\"elementor-widget-container\">\n\t\t\t\t\t\t\t\t\t<p style=\"font-size: 15px;\"><span style=\"font-weight: bold;\">Pol\u00edtica de privacidad Ecoahorro<\/span><\/p><p style=\"font-size: 15px;\"><blockquote class=\"wp-embedded-content\" data-secret=\"1hWWzXxvaC\"><a href=\"https:\/\/ecosave.com\/es\/\">Inicio 2023<\/a><\/blockquote><iframe class=\"wp-embedded-content\" sandbox=\"allow-scripts\" security=\"restricted\" style=\"position: absolute; clip: rect(1px, 1px, 1px, 1px);\" title=\"\u00abInicio 2023\u00bb \u2014 Ecosave\" src=\"https:\/\/ecosave.com\/es\/embed\/#?secret=tHkfyq3IEG#?secret=1hWWzXxvaC\" data-secret=\"1hWWzXxvaC\" width=\"500\" height=\"282\" frameborder=\"0\" marginwidth=\"0\" marginheight=\"0\" scrolling=\"no\"><\/iframe><\/p><p style=\"font-size: 15px;\"><span style=\"font-weight: bold;\"><i>Acerca de nuestra pol\u00edtica de privacidad<\/i><\/span><\/p><p style=\"font-size: 15px;\">Ecosave se preocupa mucho por tu privacidad. Por lo tanto, solo procesamos los datos que necesitamos para (mejorar) nuestros servicios y manejamos la informaci\u00f3n que hemos recopilado sobre usted y su uso de nuestros servicios con cuidado. Nunca ponemos sus datos a disposici\u00f3n de terceros con fines comerciales.<\/p><p style=\"font-size: 15px;\">Esta pol\u00edtica de privacidad se aplica al uso del sitio web y los servicios proporcionados por Ecosave. La fecha efectiva para la vigencia de estos t\u00e9rminos y condiciones es el 17\/12\/2018, con la publicaci\u00f3n de una nueva versi\u00f3n expira la vigencia de todas las versiones anteriores. Esta pol\u00edtica de privacidad describe qu\u00e9 datos sobre usted recopilamos, para qu\u00e9 se utilizan estos datos y con qui\u00e9n y en qu\u00e9 condiciones se pueden compartir estos datos con terceros. Tambi\u00e9n le explicamos c\u00f3mo almacenamos sus datos y c\u00f3mo los protegemos contra el uso indebido y qu\u00e9 derechos tiene con respecto a los datos personales que nos proporciona.<\/p><p style=\"font-size: 15px;\">Si tiene alguna pregunta sobre nuestra pol\u00edtica de privacidad, comun\u00edquese con nuestra persona de contacto de privacidad, los detalles de contacto se pueden encontrar al final de nuestra pol\u00edtica de privacidad.<\/p><p style=\"font-size: 15px;\"><i>Sobre el procesamiento de datos<\/i><\/p><p style=\"font-size: 15px;\">A continuaci\u00f3n puede leer c\u00f3mo procesamos sus datos, d\u00f3nde los almacenamos (o hacemos que se almacenen), qu\u00e9 t\u00e9cnicas de seguridad utilizamos y para qui\u00e9n son transparentes los datos.<\/p><p style=\"font-size: 15px;\">software de tienda en linea<\/p><p style=\"font-size: 15px;\"><i>tienda web<\/i><\/p><p style=\"font-size: 15px;\">Nuestra tienda web ha sido desarrollada con el software adecuado. Los datos personales que usted pone a nuestra disposici\u00f3n con el fin de nuestros servicios se comparten con nosotros. Tenemos acceso a sus datos para brindarnos soporte (t\u00e9cnico), nunca usar\u00e1n sus datos para ning\u00fan otro prop\u00f3sito.<\/p><p style=\"font-size: 15px;\">Estamos obligados a tomar las medidas de seguridad adecuadas.Utilizamos cookies para recopilar informaci\u00f3n t\u00e9cnica sobre el uso que usted hace del software, no se recopilan ni almacenan datos personales.<\/p><p style=\"font-size: 15px;\"><i>alojamiento web<\/i><\/p><p style=\"font-size: 15px;\">IP trans<\/p><p style=\"font-size: 15px;\">Compramos alojamiento web y servicios de correo electr\u00f3nico de Trans IP. Trans IP procesa datos personales en nuestro nombre y no utiliza sus datos para sus propios fines. Sin embargo, esta parte puede recopilar metadatos sobre el uso de los servicios. Estos no son datos personales. TransIP ha tomado las medidas t\u00e9cnicas y organizativas adecuadas para evitar la p\u00e9rdida y el uso no autorizado de sus datos personales. TransIP est\u00e1 obligada a guardar secreto en virtud del acuerdo.<\/p><p style=\"font-size: 15px;\">Utilizamos los servicios de . Esta parte ha tomado las medidas t\u00e9cnicas y organizativas apropiadas para evitar el uso indebido, la p\u00e9rdida y la corrupci\u00f3n de sus datos y los nuestros en la medida de lo posible. no tiene acceso a nuestro buz\u00f3n y tratamos todo nuestro tr\u00e1fico de correo electr\u00f3nico de forma confidencial.<\/p><p style=\"font-size: 15px;\"><i>Procesadores de pagos<\/i><\/p><p style=\"font-size: 15px;\"><span style=\"font-weight: bold;\">mollie<\/span><\/p><p style=\"font-size: 15px;\">Usamos la plataforma Mollie para manejar (parte de) los pagos en nuestra tienda web. Mollie procesa su nombre, direcci\u00f3n y detalles de residencia y sus detalles de pago, como su cuenta bancaria o n\u00famero de tarjeta de cr\u00e9dito. Mollie ha tomado las medidas t\u00e9cnicas y organizativas apropiadas para proteger sus datos personales. Mollie se reserva el derecho de utilizar sus datos para mejorar a\u00fan m\u00e1s el servicio y compartir datos (anonimizados) con terceros en este contexto. Todas las garant\u00edas mencionadas anteriormente con respecto a la protecci\u00f3n de sus datos personales tambi\u00e9n se aplican a las partes de los servicios de Mollie para las que contratan a terceros. Mollie no almacena sus datos por m\u00e1s tiempo del permitido por la ley.<\/p><p style=\"font-size: 15px;\"><i>Rese\u00f1as<\/i><\/p><p style=\"font-size: 15px;\">Recopilamos rese\u00f1as a trav\u00e9s de la plataforma Ecosave. Si deja una rese\u00f1a a trav\u00e9s de Ecosave, est\u00e1 obligado a proporcionar su nombre, lugar de residencia y direcci\u00f3n de correo electr\u00f3nico. Ecosave comparte esta informaci\u00f3n con nosotros para que podamos vincular la revisi\u00f3n a su pedido. [AANBIEDER] tambi\u00e9n publica su nombre y lugar de residencia en su propio sitio web. En algunos casos,[AANBIEDER] en contacto con usted para explicar su opini\u00f3n. En caso de que lo invitemos a dejar una rese\u00f1a, compartiremos su nombre y direcci\u00f3n de correo electr\u00f3nico con Ecosave. Solo usan esta informaci\u00f3n con el fin de invitarlo a dejar una rese\u00f1a. Ecosave ha tomado las medidas t\u00e9cnicas y organizativas apropiadas para proteger sus datos personales. Ecosave se reserva el derecho de contratar a terceros para la prestaci\u00f3n del servicio, para lo cual hemos dado permiso a Ecosave. Todas las garant\u00edas mencionadas anteriormente con respecto a la protecci\u00f3n de sus datos personales tambi\u00e9n se aplican a las partes del servicio para las que Ecosave contrata a terceros.<\/p><p style=\"font-size: 15px;\"><i>Env\u00edo y log\u00edstica<\/i><\/p><p style=\"font-size: 15px;\"><span style=\"font-weight: bold;\">PostNL<\/span><\/p><p style=\"font-size: 15px;\">Cuando realiza un pedido con nosotros, nuestro trabajo es enviarle su paquete. Utilizamos los servicios de PostNL para realizar las entregas. Por lo tanto, es necesario que compartamos su nombre, direcci\u00f3n y detalles de residencia con PostNL. PostNL solo utiliza esta informaci\u00f3n con el fin de ejecutar el acuerdo. En el caso de que PostNL contrate subcontratistas, PostNL tambi\u00e9n pondr\u00e1 sus datos a disposici\u00f3n de estas partes.<\/p><p style=\"font-size: 15px;\"><i>facturaci\u00f3n y contabilidad<\/i><\/p><p style=\"font-size: 15px;\"><span style=\"font-weight: bold;\">Inicio r\u00e1pido<\/span><\/p><p style=\"font-size: 15px;\">Utilizamos los servicios de Snelstart para realizar un seguimiento de nuestra administraci\u00f3n y contabilidad. Compartimos su nombre, direcci\u00f3n y detalles de residencia y detalles sobre su pedido. Estos datos se utilizan para la administraci\u00f3n de las facturas de venta. Sus datos personales se env\u00edan y almacenan protegidos. Snelstart est\u00e1 obligado a guardar secreto y tratar\u00e1 sus datos de forma confidencial. Snelstart no utiliza sus datos personales para fines distintos a los descritos anteriormente.<\/p><p style=\"font-size: 15px;\"><i>Canales de venta externos<\/i><\/p><p style=\"font-size: 15px;\">Finalidad del tratamiento de datos<\/p><p style=\"font-size: 15px;\">Finalidad general del tratamiento<\/p><p style=\"font-size: 15px;\">Solo usamos sus datos para el prop\u00f3sito de nuestros servicios. Esto significa que el prop\u00f3sito del procesamiento siempre est\u00e1 directamente relacionado con el pedido que proporciona. No utilizamos sus datos para marketing (dirigido). Si comparte informaci\u00f3n con nosotros y usamos esta informaci\u00f3n para comunicarnos con usted en un momento posterior, que no sea a pedido suyo, le pediremos permiso expl\u00edcito para esto. Sus datos no se compartir\u00e1n con terceros, salvo para cumplir con las obligaciones contables y administrativas.<\/p><p style=\"font-size: 15px;\">Estos terceros se mantienen todos en secreto en virtud del acuerdo entre ellos y nosotros o un juramento o legal<\/p><p style=\"font-size: 15px;\"><i>Datos recopilados autom\u00e1ticamente<\/i><\/p><p style=\"font-size: 15px;\">Los datos recopilados autom\u00e1ticamente por nuestro sitio web se procesan con el objetivo de mejorar a\u00fan m\u00e1s nuestros servicios. Estos datos (por ejemplo, su direcci\u00f3n IP, navegador web y sistema operativo) no son datos personales.<\/p><p style=\"font-size: 15px;\"><i>Cooperaci\u00f3n con las investigaciones fiscales y penales<\/i><\/p><p style=\"font-size: 15px;\">En algunos casos, Ecosave puede retenerse sobre la base de una obligaci\u00f3n legal de compartir sus datos en relaci\u00f3n con investigaciones penales o fiscales del gobierno. En tal caso, nos vemos obligados a compartir sus datos, pero nos opondremos dentro de las posibilidades que la ley nos ofrece.<\/p><p style=\"font-size: 15px;\"><i>Per\u00edodos de retenci\u00f3n<\/i><\/p><p style=\"font-size: 15px;\">Conservamos tus datos mientras seas cliente nuestro. Esto significa que mantenemos su perfil de cliente hasta que indique que ya no desea utilizar nuestros servicios. Si nos indica esto, tambi\u00e9n lo consideraremos como una solicitud de olvido. En base a las obligaciones administrativas aplicables, debemos conservar las facturas con sus datos (personales), por lo que conservaremos estos datos mientras transcurra el plazo aplicable. Sin embargo, los empleados ya no tienen acceso a su perfil de cliente ni a los documentos que hemos preparado en respuesta a su asignaci\u00f3n.<\/p><p style=\"font-size: 15px;\"><i>Tus derechos<\/i><\/p><p style=\"font-size: 15px;\">Sobre la base de la legislaci\u00f3n holandesa y europea aplicable, usted, como sujeto de datos, tiene ciertos derechos con respecto a los datos personales que son procesados por nosotros o en nuestro nombre. A continuaci\u00f3n le explicamos qu\u00e9 derechos son estos y c\u00f3mo puede invocarlos. En principio, para evitar el mal uso, solo enviamos copias y copias de sus datos a su direcci\u00f3n de correo electr\u00f3nico ya conocida. En el caso de que desee recibir los datos en una direcci\u00f3n de correo electr\u00f3nico diferente o, por ejemplo, por correo postal, le pediremos que se identifique. Mantenemos registros de las solicitudes completadas, en caso de que se olvide una solicitud, administramos datos anonimizados. Recibir\u00e1 todas las copias y copias de los datos en el formato de datos legibles por m\u00e1quina que utilizamos en nuestros sistemas. Tiene derecho en todo momento a presentar una queja ante la Autoridad holandesa de protecci\u00f3n de datos si sospecha que estamos utilizando sus datos personales de manera incorrecta.<\/p><p style=\"font-size: 15px;\"><i>Derecho de acceso<\/i><\/p><p style=\"font-size: 15px;\">Siempre tiene derecho a ver los datos que procesamos o hemos procesado y que se relacionan con su persona o se pueden rastrear hasta usted. Puede realizar una solicitud a tal efecto a nuestra persona de contacto para asuntos de privacidad. A continuaci\u00f3n, recibir\u00e1 una respuesta a su solicitud en un plazo de 30 d\u00edas. Si se concede su solicitud, le enviaremos una copia de todos los datos con una descripci\u00f3n general de los procesadores que tienen estos datos a la direcci\u00f3n de correo electr\u00f3nico que conocemos, indicando la categor\u00eda en la que hemos almacenado estos datos.<\/p><p style=\"font-size: 15px;\"><i>Correcci\u00f3n a la derecha<\/i><\/p><p style=\"font-size: 15px;\">Siempre tiene derecho a que se ajusten los datos que procesamos o hemos procesado y que se relacionan con su persona o se pueden rastrear hasta usted. Puede realizar una solicitud a tal efecto a nuestra persona de contacto para asuntos privados. A continuaci\u00f3n, recibir\u00e1 una respuesta a su solicitud en un plazo de 30 d\u00edas. Si su solicitud es concedida, le enviaremos una confirmaci\u00f3n de que los datos han sido ajustados a la direcci\u00f3n de correo electr\u00f3nico que conocemos.<\/p><p style=\"font-size: 15px;\">Derecho a la limitaci\u00f3n del tratamiento<\/p><p style=\"font-size: 15px;\">Siempre tiene derecho a limitar los datos que procesamos o hemos procesado que se relacionan con su persona o que se pueden rastrear hasta usted. Puede realizar una solicitud a tal efecto a nuestra persona de contacto para asuntos de privacidad. A continuaci\u00f3n, recibir\u00e1 una respuesta a su solicitud en un plazo de 30 d\u00edas. Si se concede su solicitud, le enviaremos una confirmaci\u00f3n a la direcci\u00f3n de correo electr\u00f3nico que conocemos de que los datos ya no se procesar\u00e1n hasta que levante la restricci\u00f3n.<\/p><p style=\"font-size: 15px;\"><i>Derecho a la portabilidad<\/i><\/p><p style=\"font-size: 15px;\">Siempre tiene derecho a que los datos que procesamos o hemos procesado y que se relacionan con su persona o se pueden rastrear, sean realizados por otra parte. Puede realizar una solicitud a tal efecto a nuestra persona de contacto para asuntos privados. A continuaci\u00f3n, recibir\u00e1 una respuesta a su solicitud en un plazo de 30 d\u00edas. Si se concede su solicitud, le enviaremos copias o copias de todos los datos sobre usted que hayamos procesado o que hayan sido procesados en nuestro nombre por otros procesadores o terceros a la direcci\u00f3n de correo electr\u00f3nico que conocemos. Con toda probabilidad, ya no podremos continuar con el servicio en tal caso, porque entonces ya no se puede garantizar la vinculaci\u00f3n segura de los archivos de datos.<\/p><p style=\"font-size: 15px;\"><i>Derecho de oposici\u00f3n y otros derechos<\/i><\/p><p style=\"font-size: 15px;\">En tales casos, tiene derecho a oponerse al procesamiento de sus datos personales por o en nombre de Ecosave. Si se opone, detendremos inmediatamente el procesamiento de datos hasta que se procese su objeci\u00f3n. Si su objeci\u00f3n est\u00e1 justificada, haremos copias y\/o copias de los datos que procesamos o hemos procesado a su disposici\u00f3n y luego descontinuaremos el procesamiento de forma permanente. Tambi\u00e9n tiene derecho a no estar sujeto a la toma de decisiones o elaboraci\u00f3n de perfiles individuales automatizados. No procesamos sus datos de tal manera que se aplique este derecho. Si cree que este es el caso, comun\u00edquese con nuestra persona de contacto para asuntos de privacidad.<\/p><p style=\"font-size: 15px;\"><i>Galletas<\/i><\/p><p style=\"font-size: 15px;\">Cookies de terceros<\/p><p style=\"font-size: 15px;\">En caso de que las soluciones de software de terceros utilicen cookies, esto se indica en esta declaraci\u00f3n de privacidad.<\/p><p style=\"font-size: 15px;\">Cambios en la pol\u00edtica de privacidad<\/p><p style=\"font-size: 15px;\">Nos reservamos el derecho de cambiar nuestra pol\u00edtica de privacidad en cualquier momento. Sin embargo, siempre encontrar\u00e1 la versi\u00f3n m\u00e1s reciente en esta p\u00e1gina. Si la nueva pol\u00edtica de privacidad tiene consecuencias en la forma en que procesamos los datos ya recopilados sobre usted, se lo informaremos por correo electr\u00f3nico.<\/p><p style=\"font-size: 15px;\"><span style=\"font-weight: bold;\"><i>Detalles de contacto<\/i><\/span><\/p><p style=\"font-size: 15px;\">ecoahorro<\/p><p style=\"font-size: 15px;\">Noorderbaan, 25 8256 PP 8256 PP Biddinghuizen Pa\u00edses Bajos T (032) 133-2038 E info@ecosave.nl<\/p><p style=\"font-size: 15px;\">Persona de contacto para asuntos de privacidad<\/p><p style=\"font-size: 15px;\">Daniel Vandy<\/p>\t\t\t\t\t\t\t\t<\/div>\n\t\t\t\t<\/div>\n\t\t\t\t\t<\/div>\n\t\t<\/div>\n\t\t\t\t\t<\/div>\n\t\t<\/section>\n\t\t\t\t<\/div>\n\t\t","protected":false},"excerpt":{"rendered":"<p>Pol\u00edtica de privacidad Ecoahorro Inicio 2023 Acerca de nuestra pol\u00edtica de privacidad Ecosave se preocupa mucho por tu privacidad. Por lo tanto, solo procesamos los datos que necesitamos para (mejorar) nuestros servicios y manejamos la informaci\u00f3n que hemos recopilado sobre usted y su uso de nuestros servicios con cuidado. Nunca ponemos sus datos a disposici\u00f3n [&hellip;]<\/p>\n","protected":false},"author":1,"featured_media":0,"parent":0,"menu_order":0,"comment_status":"closed","ping_status":"open","template":"","meta":{"_acf_changed":false,"site-sidebar-layout":"default","site-content-layout":"default","ast-site-content-layout":"default","site-content-style":"default","site-sidebar-style":"default","ast-global-header-display":"","ast-banner-title-visibility":"","ast-main-header-display":"","ast-hfb-above-header-display":"","ast-hfb-below-header-display":"","ast-hfb-mobile-header-display":"","site-post-title":"","ast-breadcrumbs-content":"","ast-featured-img":"","footer-sml-layout":"","ast-disable-related-posts":"","theme-transparent-header-meta":"default","adv-header-id-meta":"","stick-header-meta":"","header-above-stick-meta":"","header-main-stick-meta":"","header-below-stick-meta":"","astra-migrate-meta-layouts":"default","ast-page-background-enabled":"default","ast-page-background-meta":{"desktop":{"background-color":"","background-image":"","background-repeat":"repeat","background-position":"center center","background-size":"auto","background-attachment":"scroll","background-type":"","background-media":"","overlay-type":"","overlay-color":"","overlay-opacity":"","overlay-gradient":""},"tablet":{"background-color":"","background-image":"","background-repeat":"repeat","background-position":"center center","background-size":"auto","background-attachment":"scroll","background-type":"","background-media":"","overlay-type":"","overlay-color":"","overlay-opacity":"","overlay-gradient":""},"mobile":{"background-color":"","background-image":"","background-repeat":"repeat","background-position":"center center","background-size":"auto","background-attachment":"scroll","background-type":"","background-media":"","overlay-type":"","overlay-color":"","overlay-opacity":"","overlay-gradient":""}},"ast-content-background-meta":{"desktop":{"background-color":"var(--ast-global-color-5)","background-image":"","background-repeat":"repeat","background-position":"center center","background-size":"auto","background-attachment":"scroll","background-type":"","background-media":"","overlay-type":"","overlay-color":"","overlay-opacity":"","overlay-gradient":""},"tablet":{"background-color":"var(--ast-global-color-5)","background-image":"","background-repeat":"repeat","background-position":"center center","background-size":"auto","background-attachment":"scroll","background-type":"","background-media":"","overlay-type":"","overlay-color":"","overlay-opacity":"","overlay-gradient":""},"mobile":{"background-color":"var(--ast-global-color-5)","background-image":"","background-repeat":"repeat","background-position":"center center","background-size":"auto","background-attachment":"scroll","background-type":"","background-media":"","overlay-type":"","overlay-color":"","overlay-opacity":"","overlay-gradient":""}},"footnotes":""},"class_list":["post-23676","page","type-page","status-publish","hentry"],"acf":[],"_links":{"self":[{"href":"https:\/\/ecosave.com\/es\/wp-json\/wp\/v2\/pages\/23676","targetHints":{"allow":["GET"]}}],"collection":[{"href":"https:\/\/ecosave.com\/es\/wp-json\/wp\/v2\/pages"}],"about":[{"href":"https:\/\/ecosave.com\/es\/wp-json\/wp\/v2\/types\/page"}],"author":[{"embeddable":true,"href":"https:\/\/ecosave.com\/es\/wp-json\/wp\/v2\/users\/1"}],"replies":[{"embeddable":true,"href":"https:\/\/ecosave.com\/es\/wp-json\/wp\/v2\/comments?post=23676"}],"version-history":[{"count":1,"href":"https:\/\/ecosave.com\/es\/wp-json\/wp\/v2\/pages\/23676\/revisions"}],"predecessor-version":[{"id":64089,"href":"https:\/\/ecosave.com\/es\/wp-json\/wp\/v2\/pages\/23676\/revisions\/64089"}],"wp:attachment":[{"href":"https:\/\/ecosave.com\/es\/wp-json\/wp\/v2\/media?parent=23676"}],"curies":[{"name":"wp","href":"https:\/\/api.w.org\/{rel}","templated":true}]}}