{"id":22619,"date":"2021-09-09T15:25:16","date_gmt":"2021-09-09T13:25:16","guid":{"rendered":"https:\/\/ecosave.com\/acheter-un-separateur-de-graisse\/"},"modified":"2023-10-31T14:29:41","modified_gmt":"2023-10-31T13:29:41","slug":"acheter-un-separateur-de-graisse","status":"publish","type":"page","link":"https:\/\/ecosave.com\/fr\/acheter-un-separateur-de-graisse\/","title":{"rendered":"Acheter un s\u00e9parateur de graisse"},"content":{"rendered":"\t\t<div data-elementor-type=\"wp-page\" data-elementor-id=\"22619\" class=\"elementor elementor-22619 elementor-16585\" data-elementor-post-type=\"page\">\n\t\t\t\t\t\t<section class=\"elementor-section elementor-top-section elementor-element elementor-element-7c55420 elementor-section-boxed elementor-section-height-default elementor-section-height-default\" data-id=\"7c55420\" data-element_type=\"section\" data-e-type=\"section\">\n\t\t\t\t\t\t<div class=\"elementor-container elementor-column-gap-default\">\n\t\t\t\t\t<div class=\"elementor-column elementor-col-100 elementor-top-column elementor-element elementor-element-544df43\" data-id=\"544df43\" data-element_type=\"column\" data-e-type=\"column\">\n\t\t\t<div class=\"elementor-widget-wrap elementor-element-populated\">\n\t\t\t\t\t\t<div class=\"elementor-element elementor-element-b8a9052 elementor-icon-list--layout-inline elementor-list-item-link-inline elementor-widget elementor-widget-icon-list\" data-id=\"b8a9052\" data-element_type=\"widget\" data-e-type=\"widget\" data-widget_type=\"icon-list.default\">\n\t\t\t\t<div class=\"elementor-widget-container\">\n\t\t\t\t\t\t\t<ul class=\"elementor-icon-list-items elementor-inline-items\">\n\t\t\t\t\t\t\t<li class=\"elementor-icon-list-item elementor-inline-item\">\n\t\t\t\t\t\t\t\t\t\t\t<span class=\"elementor-icon-list-icon\">\n\t\t\t\t\t\t\t<i aria-hidden=\"true\" class=\"fas fa-check\"><\/i>\t\t\t\t\t\t<\/span>\n\t\t\t\t\t\t\t\t\t\t<span class=\"elementor-icon-list-text\">Sp\u00e9cialiste des toilettes s\u00e8ches et \u00e0 compost <\/span>\n\t\t\t\t\t\t\t\t\t<\/li>\n\t\t\t\t\t\t\t\t<li class=\"elementor-icon-list-item elementor-inline-item\">\n\t\t\t\t\t\t\t\t\t\t\t<span class=\"elementor-icon-list-icon\">\n\t\t\t\t\t\t\t<i aria-hidden=\"true\" class=\"fas fa-check\"><\/i>\t\t\t\t\t\t<\/span>\n\t\t\t\t\t\t\t\t\t\t<span class=\"elementor-icon-list-text\">Solutions d'\u00e9conomie d'eau et d'\u00e9nergie<\/span>\n\t\t\t\t\t\t\t\t\t<\/li>\n\t\t\t\t\t\t\t\t<li class=\"elementor-icon-list-item elementor-inline-item\">\n\t\t\t\t\t\t\t\t\t\t\t<span class=\"elementor-icon-list-icon\">\n\t\t\t\t\t\t\t<i aria-hidden=\"true\" class=\"fas fa-check\"><\/i>\t\t\t\t\t\t<\/span>\n\t\t\t\t\t\t\t\t\t\t<span class=\"elementor-icon-list-text\">Large applicabilit\u00e9<\/span>\n\t\t\t\t\t\t\t\t\t<\/li>\n\t\t\t\t\t\t<\/ul>\n\t\t\t\t\t\t<\/div>\n\t\t\t\t<\/div>\n\t\t\t\t\t<\/div>\n\t\t<\/div>\n\t\t\t\t\t<\/div>\n\t\t<\/section>\n\t\t\t\t<section class=\"elementor-section elementor-top-section elementor-element elementor-element-78f27ba elementor-section-boxed elementor-section-height-default elementor-section-height-default\" data-id=\"78f27ba\" data-element_type=\"section\" data-e-type=\"section\">\n\t\t\t\t\t\t<div class=\"elementor-container elementor-column-gap-default\">\n\t\t\t\t\t<div class=\"elementor-column elementor-col-100 elementor-top-column elementor-element elementor-element-f0e6eba\" data-id=\"f0e6eba\" data-element_type=\"column\" data-e-type=\"column\">\n\t\t\t<div class=\"elementor-widget-wrap elementor-element-populated\">\n\t\t\t\t\t\t<section class=\"elementor-section elementor-inner-section elementor-element elementor-element-b0433c7 elementor-section-boxed elementor-section-height-default elementor-section-height-default\" data-id=\"b0433c7\" data-element_type=\"section\" data-e-type=\"section\">\n\t\t\t\t\t\t<div class=\"elementor-container elementor-column-gap-default\">\n\t\t\t\t\t<div class=\"elementor-column elementor-col-66 elementor-inner-column elementor-element elementor-element-ad1677d\" data-id=\"ad1677d\" data-element_type=\"column\" data-e-type=\"column\">\n\t\t\t<div class=\"elementor-widget-wrap elementor-element-populated\">\n\t\t\t\t\t\t<div class=\"elementor-element elementor-element-c69d31f elementor-widget elementor-widget-heading\" data-id=\"c69d31f\" data-element_type=\"widget\" data-e-type=\"widget\" data-widget_type=\"heading.default\">\n\t\t\t\t<div class=\"elementor-widget-container\">\n\t\t\t\t\t<h1 class=\"elementor-heading-title elementor-size-default\">Acheter un s\u00e9parateur de graisse<\/h1>\t\t\t\t<\/div>\n\t\t\t\t<\/div>\n\t\t\t\t<div class=\"elementor-element elementor-element-2008f04 elementor-widget elementor-widget-text-editor\" data-id=\"2008f04\" data-element_type=\"widget\" data-e-type=\"widget\" data-widget_type=\"text-editor.default\">\n\t\t\t\t<div class=\"elementor-widget-container\">\n\t\t\t\t\t\t\t\t\t<p>Vous souhaitez acheter un s\u00e9parateur de graisse chez un sp\u00e9cialiste ? Alors vous \u00eates au bon endroit chez Ecosave, situ\u00e9 \u00e0 Biddinghuizen, pr\u00e8s de Lelystad. Nous proposons une large gamme de produits \u00e9conomes en \u00e9nergie et en eau, tels que des s\u00e9parateurs de graisse, des toilettes s\u00e8ches et \u00e0 compost, des filtres \u00e0 eau de pluie et des chauffages durables. Quelle \u00e9tape vers la durabilit\u00e9 franchissez-vous ?<\/p>\t\t\t\t\t\t\t\t<\/div>\n\t\t\t\t<\/div>\n\t\t\t\t\t<\/div>\n\t\t<\/div>\n\t\t\t\t<div class=\"elementor-column elementor-col-33 elementor-inner-column elementor-element elementor-element-ad09296\" data-id=\"ad09296\" data-element_type=\"column\" data-e-type=\"column\">\n\t\t\t<div class=\"elementor-widget-wrap elementor-element-populated\">\n\t\t\t\t\t\t<div class=\"elementor-element elementor-element-1ca6a92 elementor-widget elementor-widget-image\" data-id=\"1ca6a92\" data-element_type=\"widget\" data-e-type=\"widget\" data-widget_type=\"image.default\">\n\t\t\t\t<div class=\"elementor-widget-container\">\n\t\t\t\t\t\t\t\t\t\t\t\t\t\t\t\t<a href=\"https:\/\/ecosave.com\/shop\/afvalwaterzuivering\/vetafscheider-200l\/\">\n\t\t\t\t\t\t\t<img fetchpriority=\"high\" decoding=\"async\" width=\"615\" height=\"616\" src=\"https:\/\/ecosave.com\/wp-content\/uploads\/2021\/09\/Afbeelding3.jpg\" class=\"attachment-large size-large wp-image-53225\" alt=\"\" srcset=\"https:\/\/ecosave.com\/wp-content\/uploads\/2021\/09\/Afbeelding3.jpg 615w, https:\/\/ecosave.com\/wp-content\/uploads\/2021\/09\/Afbeelding3-300x300.jpg 300w, https:\/\/ecosave.com\/wp-content\/uploads\/2021\/09\/Afbeelding3-100x100.jpg 100w, https:\/\/ecosave.com\/wp-content\/uploads\/2021\/09\/Afbeelding3-600x601.jpg 600w, https:\/\/ecosave.com\/wp-content\/uploads\/2021\/09\/Afbeelding3-64x64.jpg 64w, https:\/\/ecosave.com\/wp-content\/uploads\/2021\/09\/Afbeelding3-150x150.jpg 150w\" sizes=\"(max-width: 615px) 100vw, 615px\">\t\t\t\t\t\t\t\t<\/a>\n\t\t\t\t\t\t\t\t\t\t\t\t\t\t\t<\/div>\n\t\t\t\t<\/div>\n\t\t\t\t\t<\/div>\n\t\t<\/div>\n\t\t\t\t\t<\/div>\n\t\t<\/section>\n\t\t\t\t\t<\/div>\n\t\t<\/div>\n\t\t\t\t\t<\/div>\n\t\t<\/section>\n\t\t\t\t<section class=\"elementor-section elementor-top-section elementor-element elementor-element-e7fb8fa elementor-section-boxed elementor-section-height-default elementor-section-height-default\" data-id=\"e7fb8fa\" data-element_type=\"section\" data-e-type=\"section\">\n\t\t\t\t\t\t<div class=\"elementor-container elementor-column-gap-default\">\n\t\t\t\t\t<div class=\"elementor-column elementor-col-100 elementor-top-column elementor-element elementor-element-c0b479e\" data-id=\"c0b479e\" data-element_type=\"column\" data-e-type=\"column\">\n\t\t\t<div class=\"elementor-widget-wrap elementor-element-populated\">\n\t\t\t\t\t\t<div class=\"elementor-element elementor-element-44e69a3 elementor-widget elementor-widget-text-editor\" data-id=\"44e69a3\" data-element_type=\"widget\" data-e-type=\"widget\" data-widget_type=\"text-editor.default\">\n\t\t\t\t<div class=\"elementor-widget-container\">\n\t\t\t\t\t\t\t\t\t<p style=\"text-align: center;\"><strong>Vous souhaitez savoir ce que nous pouvons faire pour vous ?<\/strong><\/p>\t\t\t\t\t\t\t\t<\/div>\n\t\t\t\t<\/div>\n\t\t\t\t<div class=\"elementor-element elementor-element-7549d2b elementor-align-center elementor-widget elementor-widget-button\" data-id=\"7549d2b\" data-element_type=\"widget\" data-e-type=\"widget\" data-widget_type=\"button.default\">\n\t\t\t\t<div class=\"elementor-widget-container\">\n\t\t\t\t\t\t\t\t\t<div class=\"elementor-button-wrapper\">\n\t\t\t\t\t<a class=\"elementor-button elementor-button-link elementor-size-sm\" href=\"https:\/\/ecosave.com\/contact\/\">\n\t\t\t\t\t\t<span class=\"elementor-button-content-wrapper\">\n\t\t\t\t\t\t\t\t\t<span class=\"elementor-button-text\">Contactez-nous<\/span>\n\t\t\t\t\t<\/span>\n\t\t\t\t\t<\/a>\n\t\t\t\t<\/div>\n\t\t\t\t\t\t\t\t<\/div>\n\t\t\t\t<\/div>\n\t\t\t\t\t<\/div>\n\t\t<\/div>\n\t\t\t\t\t<\/div>\n\t\t<\/section>\n\t\t\t\t<section class=\"elementor-section elementor-top-section elementor-element elementor-element-ca6c358 elementor-section-boxed elementor-section-height-default elementor-section-height-default\" data-id=\"ca6c358\" data-element_type=\"section\" data-e-type=\"section\">\n\t\t\t\t\t\t<div class=\"elementor-container elementor-column-gap-default\">\n\t\t\t\t\t<div class=\"elementor-column elementor-col-100 elementor-top-column elementor-element elementor-element-1d1f05e\" data-id=\"1d1f05e\" data-element_type=\"column\" data-e-type=\"column\">\n\t\t\t<div class=\"elementor-widget-wrap elementor-element-populated\">\n\t\t\t\t\t\t<section class=\"elementor-section elementor-inner-section elementor-element elementor-element-4960773 elementor-section-boxed elementor-section-height-default elementor-section-height-default\" data-id=\"4960773\" data-element_type=\"section\" data-e-type=\"section\">\n\t\t\t\t\t\t<div class=\"elementor-container elementor-column-gap-default\">\n\t\t\t\t\t<div class=\"elementor-column elementor-col-33 elementor-inner-column elementor-element elementor-element-00d729d\" data-id=\"00d729d\" data-element_type=\"column\" data-e-type=\"column\">\n\t\t\t<div class=\"elementor-widget-wrap elementor-element-populated\">\n\t\t\t\t\t\t<div class=\"elementor-element elementor-element-76291c3 elementor-widget elementor-widget-image\" data-id=\"76291c3\" data-element_type=\"widget\" data-e-type=\"widget\" data-widget_type=\"image.default\">\n\t\t\t\t<div class=\"elementor-widget-container\">\n\t\t\t\t\t\t\t\t\t\t\t\t\t\t\t\t<a href=\"https:\/\/ecosave.com\/shop\/afvalwaterzuivering\/afvalwater-zuivering-iba\/\">\n\t\t\t\t\t\t\t<img decoding=\"async\" width=\"321\" height=\"217\" src=\"https:\/\/ecosave.com\/wp-content\/uploads\/2021\/09\/Afbeelding4.jpg\" class=\"attachment-large size-large wp-image-53260\" alt=\"\" srcset=\"https:\/\/ecosave.com\/wp-content\/uploads\/2021\/09\/Afbeelding4.jpg 321w, https:\/\/ecosave.com\/wp-content\/uploads\/2021\/09\/Afbeelding4-64x43.jpg 64w, https:\/\/ecosave.com\/wp-content\/uploads\/2021\/09\/Afbeelding4-300x203.jpg 300w\" sizes=\"(max-width: 321px) 100vw, 321px\">\t\t\t\t\t\t\t\t<\/a>\n\t\t\t\t\t\t\t\t\t\t\t\t\t\t\t<\/div>\n\t\t\t\t<\/div>\n\t\t\t\t\t<\/div>\n\t\t<\/div>\n\t\t\t\t<div class=\"elementor-column elementor-col-66 elementor-inner-column elementor-element elementor-element-a19df7e\" data-id=\"a19df7e\" data-element_type=\"column\" data-e-type=\"column\">\n\t\t\t<div class=\"elementor-widget-wrap elementor-element-populated\">\n\t\t\t\t\t\t<div class=\"elementor-element elementor-element-8c9e7e5 elementor-widget elementor-widget-heading\" data-id=\"8c9e7e5\" data-element_type=\"widget\" data-e-type=\"widget\" data-widget_type=\"heading.default\">\n\t\t\t\t<div class=\"elementor-widget-container\">\n\t\t\t\t\t<h2 class=\"elementor-heading-title elementor-size-default\">Achetez un s\u00e9parateur de graisse et \u00e9vitez les dommages aux \u00e9gouts<\/h2>\t\t\t\t<\/div>\n\t\t\t\t<\/div>\n\t\t\t\t<div class=\"elementor-element elementor-element-868e6fc elementor-widget elementor-widget-text-editor\" data-id=\"868e6fc\" data-element_type=\"widget\" data-e-type=\"widget\" data-widget_type=\"text-editor.default\">\n\t\t\t\t<div class=\"elementor-widget-container\">\n\t\t\t\t\t\t\t\t\t<p>Un s\u00e9parateur de graisse que vous pouvez acheter chez nous est une fosse de s\u00e9paration dans le syst\u00e8me d&rsquo;\u00e9gouts. Cette fosse \u00e9limine la salet\u00e9 flottante des eaux us\u00e9es, de sorte qu&rsquo;aucune substance ind\u00e9sirable ne reste dans le syst\u00e8me d&rsquo;\u00e9gout qui obstrue ou endommage l&rsquo;\u00e9gout. La graisse, en particulier, est une substance qui affecte facilement les \u00e9gouts, car les acides gras se forment apr\u00e8s une d\u00e9gradation biologique. Les graisses peuvent \u00e9galement alourdir la station d&rsquo;\u00e9puration ou m\u00eame se retrouver dans les eaux de surface. Vous d\u00e9cidez d&rsquo;acheter un s\u00e9parateur de graisse de <a href=\"https:\/\/ecosave.com\/shop\/\">notre gamme<\/a> ? Ensuite, vous \u00e9vitez des probl\u00e8mes comme celui-ci. L&rsquo;eau grasse de votre maison se retrouve directement dans le r\u00e9servoir, apr\u00e8s quoi le liquide est s\u00e9par\u00e9. Les avantages d&rsquo;un s\u00e9parateur de graisse en un coup d&rsquo;\u0153il :<\/p><ul><li>Facile \u00e0 manipuler (l\u00e9ger)<\/li><li>Faible transfert de chaleur (PE)<\/li><li>Haute r\u00e9sistance aux agressions chimiques<\/li><li>Surface facile \u00e0 nettoyer (surface lisse)<\/li><\/ul>\t\t\t\t\t\t\t\t<\/div>\n\t\t\t\t<\/div>\n\t\t\t\t\t<\/div>\n\t\t<\/div>\n\t\t\t\t\t<\/div>\n\t\t<\/section>\n\t\t\t\t\t<\/div>\n\t\t<\/div>\n\t\t\t\t\t<\/div>\n\t\t<\/section>\n\t\t\t\t<section class=\"elementor-section elementor-top-section elementor-element elementor-element-5950680 elementor-section-boxed elementor-section-height-default elementor-section-height-default\" data-id=\"5950680\" data-element_type=\"section\" data-e-type=\"section\">\n\t\t\t\t\t\t<div class=\"elementor-container elementor-column-gap-default\">\n\t\t\t\t\t<div class=\"elementor-column elementor-col-100 elementor-top-column elementor-element elementor-element-09ef5a5\" data-id=\"09ef5a5\" data-element_type=\"column\" data-e-type=\"column\">\n\t\t\t<div class=\"elementor-widget-wrap elementor-element-populated\">\n\t\t\t\t\t\t<div class=\"elementor-element elementor-element-f6ee89d elementor-widget elementor-widget-heading\" data-id=\"f6ee89d\" data-element_type=\"widget\" data-e-type=\"widget\" data-widget_type=\"heading.default\">\n\t\t\t\t<div class=\"elementor-widget-container\">\n\t\t\t\t\t<h3 class=\"elementor-heading-title elementor-size-default\">Se procurer plus d'information <\/h3>\t\t\t\t<\/div>\n\t\t\t\t<\/div>\n\t\t\t\t<div class=\"elementor-element elementor-element-1019428 elementor-widget elementor-widget-text-editor\" data-id=\"1019428\" data-element_type=\"widget\" data-e-type=\"widget\" data-widget_type=\"text-editor.default\">\n\t\t\t\t<div class=\"elementor-widget-container\">\n\t\t\t\t\t\t\t\t\t<p>Vous souhaitez acheter un s\u00e9parateur de graisse ? Nous serions heureux de vous en dire plus sur nos <a href=\"https:\/\/ecosave.com\/afvalwater-zuivering\/\">syst\u00e8mes de traitement des eaux us\u00e9es<\/a> et nos autres <a href=\"https:\/\/ecosave.com\/?lang=fr\">produits d&rsquo;\u00e9conomie d&rsquo;eau et d&rsquo;\u00e9nergie<\/a> . Appelez le <a href=\"tel:0031321332038\">+31 321 332038<\/a> ou envoyez un e-mail \u00e0 <a href=\"mailto:info@ecosave.com\">info@ecosave.com<\/a> pour plus d&rsquo;informations.<\/p>\t\t\t\t\t\t\t\t<\/div>\n\t\t\t\t<\/div>\n\t\t\t\t\t<\/div>\n\t\t<\/div>\n\t\t\t\t\t<\/div>\n\t\t<\/section>\n\t\t\t\t<\/div>\n\t\t","protected":false},"excerpt":{"rendered":"<p>Sp\u00e9cialiste des toilettes s\u00e8ches et \u00e0 compost Solutions d&rsquo;\u00e9conomie d&rsquo;eau et d&rsquo;\u00e9nergie Large applicabilit\u00e9 Acheter un s\u00e9parateur de graisse Vous souhaitez acheter un s\u00e9parateur de graisse chez un sp\u00e9cialiste ? Alors vous \u00eates au bon endroit chez Ecosave, situ\u00e9 \u00e0 Biddinghuizen, pr\u00e8s de Lelystad. Nous proposons une large gamme de produits \u00e9conomes en \u00e9nergie et [&hellip;]<\/p>\n","protected":false},"author":1,"featured_media":0,"parent":0,"menu_order":0,"comment_status":"closed","ping_status":"closed","template":"","meta":{"_acf_changed":false,"site-sidebar-layout":"no-sidebar","site-content-layout":"page-builder","ast-site-content-layout":"default","site-content-style":"default","site-sidebar-style":"default","ast-global-header-display":"","ast-banner-title-visibility":"","ast-main-header-display":"","ast-hfb-above-header-display":"","ast-hfb-below-header-display":"","ast-hfb-mobile-header-display":"","site-post-title":"disabled","ast-breadcrumbs-content":"","ast-featured-img":"disabled","footer-sml-layout":"","ast-disable-related-posts":"","theme-transparent-header-meta":"default","adv-header-id-meta":"","stick-header-meta":"","header-above-stick-meta":"","header-main-stick-meta":"","header-below-stick-meta":"","astra-migrate-meta-layouts":"set","ast-page-background-enabled":"default","ast-page-background-meta":{"desktop":{"background-color":"","background-image":"","background-repeat":"repeat","background-position":"center center","background-size":"auto","background-attachment":"scroll","background-type":"","background-media":"","overlay-type":"","overlay-color":"","overlay-opacity":"","overlay-gradient":""},"tablet":{"background-color":"","background-image":"","background-repeat":"repeat","background-position":"center center","background-size":"auto","background-attachment":"scroll","background-type":"","background-media":"","overlay-type":"","overlay-color":"","overlay-opacity":"","overlay-gradient":""},"mobile":{"background-color":"","background-image":"","background-repeat":"repeat","background-position":"center center","background-size":"auto","background-attachment":"scroll","background-type":"","background-media":"","overlay-type":"","overlay-color":"","overlay-opacity":"","overlay-gradient":""}},"ast-content-background-meta":{"desktop":{"background-color":"var(--ast-global-color-5)","background-image":"","background-repeat":"repeat","background-position":"center center","background-size":"auto","background-attachment":"scroll","background-type":"","background-media":"","overlay-type":"","overlay-color":"","overlay-opacity":"","overlay-gradient":""},"tablet":{"background-color":"var(--ast-global-color-5)","background-image":"","background-repeat":"repeat","background-position":"center center","background-size":"auto","background-attachment":"scroll","background-type":"","background-media":"","overlay-type":"","overlay-color":"","overlay-opacity":"","overlay-gradient":""},"mobile":{"background-color":"var(--ast-global-color-5)","background-image":"","background-repeat":"repeat","background-position":"center center","background-size":"auto","background-attachment":"scroll","background-type":"","background-media":"","overlay-type":"","overlay-color":"","overlay-opacity":"","overlay-gradient":""}},"footnotes":""},"class_list":["post-22619","page","type-page","status-publish","hentry"],"acf":[],"_links":{"self":[{"href":"https:\/\/ecosave.com\/fr\/wp-json\/wp\/v2\/pages\/22619","targetHints":{"allow":["GET"]}}],"collection":[{"href":"https:\/\/ecosave.com\/fr\/wp-json\/wp\/v2\/pages"}],"about":[{"href":"https:\/\/ecosave.com\/fr\/wp-json\/wp\/v2\/types\/page"}],"author":[{"embeddable":true,"href":"https:\/\/ecosave.com\/fr\/wp-json\/wp\/v2\/users\/1"}],"replies":[{"embeddable":true,"href":"https:\/\/ecosave.com\/fr\/wp-json\/wp\/v2\/comments?post=22619"}],"version-history":[{"count":1,"href":"https:\/\/ecosave.com\/fr\/wp-json\/wp\/v2\/pages\/22619\/revisions"}],"predecessor-version":[{"id":61536,"href":"https:\/\/ecosave.com\/fr\/wp-json\/wp\/v2\/pages\/22619\/revisions\/61536"}],"wp:attachment":[{"href":"https:\/\/ecosave.com\/fr\/wp-json\/wp\/v2\/media?parent=22619"}],"curies":[{"name":"wp","href":"https:\/\/api.w.org\/{rel}","templated":true}]}}