{"id":22699,"date":"2021-09-06T14:31:32","date_gmt":"2021-09-06T12:31:32","guid":{"rendered":"https:\/\/ecosave.com\/informations-de-paiement\/"},"modified":"2023-10-31T15:09:49","modified_gmt":"2023-10-31T14:09:49","slug":"informations-de-paiement","status":"publish","type":"page","link":"https:\/\/ecosave.com\/fr\/informations-de-paiement\/","title":{"rendered":"Informations de paiement"},"content":{"rendered":"\t\t<div data-elementor-type=\"wp-page\" data-elementor-id=\"22699\" class=\"elementor elementor-22699 elementor-16531\" data-elementor-post-type=\"page\">\n\t\t\t\t\t\t<section class=\"elementor-section elementor-top-section elementor-element elementor-element-75cb364 elementor-section-boxed elementor-section-height-default elementor-section-height-default\" data-id=\"75cb364\" data-element_type=\"section\" data-e-type=\"section\">\n\t\t\t\t\t\t<div class=\"elementor-container elementor-column-gap-default\">\n\t\t\t\t\t<div class=\"elementor-column elementor-col-100 elementor-top-column elementor-element elementor-element-59c4559\" data-id=\"59c4559\" data-element_type=\"column\" data-e-type=\"column\">\n\t\t\t<div class=\"elementor-widget-wrap elementor-element-populated\">\n\t\t\t\t\t\t<div class=\"elementor-element elementor-element-35b0f12 elementor-widget elementor-widget-heading\" data-id=\"35b0f12\" data-element_type=\"widget\" data-e-type=\"widget\" data-widget_type=\"heading.default\">\n\t\t\t\t<div class=\"elementor-widget-container\">\n\t\t\t\t\t<h1 class=\"elementor-heading-title elementor-size-default\">Informations de paiement<\/h1>\t\t\t\t<\/div>\n\t\t\t\t<\/div>\n\t\t\t\t<div class=\"elementor-element elementor-element-ace82d0 elementor-widget elementor-widget-text-editor\" data-id=\"ace82d0\" data-element_type=\"widget\" data-e-type=\"widget\" data-widget_type=\"text-editor.default\">\n\t\t\t\t<div class=\"elementor-widget-container\">\n\t\t\t\t\t\t\t\t\t<p>Vous trouverez ici des informations sur tous les modes de paiement possibles que vous pouvez utiliser pour payer avec nous.<\/p>\t\t\t\t\t\t\t\t<\/div>\n\t\t\t\t<\/div>\n\t\t\t\t<div class=\"elementor-element elementor-element-79a1fe8 elementor-tabs-view-vertical elementor-widget elementor-widget-tabs\" data-id=\"79a1fe8\" data-element_type=\"widget\" data-e-type=\"widget\" data-widget_type=\"tabs.default\">\n\t\t\t\t<div class=\"elementor-widget-container\">\n\t\t\t\t\t\t\t<div class=\"elementor-tabs\">\n\t\t\t<div class=\"elementor-tabs-wrapper\" role=\"tablist\" >\n\t\t\t\t\t\t\t\t\t<div id=\"elementor-tab-title-1271\" class=\"elementor-tab-title elementor-tab-desktop-title\" aria-selected=\"true\" data-tab=\"1\" role=\"tab\" tabindex=\"0\" aria-controls=\"elementor-tab-content-1271\" aria-expanded=\"false\">ID\u00c9AL<\/div>\n\t\t\t\t\t\t\t\t\t<div id=\"elementor-tab-title-1272\" class=\"elementor-tab-title elementor-tab-desktop-title\" aria-selected=\"false\" data-tab=\"2\" role=\"tab\" tabindex=\"-1\" aria-controls=\"elementor-tab-content-1272\" aria-expanded=\"false\">Pay Pal<\/div>\n\t\t\t\t\t\t\t\t\t<div id=\"elementor-tab-title-1273\" class=\"elementor-tab-title elementor-tab-desktop-title\" aria-selected=\"false\" data-tab=\"3\" role=\"tab\" tabindex=\"-1\" aria-controls=\"elementor-tab-content-1273\" aria-expanded=\"false\">Carte de cr\u00e9dit<\/div>\n\t\t\t\t\t\t\t\t\t<div id=\"elementor-tab-title-1274\" class=\"elementor-tab-title elementor-tab-desktop-title\" aria-selected=\"false\" data-tab=\"4\" role=\"tab\" tabindex=\"-1\" aria-controls=\"elementor-tab-content-1274\" aria-expanded=\"false\">virement<\/div>\n\t\t\t\t\t\t\t\t\t<div id=\"elementor-tab-title-1275\" class=\"elementor-tab-title elementor-tab-desktop-title\" aria-selected=\"false\" data-tab=\"5\" role=\"tab\" tabindex=\"-1\" aria-controls=\"elementor-tab-content-1275\" aria-expanded=\"false\">Bancontact<\/div>\n\t\t\t\t\t\t\t\t\t<div id=\"elementor-tab-title-1276\" class=\"elementor-tab-title elementor-tab-desktop-title\" aria-selected=\"false\" data-tab=\"6\" role=\"tab\" tabindex=\"-1\" aria-controls=\"elementor-tab-content-1276\" aria-expanded=\"false\">CBC\/CBC<\/div>\n\t\t\t\t\t\t\t<\/div>\n\t\t\t<div class=\"elementor-tabs-content-wrapper\" role=\"tablist\" aria-orientation=\"vertical\">\n\t\t\t\t\t\t\t\t\t<div class=\"elementor-tab-title elementor-tab-mobile-title\" aria-selected=\"true\" data-tab=\"1\" role=\"tab\" tabindex=\"0\" aria-controls=\"elementor-tab-content-1271\" aria-expanded=\"false\">ID\u00c9AL<\/div>\n\t\t\t\t\t<div id=\"elementor-tab-content-1271\" class=\"elementor-tab-content elementor-clearfix\" data-tab=\"1\" role=\"tabpanel\" aria-labelledby=\"elementor-tab-title-1271\" tabindex=\"0\" hidden=\"false\"><p>IDEAL est le mode de paiement le plus connu \u00e0 utiliser lors de vos achats en ligne. Seuls les clients disposant d&rsquo;un num\u00e9ro de compte IBAN n\u00e9erlandais peuvent l&rsquo;utiliser.<\/p><\/div>\n\t\t\t\t\t\t\t\t\t<div class=\"elementor-tab-title elementor-tab-mobile-title\" aria-selected=\"false\" data-tab=\"2\" role=\"tab\" tabindex=\"-1\" aria-controls=\"elementor-tab-content-1272\" aria-expanded=\"false\">Pay Pal<\/div>\n\t\t\t\t\t<div id=\"elementor-tab-content-1272\" class=\"elementor-tab-content elementor-clearfix\" data-tab=\"2\" role=\"tabpanel\" aria-labelledby=\"elementor-tab-title-1272\" tabindex=\"0\" hidden=\"hidden\"><p>Vous pouvez \u00e9galement payer avec nous via PayPal si c&rsquo;est le meilleur moyen de paiement pour vous. Des frais de transaction s&rsquo;y ajoutent.<\/p><\/div>\n\t\t\t\t\t\t\t\t\t<div class=\"elementor-tab-title elementor-tab-mobile-title\" aria-selected=\"false\" data-tab=\"3\" role=\"tab\" tabindex=\"-1\" aria-controls=\"elementor-tab-content-1273\" aria-expanded=\"false\">Carte de cr\u00e9dit<\/div>\n\t\t\t\t\t<div id=\"elementor-tab-content-1273\" class=\"elementor-tab-content elementor-clearfix\" data-tab=\"3\" role=\"tabpanel\" aria-labelledby=\"elementor-tab-title-1273\" tabindex=\"0\" hidden=\"hidden\"><p>Vous pouvez \u00e9galement payer avec nous avec ces cartes Visa, Mastercard et American Express.<\/p><\/div>\n\t\t\t\t\t\t\t\t\t<div class=\"elementor-tab-title elementor-tab-mobile-title\" aria-selected=\"false\" data-tab=\"4\" role=\"tab\" tabindex=\"-1\" aria-controls=\"elementor-tab-content-1274\" aria-expanded=\"false\">virement<\/div>\n\t\t\t\t\t<div id=\"elementor-tab-content-1274\" class=\"elementor-tab-content elementor-clearfix\" data-tab=\"4\" role=\"tabpanel\" aria-labelledby=\"elementor-tab-title-1274\" tabindex=\"0\" hidden=\"hidden\"><p>Virement bancaire : Vous pouvez transf\u00e9rer l&rsquo;argent vous-m\u00eame, mais cela peut parfois prendre un certain temps en raison du temps de traitement.<\/p><\/div>\n\t\t\t\t\t\t\t\t\t<div class=\"elementor-tab-title elementor-tab-mobile-title\" aria-selected=\"false\" data-tab=\"5\" role=\"tab\" tabindex=\"-1\" aria-controls=\"elementor-tab-content-1275\" aria-expanded=\"false\">Bancontact<\/div>\n\t\t\t\t\t<div id=\"elementor-tab-content-1275\" class=\"elementor-tab-content elementor-clearfix\" data-tab=\"5\" role=\"tabpanel\" aria-labelledby=\"elementor-tab-title-1275\" tabindex=\"0\" hidden=\"hidden\"><p>Un moyen de paiement belge.<\/p><p>Seuls les clients qui se trouvent dans l&rsquo;une de ces banques peuvent utiliser ce mode de paiement.<\/p><ul><li>Banque ABK<\/li><li>Argentine<\/li><li>Banque AXA<\/li><li>Banque J. Van Breda<\/li><li>Belfius<\/li><li>Beobank<\/li><li>BNP Paribas Fortis<\/li><li>bpost banque<\/li><li>CBC Banque<\/li><li>CPH Banque<\/li><li>Cr\u00e9lan<\/li><li>Banque Allemande<\/li><li>Fintro<\/li><li>Bonjour Banque<\/li><li>ING Belgique<\/li><li>Banque KBC<\/li><li>Banque Keytrade<\/li><li>tailleurs d&rsquo;ongles<\/li><li>Caisse d&rsquo;\u00e9pargne VDK<\/li><\/ul><\/div>\n\t\t\t\t\t\t\t\t\t<div class=\"elementor-tab-title elementor-tab-mobile-title\" aria-selected=\"false\" data-tab=\"6\" role=\"tab\" tabindex=\"-1\" aria-controls=\"elementor-tab-content-1276\" aria-expanded=\"false\">CBC\/CBC<\/div>\n\t\t\t\t\t<div id=\"elementor-tab-content-1276\" class=\"elementor-tab-content elementor-clearfix\" data-tab=\"6\" role=\"tabpanel\" aria-labelledby=\"elementor-tab-title-1276\" tabindex=\"0\" hidden=\"hidden\"><p>Le moyen de paiement KBC\/CBC est un moyen appartenant aux banques belges KBC et CBC.<\/p><\/div>\n\t\t\t\t\t\t\t<\/div>\n\t\t<\/div>\n\t\t\t\t\t\t<\/div>\n\t\t\t\t<\/div>\n\t\t\t\t<div class=\"elementor-element elementor-element-f70f1ed elementor-widget elementor-widget-spacer\" data-id=\"f70f1ed\" data-element_type=\"widget\" data-e-type=\"widget\" data-widget_type=\"spacer.default\">\n\t\t\t\t<div class=\"elementor-widget-container\">\n\t\t\t\t\t\t\t<div class=\"elementor-spacer\">\n\t\t\t<div class=\"elementor-spacer-inner\"><\/div>\n\t\t<\/div>\n\t\t\t\t\t\t<\/div>\n\t\t\t\t<\/div>\n\t\t\t\t\t<\/div>\n\t\t<\/div>\n\t\t\t\t\t<\/div>\n\t\t<\/section>\n\t\t\t\t<\/div>\n\t\t","protected":false},"excerpt":{"rendered":"<p>Informations de paiement Vous trouverez ici des informations sur tous les modes de paiement possibles que vous pouvez utiliser pour payer avec nous. ID\u00c9AL Pay Pal Carte de cr\u00e9dit virement Bancontact CBC\/CBC ID\u00c9AL IDEAL est le mode de paiement le plus connu \u00e0 utiliser lors de vos achats en ligne. Seuls les clients disposant d&#8217;un [&hellip;]<\/p>\n","protected":false},"author":1,"featured_media":0,"parent":0,"menu_order":0,"comment_status":"closed","ping_status":"closed","template":"elementor_header_footer","meta":{"_acf_changed":false,"site-sidebar-layout":"no-sidebar","site-content-layout":"page-builder","ast-site-content-layout":"full-width-container","site-content-style":"unboxed","site-sidebar-style":"unboxed","ast-global-header-display":"","ast-banner-title-visibility":"","ast-main-header-display":"","ast-hfb-above-header-display":"","ast-hfb-below-header-display":"","ast-hfb-mobile-header-display":"","site-post-title":"disabled","ast-breadcrumbs-content":"","ast-featured-img":"disabled","footer-sml-layout":"","ast-disable-related-posts":"","theme-transparent-header-meta":"default","adv-header-id-meta":"","stick-header-meta":"","header-above-stick-meta":"","header-main-stick-meta":"","header-below-stick-meta":"","astra-migrate-meta-layouts":"set","ast-page-background-enabled":"default","ast-page-background-meta":{"desktop":{"background-color":"","background-image":"","background-repeat":"repeat","background-position":"center center","background-size":"auto","background-attachment":"scroll","background-type":"","background-media":"","overlay-type":"","overlay-color":"","overlay-opacity":"","overlay-gradient":""},"tablet":{"background-color":"","background-image":"","background-repeat":"repeat","background-position":"center center","background-size":"auto","background-attachment":"scroll","background-type":"","background-media":"","overlay-type":"","overlay-color":"","overlay-opacity":"","overlay-gradient":""},"mobile":{"background-color":"","background-image":"","background-repeat":"repeat","background-position":"center center","background-size":"auto","background-attachment":"scroll","background-type":"","background-media":"","overlay-type":"","overlay-color":"","overlay-opacity":"","overlay-gradient":""}},"ast-content-background-meta":{"desktop":{"background-color":"var(--ast-global-color-5)","background-image":"","background-repeat":"repeat","background-position":"center center","background-size":"auto","background-attachment":"scroll","background-type":"","background-media":"","overlay-type":"","overlay-color":"","overlay-opacity":"","overlay-gradient":""},"tablet":{"background-color":"var(--ast-global-color-5)","background-image":"","background-repeat":"repeat","background-position":"center center","background-size":"auto","background-attachment":"scroll","background-type":"","background-media":"","overlay-type":"","overlay-color":"","overlay-opacity":"","overlay-gradient":""},"mobile":{"background-color":"var(--ast-global-color-5)","background-image":"","background-repeat":"repeat","background-position":"center center","background-size":"auto","background-attachment":"scroll","background-type":"","background-media":"","overlay-type":"","overlay-color":"","overlay-opacity":"","overlay-gradient":""}},"footnotes":""},"class_list":["post-22699","page","type-page","status-publish","hentry"],"acf":[],"_links":{"self":[{"href":"https:\/\/ecosave.com\/fr\/wp-json\/wp\/v2\/pages\/22699","targetHints":{"allow":["GET"]}}],"collection":[{"href":"https:\/\/ecosave.com\/fr\/wp-json\/wp\/v2\/pages"}],"about":[{"href":"https:\/\/ecosave.com\/fr\/wp-json\/wp\/v2\/types\/page"}],"author":[{"embeddable":true,"href":"https:\/\/ecosave.com\/fr\/wp-json\/wp\/v2\/users\/1"}],"replies":[{"embeddable":true,"href":"https:\/\/ecosave.com\/fr\/wp-json\/wp\/v2\/comments?post=22699"}],"version-history":[{"count":1,"href":"https:\/\/ecosave.com\/fr\/wp-json\/wp\/v2\/pages\/22699\/revisions"}],"predecessor-version":[{"id":61546,"href":"https:\/\/ecosave.com\/fr\/wp-json\/wp\/v2\/pages\/22699\/revisions\/61546"}],"wp:attachment":[{"href":"https:\/\/ecosave.com\/fr\/wp-json\/wp\/v2\/media?parent=22699"}],"curies":[{"name":"wp","href":"https:\/\/api.w.org\/{rel}","templated":true}]}}