{"id":24029,"date":"2022-03-21T11:55:49","date_gmt":"2022-03-21T10:55:49","guid":{"rendered":"https:\/\/ecosave.com\/recuperation-des-eaux-pluviales\/"},"modified":"2023-10-31T14:06:46","modified_gmt":"2023-10-31T13:06:46","slug":"recuperation-des-eaux-pluviales","status":"publish","type":"page","link":"https:\/\/ecosave.com\/fr\/recuperation-des-eaux-pluviales\/","title":{"rendered":"R\u00e9cup\u00e9ration des eaux pluviales"},"content":{"rendered":"\t\t<div data-elementor-type=\"wp-page\" data-elementor-id=\"24029\" class=\"elementor elementor-24029 elementor-14252\" data-elementor-post-type=\"page\">\n\t\t\t\t\t\t<section class=\"elementor-section elementor-top-section elementor-element elementor-element-cab3fe7 elementor-section-height-min-height elementor-section-items-stretch elementor-section-boxed elementor-section-height-default\" data-id=\"cab3fe7\" data-element_type=\"section\" data-e-type=\"section\" data-settings=\"{&quot;background_background&quot;:&quot;classic&quot;}\">\n\t\t\t\t\t\t<div class=\"elementor-container elementor-column-gap-default\">\n\t\t\t\t\t<div class=\"elementor-column elementor-col-100 elementor-top-column elementor-element elementor-element-ac060e5\" data-id=\"ac060e5\" data-element_type=\"column\" data-e-type=\"column\">\n\t\t\t<div class=\"elementor-widget-wrap elementor-element-populated\">\n\t\t\t\t\t\t<div class=\"elementor-element elementor-element-d85db97 elementor-widget elementor-widget-spacer\" data-id=\"d85db97\" data-element_type=\"widget\" data-e-type=\"widget\" data-widget_type=\"spacer.default\">\n\t\t\t\t<div class=\"elementor-widget-container\">\n\t\t\t\t\t\t\t<div class=\"elementor-spacer\">\n\t\t\t<div class=\"elementor-spacer-inner\"><\/div>\n\t\t<\/div>\n\t\t\t\t\t\t<\/div>\n\t\t\t\t<\/div>\n\t\t\t\t<div class=\"elementor-element elementor-element-82ae877 elementor-widget elementor-widget-heading\" data-id=\"82ae877\" data-element_type=\"widget\" data-e-type=\"widget\" data-widget_type=\"heading.default\">\n\t\t\t\t<div class=\"elementor-widget-container\">\n\t\t\t\t\t<h2 class=\"elementor-heading-title elementor-size-xxl\">R\u00e9cup\u00e9ration d'eau de pluie<\/h2>\t\t\t\t<\/div>\n\t\t\t\t<\/div>\n\t\t\t\t\t<\/div>\n\t\t<\/div>\n\t\t\t\t\t<\/div>\n\t\t<\/section>\n\t\t\t\t<section class=\"elementor-section elementor-top-section elementor-element elementor-element-1cb88c7 elementor-section-boxed elementor-section-height-default elementor-section-height-default\" data-id=\"1cb88c7\" data-element_type=\"section\" data-e-type=\"section\">\n\t\t\t\t\t\t<div class=\"elementor-container elementor-column-gap-default\">\n\t\t\t\t\t<div class=\"elementor-column elementor-col-100 elementor-top-column elementor-element elementor-element-fe0c9de\" data-id=\"fe0c9de\" data-element_type=\"column\" data-e-type=\"column\">\n\t\t\t<div class=\"elementor-widget-wrap elementor-element-populated\">\n\t\t\t\t\t\t<div class=\"elementor-element elementor-element-1a06792 elementor-widget elementor-widget-spacer\" data-id=\"1a06792\" data-element_type=\"widget\" data-e-type=\"widget\" data-widget_type=\"spacer.default\">\n\t\t\t\t<div class=\"elementor-widget-container\">\n\t\t\t\t\t\t\t<div class=\"elementor-spacer\">\n\t\t\t<div class=\"elementor-spacer-inner\"><\/div>\n\t\t<\/div>\n\t\t\t\t\t\t<\/div>\n\t\t\t\t<\/div>\n\t\t\t\t\t<\/div>\n\t\t<\/div>\n\t\t\t\t\t<\/div>\n\t\t<\/section>\n\t\t\t\t<section class=\"elementor-section elementor-top-section elementor-element elementor-element-d687b03 elementor-section-boxed elementor-section-height-default elementor-section-height-default\" data-id=\"d687b03\" data-element_type=\"section\" data-e-type=\"section\">\n\t\t\t\t\t\t<div class=\"elementor-container elementor-column-gap-default\">\n\t\t\t\t\t<div class=\"elementor-column elementor-col-100 elementor-top-column elementor-element elementor-element-beadf8f\" data-id=\"beadf8f\" data-element_type=\"column\" data-e-type=\"column\">\n\t\t\t<div class=\"elementor-widget-wrap elementor-element-populated\">\n\t\t\t\t\t\t<div class=\"elementor-element elementor-element-805853d elementor-widget elementor-widget-heading\" data-id=\"805853d\" data-element_type=\"widget\" data-e-type=\"widget\" data-widget_type=\"heading.default\">\n\t\t\t\t<div class=\"elementor-widget-container\">\n\t\t\t\t\t<h1 class=\"elementor-heading-title elementor-size-default\">L'eau\u2026. vient du Ciel !<\/h1>\t\t\t\t<\/div>\n\t\t\t\t<\/div>\n\t\t\t\t<div class=\"elementor-element elementor-element-d7cd9b7 elementor-widget elementor-widget-text-editor\" data-id=\"d7cd9b7\" data-element_type=\"widget\" data-e-type=\"widget\" data-widget_type=\"text-editor.default\">\n\t\t\t\t<div class=\"elementor-widget-container\">\n\t\t\t\t\t\t\t\t\t<p>Propre et en abondance, plus de 900L par m\u00b2 par an. Donc sur une maison ordinaire environ 90.000L par an, propre, clair et gratuit.<\/p><p> Il nous fournit tout ce dont nous avons besoin, en abondance et la source est \u00e9ternelle. Prendre soin de ce que nous avons, pour le transmettre \u00e0 nos enfants et aux g\u00e9n\u00e9rations futures. Notre terre est notre maison ! <strong>Saviez-vous que<\/strong> sur les 1,4 milliard de m\u00b3 d&rsquo;eau sur terre, 97 % sont constitu\u00e9s d&rsquo;eau sal\u00e9e (oc\u00e9ans) et seulement 0,3 % d&rsquo;eau douce utilisable et le reste de glace ?<\/p><p>Nous pouvons purifier l&rsquo;eau souterraine que nous utilisons maintenant, mais cela devient de plus en plus difficile car tant de substances chimiques s&rsquo;y retrouvent qui ne peuvent pas ou peu \u00eatre \u00e9limin\u00e9es (comme les r\u00e9sidus de m\u00e9dicaments, les plastiques, etc.) nettoyer l&rsquo;eau du robinet. En p\u00e9riode de s\u00e9cheresse (aussi bien en hiver qu&rsquo;en \u00e9t\u00e9) la nappe phr\u00e9atique s&rsquo;\u00e9puise en raison des grandes quantit\u00e9s que nous utilisons par personne, c&rsquo;est 136 litres d&rsquo;eau par jour ! La solution est recherch\u00e9e dans l&rsquo;\u00e9puration des eaux de surface par de grandes installations, qui \u00e0 leur tour co\u00fbteront plus cher. Beaucoup de choses peuvent \u00eatre r\u00e9solues en utilisant l&rsquo;eau \u00e0 bon escient.<\/p><p><strong>Avec les conseils suivants et nos produits, vous pouvez \u00e9conomiser 90 % tout en conservant votre confort !<\/strong> Mais surtout, faites attention \u00e0 ce que nous avons, pour le transmettre \u00e0 nos enfants et aux g\u00e9n\u00e9rations futures !<\/p>\t\t\t\t\t\t\t\t<\/div>\n\t\t\t\t<\/div>\n\t\t\t\t\t<\/div>\n\t\t<\/div>\n\t\t\t\t\t<\/div>\n\t\t<\/section>\n\t\t\t\t<section class=\"elementor-section elementor-top-section elementor-element elementor-element-1c519c0 elementor-section-boxed elementor-section-height-default elementor-section-height-default\" data-id=\"1c519c0\" data-element_type=\"section\" data-e-type=\"section\" data-settings=\"{&quot;background_background&quot;:&quot;classic&quot;}\">\n\t\t\t\t\t\t<div class=\"elementor-container elementor-column-gap-default\">\n\t\t\t\t\t<div class=\"elementor-column elementor-col-50 elementor-top-column elementor-element elementor-element-fd7691b\" data-id=\"fd7691b\" data-element_type=\"column\" data-e-type=\"column\">\n\t\t\t<div class=\"elementor-widget-wrap elementor-element-populated\">\n\t\t\t\t\t\t<div class=\"elementor-element elementor-element-30523e7 elementor-widget elementor-widget-text-editor\" data-id=\"30523e7\" data-element_type=\"widget\" data-e-type=\"widget\" data-widget_type=\"text-editor.default\">\n\t\t\t\t<div class=\"elementor-widget-container\">\n\t\t\t\t\t\t\t\t\t<p>R\u00e9cup\u00e9rer et utiliser l&rsquo;eau de pluie est un bon moyen d&rsquo;\u00e9conomiser l&rsquo;eau potable. Il est extr\u00eamement bon d&rsquo;arroser les plantes dans le jardin, mais aussi dans la maison. <span style=\"font-size: 15px; color: var( --e-global-color-text ); font-family: var( --e-global-typography-text-font-family ), Sans-serif;\">Comme l&rsquo;eau de pluie ne contient pas de calcaire, elle est encore meilleure pour les plantes que l&rsquo;eau du robinet. Bien s\u00fbr, vous pouvez \u00e9galement laver votre voiture avec l&rsquo;eau de pluie et elle sera parfaitement propre.<\/span><\/p><p>De cette fa\u00e7on, vous pouvez \u00e9conomiser environ 6 000 litres d&rsquo;eau potable par an avec une citerne pluviale. Il existe des tonneaux en bois et en plastique. Le contenu varie de 10 litres (!) \u00e0 230 litres. voir l&rsquo;image <\/p><p>Cette colonne de pluie sur la photo ci-dessous contient 1000L d&rsquo;eau de pluie.<\/p><p>Vous pouvez facilement connecter le baril de pluie, au moyen d&rsquo;un <a href=\"https:\/\/ecosave.com\/shop\/eau-de-pluie\/filtre-a-eau-de-pluie\/?lang=fr\" target=\"_blank\" rel=\"noopener\">filtre de tuyau de descente<\/a> , au tuyau de descente. Ceux-ci sont disponibles avec \/ sans filtre. Le filtre garantit que les feuilles ne se retrouvent pas dans le baril de pluie. De plus, vous pouvez placer le baril sur un sous-verre en plastique ou en m\u00e9tal, de sorte qu&rsquo;un seau ou un arrosoir puisse \u00eatre plac\u00e9 en dessous.<\/p>\t\t\t\t\t\t\t\t<\/div>\n\t\t\t\t<\/div>\n\t\t\t\t\t<\/div>\n\t\t<\/div>\n\t\t\t\t<div class=\"elementor-column elementor-col-50 elementor-top-column elementor-element elementor-element-c8416b7\" data-id=\"c8416b7\" data-element_type=\"column\" data-e-type=\"column\">\n\t\t\t<div class=\"elementor-widget-wrap elementor-element-populated\">\n\t\t\t\t\t\t<div class=\"elementor-element elementor-element-b4c0fe5 elementor-widget elementor-widget-image\" data-id=\"b4c0fe5\" data-element_type=\"widget\" data-e-type=\"widget\" data-widget_type=\"image.default\">\n\t\t\t\t<div class=\"elementor-widget-container\">\n\t\t\t\t\t\t\t\t\t\t\t\t\t\t\t<img decoding=\"async\" src=\"https:\/\/ecosave.com\/wp-content\/uploads\/2020\/04\/beehive-150L-3.png\" title=\"\" alt=\"\" loading=\"lazy\">\t\t\t\t\t\t\t\t\t\t\t\t\t\t\t<\/div>\n\t\t\t\t<\/div>\n\t\t\t\t\t<\/div>\n\t\t<\/div>\n\t\t\t\t\t<\/div>\n\t\t<\/section>\n\t\t\t\t<section class=\"elementor-section elementor-top-section elementor-element elementor-element-8a1d2af elementor-section-boxed elementor-section-height-default elementor-section-height-default\" data-id=\"8a1d2af\" data-element_type=\"section\" data-e-type=\"section\">\n\t\t\t\t\t\t<div class=\"elementor-container elementor-column-gap-narrow\">\n\t\t\t\t\t<div class=\"elementor-column elementor-col-50 elementor-top-column elementor-element elementor-element-6b7e434\" data-id=\"6b7e434\" data-element_type=\"column\" data-e-type=\"column\">\n\t\t\t<div class=\"elementor-widget-wrap elementor-element-populated\">\n\t\t\t\t\t\t<div class=\"elementor-element elementor-element-2a1584b elementor-widget elementor-widget-image\" data-id=\"2a1584b\" data-element_type=\"widget\" data-e-type=\"widget\" data-widget_type=\"image.default\">\n\t\t\t\t<div class=\"elementor-widget-container\">\n\t\t\t\t\t\t\t\t\t\t\t\t\t\t\t<img fetchpriority=\"high\" decoding=\"async\" width=\"1024\" height=\"1024\" src=\"https:\/\/ecosave.com\/wp-content\/uploads\/2019\/10\/Ontwerpzondertitel_344757081-1024x1024.jpg\" class=\"attachment-large size-large wp-image-38175\" alt=\"\" srcset=\"https:\/\/ecosave.com\/wp-content\/uploads\/2019\/10\/Ontwerpzondertitel_344757081-1024x1024.jpg 1024w, https:\/\/ecosave.com\/wp-content\/uploads\/2019\/10\/Ontwerpzondertitel_344757081-300x300.jpg 300w, https:\/\/ecosave.com\/wp-content\/uploads\/2019\/10\/Ontwerpzondertitel_344757081-100x100.jpg 100w, https:\/\/ecosave.com\/wp-content\/uploads\/2019\/10\/Ontwerpzondertitel_344757081-600x600.jpg 600w, https:\/\/ecosave.com\/wp-content\/uploads\/2019\/10\/Ontwerpzondertitel_344757081-64x64.jpg 64w, https:\/\/ecosave.com\/wp-content\/uploads\/2019\/10\/Ontwerpzondertitel_344757081-150x150.jpg 150w, https:\/\/ecosave.com\/wp-content\/uploads\/2019\/10\/Ontwerpzondertitel_344757081-768x768.jpg 768w, https:\/\/ecosave.com\/wp-content\/uploads\/2019\/10\/Ontwerpzondertitel_344757081.jpg 924w\" sizes=\"(max-width: 1024px) 100vw, 1024px\">\t\t\t\t\t\t\t\t\t\t\t\t\t\t\t<\/div>\n\t\t\t\t<\/div>\n\t\t\t\t\t<\/div>\n\t\t<\/div>\n\t\t\t\t<div class=\"elementor-column elementor-col-50 elementor-top-column elementor-element elementor-element-3bb2aec\" data-id=\"3bb2aec\" data-element_type=\"column\" data-e-type=\"column\">\n\t\t\t<div class=\"elementor-widget-wrap elementor-element-populated\">\n\t\t\t\t\t\t<div class=\"elementor-element elementor-element-a785843 elementor-widget elementor-widget-heading\" data-id=\"a785843\" data-element_type=\"widget\" data-e-type=\"widget\" data-widget_type=\"heading.default\">\n\t\t\t\t<div class=\"elementor-widget-container\">\n\t\t\t\t\t<h2 class=\"elementor-heading-title elementor-size-default\">Syst\u00e8mes d'eau de pluie<\/h2>\t\t\t\t<\/div>\n\t\t\t\t<\/div>\n\t\t\t\t<div class=\"elementor-element elementor-element-18a9639 elementor-widget elementor-widget-text-editor\" data-id=\"18a9639\" data-element_type=\"widget\" data-e-type=\"widget\" data-widget_type=\"text-editor.default\">\n\t\t\t\t<div class=\"elementor-widget-container\">\n\t\t\t\t\t\t\t\t\t<p>Notre eau potable est d&rsquo;excellente qualit\u00e9 et en fait trop bonne pour \u00eatre simplement utilis\u00e9e pour les plantes, le jardin, la voiture ou m\u00eame pour tirer la chasse d&rsquo;eau.&nbsp; <strong style=\"font-size: 15px; color: var( --e-global-color-text ); font-family: var( --e-global-typography-text-font-family ), Sans-serif;\">Saviez-vous<\/strong> <span style=\"font-size: 15px; color: var( --e-global-color-text ); font-family: var( --e-global-typography-text-font-family ), Sans-serif;\">que vous utilisez 15 000L d&rsquo;eau potable pour les toilettes par personne et par an ?<\/span><\/p>\n<p><strong>Le saviez-vous,<\/strong>&nbsp; qu&rsquo;il tombe en moyenne 800 \u00e0 1000L de pluie propre par m2 et par an ? Soit environ 80 \u00e0 100 000L sur un toit d&rsquo;environ 100m2 ! &nbsp; &nbsp; &nbsp;&nbsp;<span style=\"font-size: 15px; color: var( --e-global-color-text ); font-family: var( --e-global-typography-text-font-family ), Sans-serif;\">La pluie est d&rsquo;une telle qualit\u00e9 qu&rsquo;il est facile de nettoyer l&rsquo;ensemble<\/span>&nbsp; <a href=\"https:\/\/ecosave.com\/shop\/eau-de-pluie\/filtre-de-tuyau-deau-de-pluie\/?lang=fr\" target=\"_blank\">\u00e0 filtrer<\/a>&nbsp; <span style=\"font-size: 15px; color: var( --e-global-color-text ); font-family: var( --e-global-typography-text-font-family ), Sans-serif;\">et enregistrez et commencez \u00e0 utiliser&nbsp;!<\/span><\/p>\n<p>Il existe plusieurs options ; du simple petit baril de pluie aux plus grands syst\u00e8mes en plastique ou en b\u00e9ton, de 1 <a href=\"https:\/\/ecosave.com\/shop\/eau-de-pluie\/citerne-eau-de-pluie-plat-3000-litre\/?lang=fr\" target=\"_blank\" rel=\"noopener\">m3,<\/a> 5 m3&nbsp; jusqu&rsquo;\u00e0 m\u00eame 60m3. Pour utiliser l&rsquo;eau de pluie propre pour la chasse d&rsquo;eau des toilettes (sans calcaire) ou m\u00eame pour la machine \u00e0 laver (moins de savon n\u00e9cessaire) et pour le jardin bien s\u00fbr. Nous recommandons de garder un stock d&rsquo; <u>au moins<\/u> 1500L par personne pour faire face \u00e0 une s\u00e9cheresse d&rsquo;environ 4-5 semaines.<\/p>\n<p>Les produits ECOSAVE sont faciles \u00e0 appliquer et permettent ainsi d&rsquo;\u00e9conomiser facilement de 20 \u00e0 60 % sur cette eau potable pr\u00e9cieuse et sp\u00e9ciale.<\/p>\t\t\t\t\t\t\t\t<\/div>\n\t\t\t\t<\/div>\n\t\t\t\t\t<\/div>\n\t\t<\/div>\n\t\t\t\t\t<\/div>\n\t\t<\/section>\n\t\t\t\t<section class=\"elementor-section elementor-top-section elementor-element elementor-element-afd9e3d elementor-section-boxed elementor-section-height-default elementor-section-height-default\" data-id=\"afd9e3d\" data-element_type=\"section\" data-e-type=\"section\">\n\t\t\t\t\t\t<div class=\"elementor-container elementor-column-gap-default\">\n\t\t\t\t\t<div class=\"elementor-column elementor-col-50 elementor-top-column elementor-element elementor-element-d4d558b\" data-id=\"d4d558b\" data-element_type=\"column\" data-e-type=\"column\">\n\t\t\t<div class=\"elementor-widget-wrap elementor-element-populated\">\n\t\t\t\t\t\t<div class=\"elementor-element elementor-element-2ef7fec elementor-widget elementor-widget-heading\" data-id=\"2ef7fec\" data-element_type=\"widget\" data-e-type=\"widget\" data-widget_type=\"heading.default\">\n\t\t\t\t<div class=\"elementor-widget-container\">\n\t\t\t\t\t<h2 class=\"elementor-heading-title elementor-size-default\">Hygi\u00e8ne personnelle<\/h2>\t\t\t\t<\/div>\n\t\t\t\t<\/div>\n\t\t\t\t<div class=\"elementor-element elementor-element-deea4f3 elementor-widget elementor-widget-text-editor\" data-id=\"deea4f3\" data-element_type=\"widget\" data-e-type=\"widget\" data-widget_type=\"text-editor.default\">\n\t\t\t\t<div class=\"elementor-widget-container\">\n\t\t\t\t\t\t\t\t\t<p>L&rsquo;hygi\u00e8ne personnelle est importante dans les toilettes, le lavabo et la douche.<\/p><p><strong>Saviez-vous<\/strong> que d&rsquo;un robinet normal s&rsquo;\u00e9coule en moyenne 12 \u00e0 15 litres d&rsquo;eau par minute et d&rsquo;une douche 12 \u00e0 30 litres (douche \u00e0 effet pluie) d&rsquo;eau chaude s&rsquo;\u00e9coule par minute ?! Une douche d&rsquo;environ 10 minutes co\u00fbte donc rapidement 120L voire 300L d&rsquo;eau, mais 4x plus de gaz, donc environ 400 ou 1200 litres de gaz !<\/p><p>Ce n&rsquo;est vraiment pas n\u00e9cessaire, avec les produits d&rsquo;\u00e9conomie d&rsquo;ECOSAVE, vous pouvez facilement \u00e9conomiser jusqu&rsquo;\u00e0 50% tout en conservant le confort avec le <a href=\"https:\/\/ecosave.com\/shop\/accessoires-pour-toilettes-seches\/perlateur\/?lang=fr\" target=\"_blank\" rel=\"noopener\">Spaarperlator<\/a> au robinet, l&rsquo;arr\u00eat <a href=\"https:\/\/ecosave.com\/shop\/accessoires-pour-toilettes-seches\/arret-des-toilettes\/?lang=fr\" target=\"_blank\" rel=\"noopener\">d&rsquo;eau sp\u00e9cial WC<\/a> ou une pomme de douche <a href=\"https:\/\/ecosave.com\/shop\/tete-de-douche\/pommeau-de-douche\/?lang=fr\" target=\"_blank\" rel=\"noopener\">standard<\/a> ou <a href=\"https:\/\/ecosave.com\/shop\/tete-de-douche\/pomme-de-douche-de-luxe-a-economie-denergie\/?lang=fr\" target=\"_blank\" rel=\"noopener\">de luxe<\/a> .<\/p><p>Calculez vous-m\u00eame ce que vous pouvez \u00e9conomiser dans votre m\u00e9nage ou votre h\u00f4tel, vous serez surpris <\/p><p>Gr\u00e2ce \u00e0 notre <a href=\"https:\/\/ecosave.com\/shop\/eau-de-pluie\/microfiltration\/?lang=fr\">microfiltration sp\u00e9ciale \u00e0 5 phases<\/a> , l&rsquo;eau de pluie peut \u00eatre rendue propre \u00e0 la douche ou m\u00eame \u00e0 la boisson. De cette fa\u00e7on, vous pouvez \u00e9conomiser <b>100 %<\/b> de votre <b>eau potable<\/b> en utilisant l&rsquo;eau de pluie !<\/p>\t\t\t\t\t\t\t\t<\/div>\n\t\t\t\t<\/div>\n\t\t\t\t\t<\/div>\n\t\t<\/div>\n\t\t\t\t<div class=\"elementor-column elementor-col-50 elementor-top-column elementor-element elementor-element-932d61d\" data-id=\"932d61d\" data-element_type=\"column\" data-e-type=\"column\">\n\t\t\t<div class=\"elementor-widget-wrap elementor-element-populated\">\n\t\t\t\t\t\t<div class=\"elementor-element elementor-element-0a71250 elementor-widget elementor-widget-image\" data-id=\"0a71250\" data-element_type=\"widget\" data-e-type=\"widget\" data-widget_type=\"image.default\">\n\t\t\t\t<div class=\"elementor-widget-container\">\n\t\t\t\t\t\t\t\t\t\t\t\t\t\t\t<img decoding=\"async\" width=\"99\" height=\"148\" src=\"https:\/\/ecosave.com\/wp-content\/uploads\/2020\/04\/douche-dame.jpg\" class=\"attachment-large size-large wp-image-40765\" alt=\"\" srcset=\"https:\/\/ecosave.com\/wp-content\/uploads\/2020\/04\/douche-dame.jpg 99w, https:\/\/ecosave.com\/wp-content\/uploads\/2020\/04\/douche-dame-64x96.jpg 64w\" sizes=\"(max-width: 99px) 100vw, 99px\">\t\t\t\t\t\t\t\t\t\t\t\t\t\t\t<\/div>\n\t\t\t\t<\/div>\n\t\t\t\t\t<\/div>\n\t\t<\/div>\n\t\t\t\t\t<\/div>\n\t\t<\/section>\n\t\t\t\t<section class=\"elementor-section elementor-top-section elementor-element elementor-element-0057e2a elementor-section-boxed elementor-section-height-default elementor-section-height-default\" data-id=\"0057e2a\" data-element_type=\"section\" data-e-type=\"section\">\n\t\t\t\t\t\t<div class=\"elementor-container elementor-column-gap-default\">\n\t\t\t\t\t<div class=\"elementor-column elementor-col-100 elementor-top-column elementor-element elementor-element-89b6586\" data-id=\"89b6586\" data-element_type=\"column\" data-e-type=\"column\">\n\t\t\t<div class=\"elementor-widget-wrap elementor-element-populated\">\n\t\t\t\t\t\t<div class=\"elementor-element elementor-element-efc66e4 elementor-cta--skin-cover elementor-animated-content elementor-bg-transform elementor-bg-transform-zoom-in elementor-widget elementor-widget-call-to-action\" data-id=\"efc66e4\" data-element_type=\"widget\" data-e-type=\"widget\" data-widget_type=\"call-to-action.default\">\n\t\t\t\t<div class=\"elementor-widget-container\">\n\t\t\t\t\t\t\t<div class=\"elementor-cta\">\n\t\t\t\t\t<div class=\"elementor-cta__bg-wrapper\">\n\t\t\t\t<div class=\"elementor-cta__bg elementor-bg\" style=\"background-image: url(https:\/\/ecosave.com\/wp-content\/uploads\/2020\/05\/watertank.png);\" role=\"img\" aria-label=\"r\u00e9servoir d&#039;eau\"><\/div>\n\t\t\t\t<div class=\"elementor-cta__bg-overlay\"><\/div>\n\t\t\t<\/div>\n\t\t\t\t\t\t\t<div class=\"elementor-cta__content\">\n\t\t\t\t\n\t\t\t\t\n\t\t\t\t\n\t\t\t\t\t\t\t\t\t<div class=\"elementor-cta__button-wrapper elementor-cta__content-item elementor-content-item elementor-animated-item--grow\">\n\t\t\t\t\t<a class=\"elementor-cta__button elementor-button elementor-size-\">\n\t\t\t\t\t\tAller au magasin\t\t\t\t\t<\/a>\n\t\t\t\t\t<\/div>\n\t\t\t\t\t\t\t<\/div>\n\t\t\t\t\t\t<\/div>\n\t\t\t\t\t\t<\/div>\n\t\t\t\t<\/div>\n\t\t\t\t\t<\/div>\n\t\t<\/div>\n\t\t\t\t\t<\/div>\n\t\t<\/section>\n\t\t\t\t<section class=\"elementor-section elementor-top-section elementor-element elementor-element-d5aa109 elementor-section-boxed elementor-section-height-default elementor-section-height-default\" data-id=\"d5aa109\" data-element_type=\"section\" data-e-type=\"section\">\n\t\t\t\t\t\t<div class=\"elementor-container elementor-column-gap-default\">\n\t\t\t\t\t<div class=\"elementor-column elementor-col-100 elementor-top-column elementor-element elementor-element-7636fd4\" data-id=\"7636fd4\" data-element_type=\"column\" data-e-type=\"column\">\n\t\t\t<div class=\"elementor-widget-wrap\">\n\t\t\t\t\t\t\t<\/div>\n\t\t<\/div>\n\t\t\t\t\t<\/div>\n\t\t<\/section>\n\t\t\t\t<\/div>\n\t\t","protected":false},"excerpt":{"rendered":"<p>R\u00e9cup\u00e9ration d&rsquo;eau de pluie L&rsquo;eau\u2026. vient du Ciel ! Propre et en abondance, plus de 900L par m\u00b2 par an. Donc sur une maison ordinaire environ 90.000L par an, propre, clair et gratuit. Il nous fournit tout ce dont nous avons besoin, en abondance et la source est \u00e9ternelle. Prendre soin de ce que nous [&hellip;]<\/p>\n","protected":false},"author":1,"featured_media":0,"parent":0,"menu_order":0,"comment_status":"closed","ping_status":"closed","template":"","meta":{"_acf_changed":false,"site-sidebar-layout":"no-sidebar","site-content-layout":"page-builder","ast-site-content-layout":"default","site-content-style":"default","site-sidebar-style":"default","ast-global-header-display":"","ast-banner-title-visibility":"","ast-main-header-display":"","ast-hfb-above-header-display":"","ast-hfb-below-header-display":"","ast-hfb-mobile-header-display":"","site-post-title":"disabled","ast-breadcrumbs-content":"","ast-featured-img":"disabled","footer-sml-layout":"","ast-disable-related-posts":"","theme-transparent-header-meta":"default","adv-header-id-meta":"","stick-header-meta":"","header-above-stick-meta":"","header-main-stick-meta":"","header-below-stick-meta":"","astra-migrate-meta-layouts":"set","ast-page-background-enabled":"default","ast-page-background-meta":{"desktop":{"background-color":"","background-image":"","background-repeat":"repeat","background-position":"center center","background-size":"auto","background-attachment":"scroll","background-type":"","background-media":"","overlay-type":"","overlay-color":"","overlay-opacity":"","overlay-gradient":""},"tablet":{"background-color":"","background-image":"","background-repeat":"repeat","background-position":"center center","background-size":"auto","background-attachment":"scroll","background-type":"","background-media":"","overlay-type":"","overlay-color":"","overlay-opacity":"","overlay-gradient":""},"mobile":{"background-color":"","background-image":"","background-repeat":"repeat","background-position":"center center","background-size":"auto","background-attachment":"scroll","background-type":"","background-media":"","overlay-type":"","overlay-color":"","overlay-opacity":"","overlay-gradient":""}},"ast-content-background-meta":{"desktop":{"background-color":"var(--ast-global-color-5)","background-image":"","background-repeat":"repeat","background-position":"center center","background-size":"auto","background-attachment":"scroll","background-type":"","background-media":"","overlay-type":"","overlay-color":"","overlay-opacity":"","overlay-gradient":""},"tablet":{"background-color":"var(--ast-global-color-5)","background-image":"","background-repeat":"repeat","background-position":"center center","background-size":"auto","background-attachment":"scroll","background-type":"","background-media":"","overlay-type":"","overlay-color":"","overlay-opacity":"","overlay-gradient":""},"mobile":{"background-color":"var(--ast-global-color-5)","background-image":"","background-repeat":"repeat","background-position":"center center","background-size":"auto","background-attachment":"scroll","background-type":"","background-media":"","overlay-type":"","overlay-color":"","overlay-opacity":"","overlay-gradient":""}},"footnotes":""},"class_list":["post-24029","page","type-page","status-publish","hentry"],"acf":[],"_links":{"self":[{"href":"https:\/\/ecosave.com\/fr\/wp-json\/wp\/v2\/pages\/24029","targetHints":{"allow":["GET"]}}],"collection":[{"href":"https:\/\/ecosave.com\/fr\/wp-json\/wp\/v2\/pages"}],"about":[{"href":"https:\/\/ecosave.com\/fr\/wp-json\/wp\/v2\/types\/page"}],"author":[{"embeddable":true,"href":"https:\/\/ecosave.com\/fr\/wp-json\/wp\/v2\/users\/1"}],"replies":[{"embeddable":true,"href":"https:\/\/ecosave.com\/fr\/wp-json\/wp\/v2\/comments?post=24029"}],"version-history":[{"count":1,"href":"https:\/\/ecosave.com\/fr\/wp-json\/wp\/v2\/pages\/24029\/revisions"}],"predecessor-version":[{"id":61518,"href":"https:\/\/ecosave.com\/fr\/wp-json\/wp\/v2\/pages\/24029\/revisions\/61518"}],"wp:attachment":[{"href":"https:\/\/ecosave.com\/fr\/wp-json\/wp\/v2\/media?parent=24029"}],"curies":[{"name":"wp","href":"https:\/\/api.w.org\/{rel}","templated":true}]}}