{"id":22645,"date":"2021-09-09T15:49:32","date_gmt":"2021-09-09T13:49:32","guid":{"rendered":"https:\/\/ecosave.com\/comprar-filtro-de-agua-da-chuva\/"},"modified":"2022-02-24T14:44:07","modified_gmt":"2022-02-24T13:44:07","slug":"comprar-filtro-de-agua-da-chuva","status":"publish","type":"page","link":"https:\/\/ecosave.com\/pt-pt\/comprar-filtro-de-agua-da-chuva\/","title":{"rendered":"Comprar filtro de \u00e1gua da chuva"},"content":{"rendered":"\t\t<div data-elementor-type=\"wp-page\" data-elementor-id=\"22645\" class=\"elementor elementor-22645\" data-elementor-post-type=\"page\">\n\t\t\t\t\t\t<section class=\"elementor-section elementor-top-section elementor-element elementor-element-7c55420 elementor-section-boxed elementor-section-height-default elementor-section-height-default\" data-id=\"7c55420\" data-element_type=\"section\" data-e-type=\"section\">\n\t\t\t\t\t\t<div class=\"elementor-container elementor-column-gap-default\">\n\t\t\t\t\t<div class=\"elementor-column elementor-col-100 elementor-top-column elementor-element elementor-element-544df43\" data-id=\"544df43\" data-element_type=\"column\" data-e-type=\"column\">\n\t\t\t<div class=\"elementor-widget-wrap elementor-element-populated\">\n\t\t\t\t\t\t<div class=\"elementor-element elementor-element-b8a9052 elementor-icon-list--layout-inline elementor-list-item-link-inline elementor-widget elementor-widget-icon-list\" data-id=\"b8a9052\" data-element_type=\"widget\" data-e-type=\"widget\" data-widget_type=\"icon-list.default\">\n\t\t\t\t<div class=\"elementor-widget-container\">\n\t\t\t\t\t\t\t<ul class=\"elementor-icon-list-items elementor-inline-items\">\n\t\t\t\t\t\t\t<li class=\"elementor-icon-list-item elementor-inline-item\">\n\t\t\t\t\t\t\t\t\t\t\t<span class=\"elementor-icon-list-icon\">\n\t\t\t\t\t\t\t<i aria-hidden=\"true\" class=\"fas fa-check\"><\/i>\t\t\t\t\t\t<\/span>\n\t\t\t\t\t\t\t\t\t\t<span class=\"elementor-icon-list-text\">Especialista em sanitas de secagem e compostagem  <\/span>\n\t\t\t\t\t\t\t\t\t<\/li>\n\t\t\t\t\t\t\t\t<li class=\"elementor-icon-list-item elementor-inline-item\">\n\t\t\t\t\t\t\t\t\t\t\t<span class=\"elementor-icon-list-icon\">\n\t\t\t\t\t\t\t<i aria-hidden=\"true\" class=\"fas fa-check\"><\/i>\t\t\t\t\t\t<\/span>\n\t\t\t\t\t\t\t\t\t\t<span class=\"elementor-icon-list-text\">Solu\u00e7\u00f5es de poupan\u00e7a de \u00e1gua e energia<\/span>\n\t\t\t\t\t\t\t\t\t<\/li>\n\t\t\t\t\t\t\t\t<li class=\"elementor-icon-list-item elementor-inline-item\">\n\t\t\t\t\t\t\t\t\t\t\t<span class=\"elementor-icon-list-icon\">\n\t\t\t\t\t\t\t<i aria-hidden=\"true\" class=\"fas fa-check\"><\/i>\t\t\t\t\t\t<\/span>\n\t\t\t\t\t\t\t\t\t\t<span class=\"elementor-icon-list-text\">Ampla aplicabilidade<\/span>\n\t\t\t\t\t\t\t\t\t<\/li>\n\t\t\t\t\t\t<\/ul>\n\t\t\t\t\t\t<\/div>\n\t\t\t\t<\/div>\n\t\t\t\t\t<\/div>\n\t\t<\/div>\n\t\t\t\t\t<\/div>\n\t\t<\/section>\n\t\t\t\t<section class=\"elementor-section elementor-top-section elementor-element elementor-element-78f27ba elementor-section-boxed elementor-section-height-default elementor-section-height-default\" data-id=\"78f27ba\" data-element_type=\"section\" data-e-type=\"section\">\n\t\t\t\t\t\t<div class=\"elementor-container elementor-column-gap-default\">\n\t\t\t\t\t<div class=\"elementor-column elementor-col-100 elementor-top-column elementor-element elementor-element-f0e6eba\" data-id=\"f0e6eba\" data-element_type=\"column\" data-e-type=\"column\">\n\t\t\t<div class=\"elementor-widget-wrap elementor-element-populated\">\n\t\t\t\t\t\t<section class=\"elementor-section elementor-inner-section elementor-element elementor-element-b0433c7 elementor-section-boxed elementor-section-height-default elementor-section-height-default\" data-id=\"b0433c7\" data-element_type=\"section\" data-e-type=\"section\">\n\t\t\t\t\t\t<div class=\"elementor-container elementor-column-gap-default\">\n\t\t\t\t\t<div class=\"elementor-column elementor-col-66 elementor-inner-column elementor-element elementor-element-ad1677d\" data-id=\"ad1677d\" data-element_type=\"column\" data-e-type=\"column\">\n\t\t\t<div class=\"elementor-widget-wrap elementor-element-populated\">\n\t\t\t\t\t\t<div class=\"elementor-element elementor-element-c69d31f elementor-widget elementor-widget-heading\" data-id=\"c69d31f\" data-element_type=\"widget\" data-e-type=\"widget\" data-widget_type=\"heading.default\">\n\t\t\t\t<div class=\"elementor-widget-container\">\n\t\t\t\t\t<h1 class=\"elementor-heading-title elementor-size-default\">Comprar filtro de \u00e1gua da chuva<\/h1>\t\t\t\t<\/div>\n\t\t\t\t<\/div>\n\t\t\t\t<div class=\"elementor-element elementor-element-2008f04 elementor-widget elementor-widget-text-editor\" data-id=\"2008f04\" data-element_type=\"widget\" data-e-type=\"widget\" data-widget_type=\"text-editor.default\">\n\t\t\t\t<div class=\"elementor-widget-container\">\n\t\t\t\t\t\t\t\t\t<p class=\"MsoNormal\">Gostaria de comprar um filtro de \u00e1gua da chuva de alta qualidade? A Ecosave, localizada em Biddinghuizen, perto de Lelystad, oferece todo o tipo de solu\u00e7\u00f5es de energia e poupan\u00e7a de \u00e1gua, com as quais vive de forma mais sustent\u00e1vel e, assim, d\u00e1 uma ajuda \u00e0 natureza. Por exemplo, pode contactar-nos para a compra de filtros de \u00e1gua da chuva, tanques e pain\u00e9is solares. Tamb\u00e9m estamos atentos \u00e0s mais recentes t\u00e9cnicas no campo da purifica\u00e7\u00e3o da \u00e1gua e acompanhamos de perto os desenvolvimentos.  <\/p>\t\t\t\t\t\t\t\t<\/div>\n\t\t\t\t<\/div>\n\t\t\t\t\t<\/div>\n\t\t<\/div>\n\t\t\t\t<div class=\"elementor-column elementor-col-33 elementor-inner-column elementor-element elementor-element-ad09296\" data-id=\"ad09296\" data-element_type=\"column\" data-e-type=\"column\">\n\t\t\t<div class=\"elementor-widget-wrap elementor-element-populated\">\n\t\t\t\t\t\t<div class=\"elementor-element elementor-element-1ca6a92 elementor-widget elementor-widget-image\" data-id=\"1ca6a92\" data-element_type=\"widget\" data-e-type=\"widget\" data-widget_type=\"image.default\">\n\t\t\t\t<div class=\"elementor-widget-container\">\n\t\t\t\t\t\t\t\t\t\t\t\t\t\t\t\t<a href=\"https:\/\/ecosave.com\/shop\/regenwater\/regenwater-buisfilter\/\">\n\t\t\t\t\t\t\t<img fetchpriority=\"high\" decoding=\"async\" width=\"624\" height=\"624\" src=\"https:\/\/ecosave.com\/wp-content\/uploads\/2021\/09\/Afbeelding8.jpg\" class=\"attachment-large size-large wp-image-53387\" alt=\"\" srcset=\"https:\/\/ecosave.com\/wp-content\/uploads\/2021\/09\/Afbeelding8.jpg.webp 624w, https:\/\/ecosave.com\/wp-content\/uploads\/2021\/09\/Afbeelding8-300x300.jpg.webp 300w, https:\/\/ecosave.com\/wp-content\/uploads\/2021\/09\/Afbeelding8-100x100.jpg.webp 100w, https:\/\/ecosave.com\/wp-content\/uploads\/2021\/09\/Afbeelding8-600x600.jpg.webp 600w, https:\/\/ecosave.com\/wp-content\/uploads\/2021\/09\/Afbeelding8-64x64.jpg.webp 64w, https:\/\/ecosave.com\/wp-content\/uploads\/2021\/09\/Afbeelding8-150x150.jpg.webp 150w\" sizes=\"(max-width: 624px) 100vw, 624px\">\t\t\t\t\t\t\t\t<\/a>\n\t\t\t\t\t\t\t\t\t\t\t\t\t\t\t<\/div>\n\t\t\t\t<\/div>\n\t\t\t\t\t<\/div>\n\t\t<\/div>\n\t\t\t\t\t<\/div>\n\t\t<\/section>\n\t\t\t\t\t<\/div>\n\t\t<\/div>\n\t\t\t\t\t<\/div>\n\t\t<\/section>\n\t\t\t\t<section class=\"elementor-section elementor-top-section elementor-element elementor-element-e7fb8fa elementor-section-boxed elementor-section-height-default elementor-section-height-default\" data-id=\"e7fb8fa\" data-element_type=\"section\" data-e-type=\"section\">\n\t\t\t\t\t\t<div class=\"elementor-container elementor-column-gap-default\">\n\t\t\t\t\t<div class=\"elementor-column elementor-col-100 elementor-top-column elementor-element elementor-element-c0b479e\" data-id=\"c0b479e\" data-element_type=\"column\" data-e-type=\"column\">\n\t\t\t<div class=\"elementor-widget-wrap elementor-element-populated\">\n\t\t\t\t\t\t<div class=\"elementor-element elementor-element-44e69a3 elementor-widget elementor-widget-text-editor\" data-id=\"44e69a3\" data-element_type=\"widget\" data-e-type=\"widget\" data-widget_type=\"text-editor.default\">\n\t\t\t\t<div class=\"elementor-widget-container\">\n\t\t\t\t\t\t\t\t\t<p style=\"text-align: center;\"><strong>Gostaria de saber o que podemos fazer por si?<\/strong><\/p>\t\t\t\t\t\t\t\t<\/div>\n\t\t\t\t<\/div>\n\t\t\t\t<div class=\"elementor-element elementor-element-7549d2b elementor-align-center elementor-widget elementor-widget-button\" data-id=\"7549d2b\" data-element_type=\"widget\" data-e-type=\"widget\" data-widget_type=\"button.default\">\n\t\t\t\t<div class=\"elementor-widget-container\">\n\t\t\t\t\t\t\t\t\t<div class=\"elementor-button-wrapper\">\n\t\t\t\t\t<a class=\"elementor-button elementor-button-link elementor-size-sm\" href=\"https:\/\/ecosave.com\/contact\/\">\n\t\t\t\t\t\t<span class=\"elementor-button-content-wrapper\">\n\t\t\t\t\t\t\t\t\t<span class=\"elementor-button-text\">Contacte-nos<\/span>\n\t\t\t\t\t<\/span>\n\t\t\t\t\t<\/a>\n\t\t\t\t<\/div>\n\t\t\t\t\t\t\t\t<\/div>\n\t\t\t\t<\/div>\n\t\t\t\t\t<\/div>\n\t\t<\/div>\n\t\t\t\t\t<\/div>\n\t\t<\/section>\n\t\t\t\t<section class=\"elementor-section elementor-top-section elementor-element elementor-element-ca6c358 elementor-section-boxed elementor-section-height-default elementor-section-height-default\" data-id=\"ca6c358\" data-element_type=\"section\" data-e-type=\"section\">\n\t\t\t\t\t\t<div class=\"elementor-container elementor-column-gap-default\">\n\t\t\t\t\t<div class=\"elementor-column elementor-col-100 elementor-top-column elementor-element elementor-element-1d1f05e\" data-id=\"1d1f05e\" data-element_type=\"column\" data-e-type=\"column\">\n\t\t\t<div class=\"elementor-widget-wrap elementor-element-populated\">\n\t\t\t\t\t\t<section class=\"elementor-section elementor-inner-section elementor-element elementor-element-4960773 elementor-section-boxed elementor-section-height-default elementor-section-height-default\" data-id=\"4960773\" data-element_type=\"section\" data-e-type=\"section\">\n\t\t\t\t\t\t<div class=\"elementor-container elementor-column-gap-default\">\n\t\t\t\t\t<div class=\"elementor-column elementor-col-33 elementor-inner-column elementor-element elementor-element-00d729d\" data-id=\"00d729d\" data-element_type=\"column\" data-e-type=\"column\">\n\t\t\t<div class=\"elementor-widget-wrap elementor-element-populated\">\n\t\t\t\t\t\t<div class=\"elementor-element elementor-element-76291c3 elementor-widget elementor-widget-image\" data-id=\"76291c3\" data-element_type=\"widget\" data-e-type=\"widget\" data-widget_type=\"image.default\">\n\t\t\t\t<div class=\"elementor-widget-container\">\n\t\t\t\t\t\t\t\t\t\t\t\t\t\t\t\t<a href=\"https:\/\/ecosave.com\/shop\/regenwater\/micro-filtratie-systeem-basic-plus\/\">\n\t\t\t\t\t\t\t<img decoding=\"async\" width=\"500\" height=\"484\" src=\"https:\/\/ecosave.com\/wp-content\/uploads\/2021\/09\/Afbeelding10.png\" class=\"attachment-large size-large wp-image-53422\" alt=\"\" srcset=\"https:\/\/ecosave.com\/wp-content\/uploads\/2021\/09\/Afbeelding10.png.webp 500w, https:\/\/ecosave.com\/wp-content\/uploads\/2021\/09\/Afbeelding10-64x62.png.webp 64w, https:\/\/ecosave.com\/wp-content\/uploads\/2021\/09\/Afbeelding10-300x290.png.webp 300w\" sizes=\"(max-width: 500px) 100vw, 500px\">\t\t\t\t\t\t\t\t<\/a>\n\t\t\t\t\t\t\t\t\t\t\t\t\t\t\t<\/div>\n\t\t\t\t<\/div>\n\t\t\t\t\t<\/div>\n\t\t<\/div>\n\t\t\t\t<div class=\"elementor-column elementor-col-66 elementor-inner-column elementor-element elementor-element-a19df7e\" data-id=\"a19df7e\" data-element_type=\"column\" data-e-type=\"column\">\n\t\t\t<div class=\"elementor-widget-wrap elementor-element-populated\">\n\t\t\t\t\t\t<div class=\"elementor-element elementor-element-8c9e7e5 elementor-widget elementor-widget-heading\" data-id=\"8c9e7e5\" data-element_type=\"widget\" data-e-type=\"widget\" data-widget_type=\"heading.default\">\n\t\t\t\t<div class=\"elementor-widget-container\">\n\t\t\t\t\t<h2 class=\"elementor-heading-title elementor-size-default\">Comprar um filtro de \u00e1gua da chuva para purificar a \u00e1gua da chuva<\/h2>\t\t\t\t<\/div>\n\t\t\t\t<\/div>\n\t\t\t\t<div class=\"elementor-element elementor-element-868e6fc elementor-widget elementor-widget-text-editor\" data-id=\"868e6fc\" data-element_type=\"widget\" data-e-type=\"widget\" data-widget_type=\"text-editor.default\">\n\t\t\t\t<div class=\"elementor-widget-container\">\n\t\t\t\t\t\t\t\t\t<p>Se quiser viver organicamente em pequena ou grande escala, ent\u00e3o comprar um filtro de \u00e1gua da chuva j\u00e1 \u00e9 um primeiro passo na dire\u00e7\u00e3o certa. Isto filtra a \u00e1gua da chuva, para que possa usar esta \u00e1gua para a sua sanita de descarga, para regar o seu jardim, para tomar banho ou at\u00e9 mesmo para beber. Oferecemos <a href=\"https:\/\/ecosave.com\/regenwater-filteren-tot-drinkbaar-water%e2%80%8b\/\">filtros de \u00e1gua da chuva<\/a> em v\u00e1rios tamanhos, para que haja sempre um filtro adequado para a sua aplica\u00e7\u00e3o. Se desejar, podemos fazer um filtro de chuva personalizado para si. Oferecemos solu\u00e7\u00f5es de alta qualidade, mas a um pre\u00e7o muito razo\u00e1vel.<\/p>\t\t\t\t\t\t\t\t<\/div>\n\t\t\t\t<\/div>\n\t\t\t\t\t<\/div>\n\t\t<\/div>\n\t\t\t\t\t<\/div>\n\t\t<\/section>\n\t\t\t\t\t<\/div>\n\t\t<\/div>\n\t\t\t\t\t<\/div>\n\t\t<\/section>\n\t\t\t\t<section class=\"elementor-section elementor-top-section elementor-element elementor-element-5950680 elementor-section-boxed elementor-section-height-default elementor-section-height-default\" data-id=\"5950680\" data-element_type=\"section\" data-e-type=\"section\">\n\t\t\t\t\t\t<div class=\"elementor-container elementor-column-gap-default\">\n\t\t\t\t\t<div class=\"elementor-column elementor-col-100 elementor-top-column elementor-element elementor-element-09ef5a5\" data-id=\"09ef5a5\" data-element_type=\"column\" data-e-type=\"column\">\n\t\t\t<div class=\"elementor-widget-wrap elementor-element-populated\">\n\t\t\t\t\t\t<div class=\"elementor-element elementor-element-f6ee89d elementor-widget elementor-widget-heading\" data-id=\"f6ee89d\" data-element_type=\"widget\" data-e-type=\"widget\" data-widget_type=\"heading.default\">\n\t\t\t\t<div class=\"elementor-widget-container\">\n\t\t\t\t\t<h3 class=\"elementor-heading-title elementor-size-default\">Obtenha mais informa\u00e7\u00f5es  <\/h3>\t\t\t\t<\/div>\n\t\t\t\t<\/div>\n\t\t\t\t<div class=\"elementor-element elementor-element-1019428 elementor-widget elementor-widget-text-editor\" data-id=\"1019428\" data-element_type=\"widget\" data-e-type=\"widget\" data-widget_type=\"text-editor.default\">\n\t\t\t\t<div class=\"elementor-widget-container\">\n\t\t\t\t\t\t\t\t\t<p>Quer comprar um filtro de \u00e1gua da chuva e\/ou <a href=\"https:\/\/ecosave.com\/regenwatertank-kopen\/\">tanque de \u00e1gua da chuva<\/a> , mas tem d\u00favidas sobre produtos? Ou gostaria de obter mais informa\u00e7\u00f5es sobre uma das nossas outras solu\u00e7\u00f5es Ecosave, como os nossos <a href=\"https:\/\/ecosave.com\/shop\/tinyhouse-kachels\/tiny-house-kachel\/\">pequenos aquecedores dom\u00e9sticos<\/a> ou <a href=\"https:\/\/ecosave.com\/buitentoilet-kopen\/\">sanit\u00e1rios ao ar livre<\/a>? Ligue <a href=\"tel:0031321332038\">para +31 321 332038<\/a> ou envie um e-mail para <a href=\"mailto:info@ecosave.com\">info@ecosave.com<\/a>. Estamos felizes por estar ao seu servi\u00e7o!<\/p>\t\t\t\t\t\t\t\t<\/div>\n\t\t\t\t<\/div>\n\t\t\t\t\t<\/div>\n\t\t<\/div>\n\t\t\t\t\t<\/div>\n\t\t<\/section>\n\t\t\t\t<\/div>\n\t\t","protected":false},"excerpt":{"rendered":"<p>Especialista em sanitas de secagem e compostagem Solu\u00e7\u00f5es de poupan\u00e7a de \u00e1gua e energia Ampla aplicabilidade Comprar filtro de \u00e1gua da chuva Gostaria de comprar um filtro de \u00e1gua da chuva de alta qualidade? A Ecosave, localizada em Biddinghuizen, perto de Lelystad, oferece todo o tipo de solu\u00e7\u00f5es de energia e poupan\u00e7a de \u00e1gua, com [&hellip;]<\/p>\n","protected":false},"author":1,"featured_media":0,"parent":0,"menu_order":0,"comment_status":"closed","ping_status":"closed","template":"","meta":{"_acf_changed":false,"site-sidebar-layout":"no-sidebar","site-content-layout":"page-builder","ast-site-content-layout":"default","site-content-style":"default","site-sidebar-style":"default","ast-global-header-display":"","ast-banner-title-visibility":"","ast-main-header-display":"","ast-hfb-above-header-display":"","ast-hfb-below-header-display":"","ast-hfb-mobile-header-display":"","site-post-title":"disabled","ast-breadcrumbs-content":"","ast-featured-img":"disabled","footer-sml-layout":"","ast-disable-related-posts":"","theme-transparent-header-meta":"default","adv-header-id-meta":"","stick-header-meta":"","header-above-stick-meta":"","header-main-stick-meta":"","header-below-stick-meta":"","astra-migrate-meta-layouts":"default","ast-page-background-enabled":"default","ast-page-background-meta":{"desktop":{"background-color":"","background-image":"","background-repeat":"repeat","background-position":"center center","background-size":"auto","background-attachment":"scroll","background-type":"","background-media":"","overlay-type":"","overlay-color":"","overlay-opacity":"","overlay-gradient":""},"tablet":{"background-color":"","background-image":"","background-repeat":"repeat","background-position":"center center","background-size":"auto","background-attachment":"scroll","background-type":"","background-media":"","overlay-type":"","overlay-color":"","overlay-opacity":"","overlay-gradient":""},"mobile":{"background-color":"","background-image":"","background-repeat":"repeat","background-position":"center center","background-size":"auto","background-attachment":"scroll","background-type":"","background-media":"","overlay-type":"","overlay-color":"","overlay-opacity":"","overlay-gradient":""}},"ast-content-background-meta":{"desktop":{"background-color":"var(--ast-global-color-5)","background-image":"","background-repeat":"repeat","background-position":"center center","background-size":"auto","background-attachment":"scroll","background-type":"","background-media":"","overlay-type":"","overlay-color":"","overlay-opacity":"","overlay-gradient":""},"tablet":{"background-color":"var(--ast-global-color-5)","background-image":"","background-repeat":"repeat","background-position":"center center","background-size":"auto","background-attachment":"scroll","background-type":"","background-media":"","overlay-type":"","overlay-color":"","overlay-opacity":"","overlay-gradient":""},"mobile":{"background-color":"var(--ast-global-color-5)","background-image":"","background-repeat":"repeat","background-position":"center center","background-size":"auto","background-attachment":"scroll","background-type":"","background-media":"","overlay-type":"","overlay-color":"","overlay-opacity":"","overlay-gradient":""}},"footnotes":""},"class_list":["post-22645","page","type-page","status-publish","hentry"],"acf":[],"_links":{"self":[{"href":"https:\/\/ecosave.com\/pt-pt\/wp-json\/wp\/v2\/pages\/22645","targetHints":{"allow":["GET"]}}],"collection":[{"href":"https:\/\/ecosave.com\/pt-pt\/wp-json\/wp\/v2\/pages"}],"about":[{"href":"https:\/\/ecosave.com\/pt-pt\/wp-json\/wp\/v2\/types\/page"}],"author":[{"embeddable":true,"href":"https:\/\/ecosave.com\/pt-pt\/wp-json\/wp\/v2\/users\/1"}],"replies":[{"embeddable":true,"href":"https:\/\/ecosave.com\/pt-pt\/wp-json\/wp\/v2\/comments?post=22645"}],"version-history":[{"count":0,"href":"https:\/\/ecosave.com\/pt-pt\/wp-json\/wp\/v2\/pages\/22645\/revisions"}],"wp:attachment":[{"href":"https:\/\/ecosave.com\/pt-pt\/wp-json\/wp\/v2\/media?parent=22645"}],"curies":[{"name":"wp","href":"https:\/\/api.w.org\/{rel}","templated":true}]}}