{"id":23517,"date":"2020-04-23T14:02:07","date_gmt":"2020-04-23T12:02:07","guid":{"rendered":"https:\/\/ecosave.com\/filtrar-a-agua-da-chuva-em-agua-potavel\/"},"modified":"2022-02-24T16:54:40","modified_gmt":"2022-02-24T15:54:40","slug":"filtrar-a-agua-da-chuva-em-agua-potavel","status":"publish","type":"page","link":"https:\/\/ecosave.com\/pt-pt\/filtrar-a-agua-da-chuva-em-agua-potavel\/","title":{"rendered":"Filtrar a \u00e1gua da chuva em \u00e1gua pot\u00e1vel"},"content":{"rendered":"\t\t<div data-elementor-type=\"wp-page\" data-elementor-id=\"23517\" class=\"elementor elementor-23517\" data-elementor-post-type=\"page\">\n\t\t\t\t\t\t<section class=\"elementor-section elementor-top-section elementor-element elementor-element-7db9998 elementor-section-full_width elementor-section-height-min-height elementor-section-height-default elementor-section-items-middle\" data-id=\"7db9998\" data-element_type=\"section\" data-e-type=\"section\" data-settings=\"{&quot;background_background&quot;:&quot;classic&quot;}\">\n\t\t\t\t\t\t<div class=\"elementor-container elementor-column-gap-default\">\n\t\t\t\t\t<div class=\"elementor-column elementor-col-100 elementor-top-column elementor-element elementor-element-768423a\" data-id=\"768423a\" data-element_type=\"column\" data-e-type=\"column\">\n\t\t\t<div class=\"elementor-widget-wrap elementor-element-populated\">\n\t\t\t\t\t\t<div class=\"elementor-element elementor-element-84bb55c elementor-widget elementor-widget-heading\" data-id=\"84bb55c\" data-element_type=\"widget\" data-e-type=\"widget\" data-widget_type=\"heading.default\">\n\t\t\t\t<div class=\"elementor-widget-container\">\n\t\t\t\t\t<h1 class=\"elementor-heading-title elementor-size-xxl\">Filtrar a \u00e1gua da chuva em \u00e1gua pot\u00e1vel<\/h1>\t\t\t\t<\/div>\n\t\t\t\t<\/div>\n\t\t\t\t\t<\/div>\n\t\t<\/div>\n\t\t\t\t\t<\/div>\n\t\t<\/section>\n\t\t\t\t<section class=\"elementor-section elementor-top-section elementor-element elementor-element-3029e91 elementor-section-boxed elementor-section-height-default elementor-section-height-default\" data-id=\"3029e91\" data-element_type=\"section\" data-e-type=\"section\">\n\t\t\t\t\t\t<div class=\"elementor-container elementor-column-gap-default\">\n\t\t\t\t\t<div class=\"elementor-column elementor-col-50 elementor-top-column elementor-element elementor-element-5c21221\" data-id=\"5c21221\" data-element_type=\"column\" data-e-type=\"column\">\n\t\t\t<div class=\"elementor-widget-wrap elementor-element-populated\">\n\t\t\t\t\t\t<div class=\"elementor-element elementor-element-649a93f elementor-widget elementor-widget-heading\" data-id=\"649a93f\" data-element_type=\"widget\" data-e-type=\"widget\" data-widget_type=\"heading.default\">\n\t\t\t\t<div class=\"elementor-widget-container\">\n\t\t\t\t\t<h2 class=\"elementor-heading-title elementor-size-default\">Banho maravilhosamente macio e seguro e \u00e1gua de banho<\/h2>\t\t\t\t<\/div>\n\t\t\t\t<\/div>\n\t\t\t\t<div class=\"elementor-element elementor-element-5479bbc elementor-widget elementor-widget-text-editor\" data-id=\"5479bbc\" data-element_type=\"widget\" data-e-type=\"widget\" data-widget_type=\"text-editor.default\">\n\t\t\t\t<div class=\"elementor-widget-container\">\n\t\t\t\t\t\t\t\t\t<p>E se houver uma maneira de poder usar <span style=\"text-decoration: underline;\">\u00e1gua da chuva<\/span> \/ <span style=\"text-decoration: underline;\">\u00e1gua da chuva<\/span> n\u00e3o s\u00f3 para regar o seu jardim, mas tamb\u00e9m para tomar banho ou beber com essa \u00e1gua, n\u00e3o seria bom?<\/p><p>E se eu te disser que \u00e9 poss\u00edvel?<\/p><p><span style=\"text-decoration: underline;\">Recolher \u00e1gua da chuva<\/span> para poder tomar banho ou at\u00e9 mesmo sentar-se na banheira.<\/p><p><strong>Mas isso n\u00e3o \u00e9 mau para ti por causa de todas as bact\u00e9rias?<\/strong><\/p><p><em>N\u00e3o, a \u00e1gua da chuva em si \u00e9 oficialmente \u00e1gua pura, t\u00e3o livre de subst\u00e2ncias nocivas e cal. No momento em que atinge o ch\u00e3o, o telhado torna-se &#8220;sujo&#8221; com bact\u00e9rias e minerais.  <\/em><\/p><p>O sistema de microfiltra\u00e7\u00e3o da Ecosave, com filtro de membrana \u00e9 um bom sistema de purifica\u00e7\u00e3o e oferece uma forma simples e segura de filtrar <span style=\"text-decoration: underline;\">\u00e1gua da chuva\/\u00e1gua da chuva<\/span> recolhida em chuveiro\/banho limpo e at\u00e9 \u00e1gua pot\u00e1vel.<\/p>\t\t\t\t\t\t\t\t<\/div>\n\t\t\t\t<\/div>\n\t\t\t\t\t<\/div>\n\t\t<\/div>\n\t\t\t\t<div class=\"elementor-column elementor-col-50 elementor-top-column elementor-element elementor-element-b62a518\" data-id=\"b62a518\" data-element_type=\"column\" data-e-type=\"column\">\n\t\t\t<div class=\"elementor-widget-wrap elementor-element-populated\">\n\t\t\t\t\t\t<div class=\"elementor-element elementor-element-19360df elementor-widget elementor-widget-image\" data-id=\"19360df\" data-element_type=\"widget\" data-e-type=\"widget\" data-widget_type=\"image.default\">\n\t\t\t\t<div class=\"elementor-widget-container\">\n\t\t\t\t\t\t\t\t\t\t\t\t\t\t\t<img fetchpriority=\"high\" decoding=\"async\" width=\"1024\" height=\"1024\" src=\"https:\/\/ecosave.com\/wp-content\/uploads\/2019\/09\/bigImage_670678963-1024x1024.jpg\" class=\"attachment-large size-large wp-image-37252\" alt=\"\" srcset=\"https:\/\/ecosave.com\/wp-content\/uploads\/2019\/09\/bigImage_670678963-1024x1024.jpg.webp 1024w, https:\/\/ecosave.com\/wp-content\/uploads\/2019\/09\/bigImage_670678963-150x150.jpg.webp 150w, https:\/\/ecosave.com\/wp-content\/uploads\/2019\/09\/bigImage_670678963-300x300.jpg.webp 300w, https:\/\/ecosave.com\/wp-content\/uploads\/2019\/09\/bigImage_670678963-768x768.jpg.webp 768w, https:\/\/ecosave.com\/wp-content\/uploads\/2019\/09\/bigImage_670678963-600x600.jpg.webp 600w, https:\/\/ecosave.com\/wp-content\/uploads\/2019\/09\/bigImage_670678963-100x100.jpg.webp 100w, https:\/\/ecosave.com\/wp-content\/uploads\/2019\/09\/bigImage_670678963.jpg.webp 924w\" sizes=\"(max-width: 1024px) 100vw, 1024px\">\t\t\t\t\t\t\t\t\t\t\t\t\t\t\t<\/div>\n\t\t\t\t<\/div>\n\t\t\t\t\t<\/div>\n\t\t<\/div>\n\t\t\t\t\t<\/div>\n\t\t<\/section>\n\t\t\t\t<section class=\"elementor-section elementor-top-section elementor-element elementor-element-904cab0 elementor-section-boxed elementor-section-height-default elementor-section-height-default\" data-id=\"904cab0\" data-element_type=\"section\" data-e-type=\"section\">\n\t\t\t\t\t\t<div class=\"elementor-container elementor-column-gap-default\">\n\t\t\t\t\t<div class=\"elementor-column elementor-col-50 elementor-top-column elementor-element elementor-element-65b3378\" data-id=\"65b3378\" data-element_type=\"column\" data-e-type=\"column\">\n\t\t\t<div class=\"elementor-widget-wrap elementor-element-populated\">\n\t\t\t\t\t\t<div class=\"elementor-element elementor-element-b68fd56 elementor-widget elementor-widget-image\" data-id=\"b68fd56\" data-element_type=\"widget\" data-e-type=\"widget\" data-widget_type=\"image.default\">\n\t\t\t\t<div class=\"elementor-widget-container\">\n\t\t\t\t\t\t\t\t\t\t\t\t\t\t\t<img decoding=\"async\" src=\"https:\/\/ecosave.com\/wp-content\/uploads\/2020\/04\/Micro-filtratie-systeem-Basic-Plus-met-membraam-scaled.jpg\" title=\"\" alt=\"\" loading=\"lazy\">\t\t\t\t\t\t\t\t\t\t\t\t\t\t\t<\/div>\n\t\t\t\t<\/div>\n\t\t\t\t\t<\/div>\n\t\t<\/div>\n\t\t\t\t<div class=\"elementor-column elementor-col-50 elementor-top-column elementor-element elementor-element-561a88a\" data-id=\"561a88a\" data-element_type=\"column\" data-e-type=\"column\">\n\t\t\t<div class=\"elementor-widget-wrap elementor-element-populated\">\n\t\t\t\t\t\t<div class=\"elementor-element elementor-element-684171d elementor-widget elementor-widget-heading\" data-id=\"684171d\" data-element_type=\"widget\" data-e-type=\"widget\" data-widget_type=\"heading.default\">\n\t\t\t\t<div class=\"elementor-widget-container\">\n\t\t\t\t\t<h2 class=\"elementor-heading-title elementor-size-default\">O filtro de membrana e o seu funcionamento<\/h2>\t\t\t\t<\/div>\n\t\t\t\t<\/div>\n\t\t\t\t<div class=\"elementor-element elementor-element-edf44a3 elementor-widget elementor-widget-text-editor\" data-id=\"edf44a3\" data-element_type=\"widget\" data-e-type=\"widget\" data-widget_type=\"text-editor.default\">\n\t\t\t\t<div class=\"elementor-widget-container\">\n\t\t\t\t\t\t\t\t\t<p>Pode purificar muitas concentra\u00e7\u00f5es de subst\u00e2ncias m\u00e1s com este filtro. O filtro purifica a <span style=\"text-decoration: underline;\">\u00e1gua da chuva<\/span> para uma fina de 0,02 mcr.  <\/p><p>Aqui n\u00e3o s\u00f3 s\u00e3o removidas part\u00edculas de poeira muito pequenas, como tamb\u00e9m bact\u00e9rias como Legionella, E-coli, Pseudomonas e Protozoa.<\/p>\t\t\t\t\t\t\t\t<\/div>\n\t\t\t\t<\/div>\n\t\t\t\t<div class=\"elementor-element elementor-element-932f9c5 elementor-widget elementor-widget-text-editor\" data-id=\"932f9c5\" data-element_type=\"widget\" data-e-type=\"widget\" data-widget_type=\"text-editor.default\">\n\t\t\t\t<div class=\"elementor-widget-container\">\n\t\t\t\t\t\t\t\t\t<p>O funcionamento dos <span style=\"text-decoration: underline;\">5 filtros<\/span> segue-se;<\/p><ul><li><span><strong style=\"font-size: 15px;\">Passo 1<\/strong><span style=\"font-size: 15px;\">: <\/span><span style=\"text-decoration: underline;\">o filtro &#8216;Backwash&#8217;,<\/span><span style=\"font-size: 15px;\"> filtra as subst\u00e2ncias mais grossas, tais como areia, ferrugem, etc. \u00c9 f\u00e1cil de enxaguar, abrindo a torneira por baixo do filtro (balde por baixo) <\/span> <\/span><\/li><li><span style=\"font-size: 15px;\"><strong>Passo 2:<\/strong> <\/span> <span style=\"font-size: 15px;\"><span style=\"text-decoration: underline;\">o filtro de tecido de 25 micron.<\/span> Purifica a \u00e1gua de subst\u00e2ncias ainda mais pequenas.<\/span> <\/li><li><strong>Passo 3:<\/strong> <span style=\"text-decoration: underline;\">o filtro de carbono ativado de 10 micron<\/span>. O carbono ativado nele contido remove muitas part\u00edculas \/subst\u00e2ncias diferentes (potencialmente nocivas) da \u00e1gua e tamb\u00e9m qualquer cheiro e sabor da \u00e1gua.  <\/li><li><strong>\n  <span style=\"text-decoration: underline;\">Passo 4:<\/span>\n<\/strong> o <span style=\"text-decoration: underline;\">filtro fino de 5 m\u00edcrones<\/span>, ainda mais fino. Isto purifica a \u00e1gua das part\u00edculas poluentes muito pequenas, fazendo com que a \u00e1gua pare\u00e7a agrad\u00e1vel e l\u00edmpido. Agora j\u00e1 \u00e9 adequado para o chuveiro e m\u00e1quina de lavar roupa. Aqui pode colocar uma pe\u00e7a T, 1. para tomar banho e m\u00e1quina de lavar roupa 2\u00ba para a cozinha ou 5\u00ba filtro de membrana. &#8211;  <\/li><li><strong>5\u00ba Passo:<\/strong> <span style=\"text-decoration: underline;\">o filtro carbono\/membrana<\/span> <span style=\"text-decoration: underline;\">0,02 micr<\/span>. que n\u00e3o s\u00f3 purifica a \u00e1gua de sedimentos finos, mas tamb\u00e9m de cloro e outras subst\u00e2ncias e bact\u00e9rias, como a legionella. Garantia para \u00e1gua pot\u00e1vel! Sem energia extra, j\u00e1 n\u00e3o \u00e9 necess\u00e1ria l\u00e2mpada UV!<\/li><\/ul>\t\t\t\t\t\t\t\t<\/div>\n\t\t\t\t<\/div>\n\t\t\t\t\t<\/div>\n\t\t<\/div>\n\t\t\t\t\t<\/div>\n\t\t<\/section>\n\t\t\t\t<section class=\"elementor-section elementor-top-section elementor-element elementor-element-aeb842e elementor-section-boxed elementor-section-height-default elementor-section-height-default\" data-id=\"aeb842e\" data-element_type=\"section\" data-e-type=\"section\">\n\t\t\t\t\t\t<div class=\"elementor-container elementor-column-gap-default\">\n\t\t\t\t\t<div class=\"elementor-column elementor-col-50 elementor-top-column elementor-element elementor-element-26a5913\" data-id=\"26a5913\" data-element_type=\"column\" data-e-type=\"column\">\n\t\t\t<div class=\"elementor-widget-wrap elementor-element-populated\">\n\t\t\t\t\t\t<div class=\"elementor-element elementor-element-304bb0f elementor-widget elementor-widget-heading\" data-id=\"304bb0f\" data-element_type=\"widget\" data-e-type=\"widget\" data-widget_type=\"heading.default\">\n\t\t\t\t<div class=\"elementor-widget-container\">\n\t\t\t\t\t<h2 class=\"elementor-heading-title elementor-size-default\">Economia de custos com \u00e1gua da chuva<\/h2>\t\t\t\t<\/div>\n\t\t\t\t<\/div>\n\t\t\t\t<div class=\"elementor-element elementor-element-17a32c4 elementor-widget elementor-widget-text-editor\" data-id=\"17a32c4\" data-element_type=\"widget\" data-e-type=\"widget\" data-widget_type=\"text-editor.default\">\n\t\t\t\t<div class=\"elementor-widget-container\">\n\t\t\t\t\t\t\t\t\t<p>Com<span style=\"text-decoration: underline;\"> \u00e1gua da chuva\/ \u00e1gua da chuva<\/span> e este sistema de microfiltra\u00e7\u00e3o de 5 fases da Ecosave, voc\u00ea pode usar a \u00e1gua para diferentes coisas na casa ou jardim. Isto permite-lhe <strong>economizar<\/strong> at\u00e9 <strong>100%<\/strong> na sua torneira\/\u00e1gua pot\u00e1vel, facilmente 45.000L por pessoa por ano. Em m\u00e9dia, pode economizar cerca de 135\u20ac, p\/pessoa\/por ano, n\u00e3o \u00e9 assim t\u00e3o bom?&#8230;&#8230;. <\/p><p>Tamb\u00e9m \u00e9 usado em casas min\u00fasculas fora da rede. Certifique-se de que o tanque de \u00e1gua da chuva\/\u00e1gua da chuva \u00e9 grande o suficiente, pelo menos 1500L por pessoa, e depois faz a ponte com um per\u00edodo seco.  <\/p>\t\t\t\t\t\t\t\t<\/div>\n\t\t\t\t<\/div>\n\t\t\t\t\t<\/div>\n\t\t<\/div>\n\t\t\t\t<div class=\"elementor-column elementor-col-50 elementor-top-column elementor-element elementor-element-c7983e3\" data-id=\"c7983e3\" data-element_type=\"column\" data-e-type=\"column\">\n\t\t\t<div class=\"elementor-widget-wrap elementor-element-populated\">\n\t\t\t\t\t\t<div class=\"elementor-element elementor-element-64054dc elementor-widget elementor-widget-image\" data-id=\"64054dc\" data-element_type=\"widget\" data-e-type=\"widget\" data-widget_type=\"image.default\">\n\t\t\t\t<div class=\"elementor-widget-container\">\n\t\t\t\t\t\t\t\t\t\t\t\t\t\t\t<img decoding=\"async\" width=\"234\" height=\"216\" src=\"https:\/\/ecosave.com\/wp-content\/uploads\/2020\/04\/waterbesparing.png\" class=\"attachment-large size-large wp-image-40157\" alt=\"\" srcset=\"https:\/\/ecosave.com\/wp-content\/uploads\/2020\/04\/waterbesparing.png 234w, https:\/\/ecosave.com\/wp-content\/uploads\/2020\/04\/waterbesparing-64x59.png.webp 64w\" sizes=\"(max-width: 234px) 100vw, 234px\">\t\t\t\t\t\t\t\t\t\t\t\t\t\t\t<\/div>\n\t\t\t\t<\/div>\n\t\t\t\t\t<\/div>\n\t\t<\/div>\n\t\t\t\t\t<\/div>\n\t\t<\/section>\n\t\t\t\t<section class=\"elementor-section elementor-top-section elementor-element elementor-element-9ebcab3 elementor-section-boxed elementor-section-height-default elementor-section-height-default\" data-id=\"9ebcab3\" data-element_type=\"section\" data-e-type=\"section\">\n\t\t\t\t\t\t<div class=\"elementor-container elementor-column-gap-default\">\n\t\t\t\t\t<div class=\"elementor-column elementor-col-50 elementor-top-column elementor-element elementor-element-4c0b6e3\" data-id=\"4c0b6e3\" data-element_type=\"column\" data-e-type=\"column\">\n\t\t\t<div class=\"elementor-widget-wrap elementor-element-populated\">\n\t\t\t\t\t\t<div class=\"elementor-element elementor-element-9f59c95 elementor-widget elementor-widget-image\" data-id=\"9f59c95\" data-element_type=\"widget\" data-e-type=\"widget\" data-widget_type=\"image.default\">\n\t\t\t\t<div class=\"elementor-widget-container\">\n\t\t\t\t\t\t\t\t\t\t\t\t\t\t\t<img decoding=\"async\" width=\"150\" height=\"150\" src=\"https:\/\/ecosave.com\/wp-content\/uploads\/2020\/04\/download-4.jpeg\" class=\"attachment-full size-full wp-image-40192\" alt=\"\" srcset=\"https:\/\/ecosave.com\/wp-content\/uploads\/2020\/04\/download-4.jpeg.webp 150w, https:\/\/ecosave.com\/wp-content\/uploads\/2020\/04\/download-4-100x100.jpeg.webp 100w, https:\/\/ecosave.com\/wp-content\/uploads\/2020\/04\/download-4-64x64.jpeg.webp 64w\" sizes=\"(max-width: 150px) 100vw, 150px\">\t\t\t\t\t\t\t\t\t\t\t\t\t\t\t<\/div>\n\t\t\t\t<\/div>\n\t\t\t\t\t<\/div>\n\t\t<\/div>\n\t\t\t\t<div class=\"elementor-column elementor-col-50 elementor-top-column elementor-element elementor-element-0ef16dd\" data-id=\"0ef16dd\" data-element_type=\"column\" data-e-type=\"column\">\n\t\t\t<div class=\"elementor-widget-wrap elementor-element-populated\">\n\t\t\t\t\t\t<div class=\"elementor-element elementor-element-d40b7f2 elementor-widget elementor-widget-heading\" data-id=\"d40b7f2\" data-element_type=\"widget\" data-e-type=\"widget\" data-widget_type=\"heading.default\">\n\t\t\t\t<div class=\"elementor-widget-container\">\n\t\t\t\t\t<h2 class=\"elementor-heading-title elementor-size-default\">Quanto tempo duram estes filtros?<\/h2>\t\t\t\t<\/div>\n\t\t\t\t<\/div>\n\t\t\t\t<div class=\"elementor-element elementor-element-a1e677f elementor-widget elementor-widget-text-editor\" data-id=\"a1e677f\" data-element_type=\"widget\" data-e-type=\"widget\" data-widget_type=\"text-editor.default\">\n\t\t\t\t<div class=\"elementor-widget-container\">\n\t\t\t\t\t\t\t\t\t<p>N\u00e3o foi dada uma resposta clara sobre quando ir\u00e3o acabar. Depende de qu\u00e3o mal o fornecimento de \u00e1gua est\u00e1 contaminado. \u00c9 por isso que os filtros s\u00e3o fornecidos com caixas transl\u00facidas, para que possa sempre ficar atento ao qu\u00e3o maus os filtros parecem.<\/p><p>Em m\u00e9dia duram cerca de 10.000L, mas se a \u00e1gua da chuva estiver muito limpa tamb\u00e9m pode ser de 25.000L. Os filtros n\u00e3o s\u00e3o caros e podem ser encomendados online no site Ecosave.com.<\/p><p><strong>Pode limpar isto sozinho ou precisa substitu\u00ed-lo?<\/strong><\/p><p><em>Pode limpar os filtros o 1\u00ba x enxaguando ou utilizando uma esponja e \u00e1gua morna. Mas se o filtro j\u00e1 n\u00e3o funcionar ap\u00f3s a limpeza, encomende um filtro novo.<\/em><\/p>\t\t\t\t\t\t\t\t<\/div>\n\t\t\t\t<\/div>\n\t\t\t\t\t<\/div>\n\t\t<\/div>\n\t\t\t\t\t<\/div>\n\t\t<\/section>\n\t\t\t\t<section class=\"elementor-section elementor-top-section elementor-element elementor-element-787fdc1 elementor-section-boxed elementor-section-height-default elementor-section-height-default\" data-id=\"787fdc1\" data-element_type=\"section\" data-e-type=\"section\">\n\t\t\t\t\t\t<div class=\"elementor-container elementor-column-gap-default\">\n\t\t\t\t\t<div class=\"elementor-column elementor-col-100 elementor-top-column elementor-element elementor-element-659559b\" data-id=\"659559b\" data-element_type=\"column\" data-e-type=\"column\">\n\t\t\t<div class=\"elementor-widget-wrap elementor-element-populated\">\n\t\t\t\t\t\t<div class=\"elementor-element elementor-element-f2e75b2 elementor-button-success elementor-align-center elementor-widget elementor-widget-button\" data-id=\"f2e75b2\" data-element_type=\"widget\" data-e-type=\"widget\" data-widget_type=\"button.default\">\n\t\t\t\t<div class=\"elementor-widget-container\">\n\t\t\t\t\t\t\t\t\t<div class=\"elementor-button-wrapper\">\n\t\t\t\t\t<a class=\"elementor-button elementor-button-link elementor-size-sm\" href=\"https:\/\/ecosave.com\/product-categorie\/regenwater\/\">\n\t\t\t\t\t\t<span class=\"elementor-button-content-wrapper\">\n\t\t\t\t\t\t\t\t\t<span class=\"elementor-button-text\">V\u00e1 \u00e0 loja.<\/span>\n\t\t\t\t\t<\/span>\n\t\t\t\t\t<\/a>\n\t\t\t\t<\/div>\n\t\t\t\t\t\t\t\t<\/div>\n\t\t\t\t<\/div>\n\t\t\t\t<div class=\"elementor-element elementor-element-a4324f0 elementor-hidden-phone elementor-widget elementor-widget-video\" data-id=\"a4324f0\" data-element_type=\"widget\" data-e-type=\"widget\" data-settings=\"{&quot;youtube_url&quot;:&quot;https:\\\/\\\/youtu.be\\\/h1eJ80lOE3o&quot;,&quot;loop&quot;:&quot;yes&quot;,&quot;lazy_load&quot;:&quot;yes&quot;,&quot;video_type&quot;:&quot;youtube&quot;}\" data-widget_type=\"video.default\">\n\t\t\t\t<div class=\"elementor-widget-container\">\n\t\t\t\t\t\t\t<div class=\"elementor-wrapper elementor-open-inline\">\n\t\t\t<div class=\"elementor-video\"><\/div>\t\t<\/div>\n\t\t\t\t\t\t<\/div>\n\t\t\t\t<\/div>\n\t\t\t\t\t<\/div>\n\t\t<\/div>\n\t\t\t\t\t<\/div>\n\t\t<\/section>\n\t\t\t\t<section class=\"elementor-section elementor-top-section elementor-element elementor-element-1f4befa elementor-section-boxed elementor-section-height-default elementor-section-height-default\" data-id=\"1f4befa\" data-element_type=\"section\" data-e-type=\"section\">\n\t\t\t\t\t\t<div class=\"elementor-container elementor-column-gap-default\">\n\t\t\t\t\t<div class=\"elementor-column elementor-col-100 elementor-top-column elementor-element elementor-element-4b38cf5\" data-id=\"4b38cf5\" data-element_type=\"column\" data-e-type=\"column\">\n\t\t\t<div class=\"elementor-widget-wrap elementor-element-populated\">\n\t\t\t\t\t\t<div class=\"elementor-element elementor-element-8738afa elementor-hidden-phone elementor-widget elementor-widget-spacer\" data-id=\"8738afa\" data-element_type=\"widget\" data-e-type=\"widget\" data-widget_type=\"spacer.default\">\n\t\t\t\t<div class=\"elementor-widget-container\">\n\t\t\t\t\t\t\t<div class=\"elementor-spacer\">\n\t\t\t<div class=\"elementor-spacer-inner\"><\/div>\n\t\t<\/div>\n\t\t\t\t\t\t<\/div>\n\t\t\t\t<\/div>\n\t\t\t\t\t<\/div>\n\t\t<\/div>\n\t\t\t\t\t<\/div>\n\t\t<\/section>\n\t\t\t\t<\/div>\n\t\t","protected":false},"excerpt":{"rendered":"<p>Filtrar a \u00e1gua da chuva em \u00e1gua pot\u00e1vel Banho maravilhosamente macio e seguro e \u00e1gua de banho E se houver uma maneira de poder usar \u00e1gua da chuva \/ \u00e1gua da chuva n\u00e3o s\u00f3 para regar o seu jardim, mas tamb\u00e9m para tomar banho ou beber com essa \u00e1gua, n\u00e3o seria bom? E se eu [&hellip;]<\/p>\n","protected":false},"author":1,"featured_media":0,"parent":0,"menu_order":0,"comment_status":"closed","ping_status":"closed","template":"","meta":{"_acf_changed":false,"site-sidebar-layout":"no-sidebar","site-content-layout":"page-builder","ast-site-content-layout":"default","site-content-style":"default","site-sidebar-style":"default","ast-global-header-display":"","ast-banner-title-visibility":"","ast-main-header-display":"","ast-hfb-above-header-display":"","ast-hfb-below-header-display":"","ast-hfb-mobile-header-display":"","site-post-title":"disabled","ast-breadcrumbs-content":"","ast-featured-img":"disabled","footer-sml-layout":"","ast-disable-related-posts":"","theme-transparent-header-meta":"default","adv-header-id-meta":"","stick-header-meta":"","header-above-stick-meta":"","header-main-stick-meta":"","header-below-stick-meta":"","astra-migrate-meta-layouts":"default","ast-page-background-enabled":"default","ast-page-background-meta":{"desktop":{"background-color":"","background-image":"","background-repeat":"repeat","background-position":"center center","background-size":"auto","background-attachment":"scroll","background-type":"","background-media":"","overlay-type":"","overlay-color":"","overlay-opacity":"","overlay-gradient":""},"tablet":{"background-color":"","background-image":"","background-repeat":"repeat","background-position":"center center","background-size":"auto","background-attachment":"scroll","background-type":"","background-media":"","overlay-type":"","overlay-color":"","overlay-opacity":"","overlay-gradient":""},"mobile":{"background-color":"","background-image":"","background-repeat":"repeat","background-position":"center center","background-size":"auto","background-attachment":"scroll","background-type":"","background-media":"","overlay-type":"","overlay-color":"","overlay-opacity":"","overlay-gradient":""}},"ast-content-background-meta":{"desktop":{"background-color":"var(--ast-global-color-5)","background-image":"","background-repeat":"repeat","background-position":"center center","background-size":"auto","background-attachment":"scroll","background-type":"","background-media":"","overlay-type":"","overlay-color":"","overlay-opacity":"","overlay-gradient":""},"tablet":{"background-color":"var(--ast-global-color-5)","background-image":"","background-repeat":"repeat","background-position":"center center","background-size":"auto","background-attachment":"scroll","background-type":"","background-media":"","overlay-type":"","overlay-color":"","overlay-opacity":"","overlay-gradient":""},"mobile":{"background-color":"var(--ast-global-color-5)","background-image":"","background-repeat":"repeat","background-position":"center center","background-size":"auto","background-attachment":"scroll","background-type":"","background-media":"","overlay-type":"","overlay-color":"","overlay-opacity":"","overlay-gradient":""}},"footnotes":""},"class_list":["post-23517","page","type-page","status-publish","hentry"],"acf":[],"_links":{"self":[{"href":"https:\/\/ecosave.com\/pt-pt\/wp-json\/wp\/v2\/pages\/23517","targetHints":{"allow":["GET"]}}],"collection":[{"href":"https:\/\/ecosave.com\/pt-pt\/wp-json\/wp\/v2\/pages"}],"about":[{"href":"https:\/\/ecosave.com\/pt-pt\/wp-json\/wp\/v2\/types\/page"}],"author":[{"embeddable":true,"href":"https:\/\/ecosave.com\/pt-pt\/wp-json\/wp\/v2\/users\/1"}],"replies":[{"embeddable":true,"href":"https:\/\/ecosave.com\/pt-pt\/wp-json\/wp\/v2\/comments?post=23517"}],"version-history":[{"count":0,"href":"https:\/\/ecosave.com\/pt-pt\/wp-json\/wp\/v2\/pages\/23517\/revisions"}],"wp:attachment":[{"href":"https:\/\/ecosave.com\/pt-pt\/wp-json\/wp\/v2\/media?parent=23517"}],"curies":[{"name":"wp","href":"https:\/\/api.w.org\/{rel}","templated":true}]}}